{"id":2900,"date":"2025-09-24T08:49:11","date_gmt":"2025-09-24T08:49:11","guid":{"rendered":"https:\/\/onemoreup.es\/?post_type=product&#038;p=2900"},"modified":"2025-11-03T12:06:46","modified_gmt":"2025-11-03T12:06:46","slug":"the-only-whey-proteina-de-suero-1kg","status":"publish","type":"product","link":"https:\/\/onemoreup.es\/en\/tienda\/the-only-whey-proteina-de-suero-1kg\/","title":{"rendered":"The Only Whey | Whey Protein | 1kg"},"content":{"rendered":"<h3 data-start=\"505\" data-end=\"590\">\ud83c\udfcb\ufe0f\u200d\u2640\ufe0f <strong data-start=\"516\" data-end=\"590\">The Only Whey | Whey Protein Concentrate Powder \u2013 1 kg<\/strong><\/h3>\n<p data-start=\"592\" data-end=\"895\">Enjoy the flavor and quality of <strong data-start=\"627\" data-end=\"644\">The Only Whey<\/strong>, a concentrated whey protein with a smooth texture and perfect dissolution.<br data-start=\"729\" data-end=\"732\" \/>Its formula offers an ideal source of protein for those who follow an active lifestyle and seek to complement their diet in a practical and delicious way.<\/p>\n<p data-start=\"897\" data-end=\"950\">Available in several irresistible flavors \ud83c\udf53\ud83c\udf6b\ud83c\udf6a\ud83c\udf66<\/p>\n<hr data-start=\"952\" data-end=\"955\" \/>\n<p data-start=\"957\" data-end=\"990\">\u2705 <strong data-start=\"959\" data-end=\"990\">Main features<\/strong><\/p>\n<ul data-start=\"991\" data-end=\"1172\">\n<li data-start=\"991\" data-end=\"1037\">\n<p data-start=\"993\" data-end=\"1037\">High-quality whey protein<\/p>\n<\/li>\n<li data-start=\"1038\" data-end=\"1076\">\n<p data-start=\"1040\" data-end=\"1076\">Creamy texture and easy to dissolve<\/p>\n<\/li>\n<li data-start=\"1077\" data-end=\"1106\">\n<p data-start=\"1079\" data-end=\"1106\">Intense and pleasant flavor<\/p>\n<\/li>\n<li data-start=\"1107\" data-end=\"1126\">\n<p data-start=\"1109\" data-end=\"1126\">1 kg per package<\/p>\n<\/li>\n<li data-start=\"1127\" data-end=\"1172\">\n<p data-start=\"1129\" data-end=\"1172\">Ideal for active people and athletes<\/p>\n<\/li>\n<\/ul>\n<hr data-start=\"1174\" data-end=\"1177\" \/>\n<p data-start=\"1179\" data-end=\"1384\">\ud83e\udd64 <strong data-start=\"1182\" data-end=\"1210\">Suggested consumption method<\/strong><br data-start=\"1210\" data-end=\"1213\" \/>Mix 30g of the product with 250ml of water or skimmed milk.<br data-start=\"1275\" data-end=\"1278\" \/>Enjoy it after your workout or at any time of day as part of a balanced diet.<\/p>\n<hr data-start=\"1386\" data-end=\"1389\" \/>\n<p data-start=\"1391\" data-end=\"1410\">\ud83e\uddec <strong data-start=\"1394\" data-end=\"1410\">Ingredients<\/strong><\/p>\n<ul data-start=\"1411\" data-end=\"1583\">\n<li data-start=\"1411\" data-end=\"1456\">\n<p data-start=\"1413\" data-end=\"1456\">Whey protein concentrate<\/p>\n<\/li>\n<li data-start=\"1457\" data-end=\"1485\">\n<p data-start=\"1459\" data-end=\"1485\">Skimmed milk powder<\/p>\n<\/li>\n<li data-start=\"1486\" data-end=\"1562\">\n<p data-start=\"1488\" data-end=\"1562\">Vegetable oils (Medium chain triglycerides MCTs from coconut oil)<\/p>\n<\/li>\n<li data-start=\"1563\" data-end=\"1583\">\n<p data-start=\"1565\" data-end=\"1583\">Natural aromas<\/p>\n<\/li>\n<\/ul>\n<hr data-start=\"1585\" data-end=\"1588\" \/>\n<p data-start=\"1590\" data-end=\"1646\">\ud83d\udce6 <strong data-start=\"1593\" data-end=\"1614\">Delivery time:<\/strong> 1-3 business days with MRW<\/p>\n<hr data-start=\"1726\" data-end=\"1729\" \/>\n<p data-start=\"1731\" data-end=\"1788\">\ud83d\udce6 <strong data-start=\"1734\" data-end=\"1786\">Delivery time: 1 to 3 business days with MRW.<\/strong><\/p>\n<p>&nbsp;<\/p>","protected":false},"excerpt":{"rendered":"<p>\ud83c\udfcb\ufe0f\u200d\u2640\ufe0f The Only Whey | Prote\u00edna Concentrada de Suero de Leche en Polvo \u2013 1 kg Disfruta del sabor y la calidad de The Only Whey, una prote\u00edna concentrada de suero de leche con textura suave y disoluci\u00f3n perfecta.Su f\u00f3rmula ofrece una fuente de prote\u00ednas ideal para quienes siguen un estilo de vida activo y [&hellip;]<\/p>\n","protected":false},"featured_media":2901,"comment_status":"open","ping_status":"closed","template":"","meta":[],"product_brand":[],"product_cat":[18,158],"product_tag":[],"class_list":{"0":"post-2900","1":"product","2":"type-product","3":"status-publish","4":"has-post-thumbnail","6":"product_cat-complementacion-alimentaria","7":"product_cat-proteinas","9":"first","10":"instock","11":"taxable","12":"shipping-taxable","13":"purchasable","14":"product-type-variable"},"aioseo_notices":[],"_links":{"self":[{"href":"https:\/\/onemoreup.es\/en\/wp-json\/wp\/v2\/product\/2900","targetHints":{"allow":["GET"]}}],"collection":[{"href":"https:\/\/onemoreup.es\/en\/wp-json\/wp\/v2\/product"}],"about":[{"href":"https:\/\/onemoreup.es\/en\/wp-json\/wp\/v2\/types\/product"}],"replies":[{"embeddable":true,"href":"https:\/\/onemoreup.es\/en\/wp-json\/wp\/v2\/comments?post=2900"}],"wp:featuredmedia":[{"embeddable":true,"href":"https:\/\/onemoreup.es\/en\/wp-json\/wp\/v2\/media\/2901"}],"wp:attachment":[{"href":"https:\/\/onemoreup.es\/en\/wp-json\/wp\/v2\/media?parent=2900"}],"wp:term":[{"taxonomy":"product_brand","embeddable":true,"href":"https:\/\/onemoreup.es\/en\/wp-json\/wp\/v2\/product_brand?post=2900"},{"taxonomy":"product_cat","embeddable":true,"href":"https:\/\/onemoreup.es\/en\/wp-json\/wp\/v2\/product_cat?post=2900"},{"taxonomy":"product_tag","embeddable":true,"href":"https:\/\/onemoreup.es\/en\/wp-json\/wp\/v2\/product_tag?post=2900"}],"curies":[{"name":"wp","href":"https:\/\/api.w.org\/{rel}","templated":true}]}}