{"id":2909,"date":"2025-09-24T08:49:34","date_gmt":"2025-09-24T08:49:34","guid":{"rendered":"https:\/\/onemoreup.es\/?post_type=product&#038;p=2909"},"modified":"2025-11-03T12:04:44","modified_gmt":"2025-11-03T12:04:44","slug":"the-only-whey-proteina-de-suero-2-kg","status":"publish","type":"product","link":"https:\/\/onemoreup.es\/en\/tienda\/the-only-whey-proteina-de-suero-2-kg\/","title":{"rendered":"The Only Whey | Whey Protein | 2 kg"},"content":{"rendered":"<h3 data-start=\"568\" data-end=\"642\">\ud83c\udfcb\ufe0f\u200d\u2642\ufe0f The Only Whey | Whey Protein Concentrate \u2013 2 kg<\/h3>\n<p data-start=\"644\" data-end=\"937\">Enjoy the flavor and quality of <strong data-start=\"679\" data-end=\"696\">The Only Whey<\/strong>, a concentrated whey protein with a smooth texture and perfect dissolution.<br data-start=\"789\" data-end=\"792\" \/>Its formula offers an excellent source of protein for those looking to supplement their daily diet within an active lifestyle.<\/p>\n<p data-start=\"939\" data-end=\"1008\">Available in a wide variety of irresistible flavors \ud83c\udf53\ud83c\udf6b\ud83c\udf6a\ud83c\udf66<\/p>\n<hr data-start=\"1010\" data-end=\"1013\" \/>\n<p data-start=\"1015\" data-end=\"1050\">\u2705 <strong data-start=\"1017\" data-end=\"1048\">Main features<\/strong><\/p>\n<ul data-start=\"1051\" data-end=\"1237\">\n<li data-start=\"1051\" data-end=\"1109\">\n<p data-start=\"1053\" data-end=\"1109\">High-quality whey protein concentrate<\/p>\n<\/li>\n<li data-start=\"1110\" data-end=\"1146\">\n<p data-start=\"1112\" data-end=\"1146\">Intense flavor and easy dissolution<\/p>\n<\/li>\n<li data-start=\"1147\" data-end=\"1178\">\n<p data-start=\"1149\" data-end=\"1178\">Creamy and pleasant texture<\/p>\n<\/li>\n<li data-start=\"1179\" data-end=\"1217\">\n<p data-start=\"1181\" data-end=\"1217\">Suitable for mixing with water or milk<\/p>\n<\/li>\n<li data-start=\"1218\" data-end=\"1237\">\n<p data-start=\"1220\" data-end=\"1237\">2 kg per package<\/p>\n<\/li>\n<\/ul>\n<hr data-start=\"1239\" data-end=\"1242\" \/>\n<p data-start=\"1244\" data-end=\"1457\">\ud83e\udd64 <strong data-start=\"1247\" data-end=\"1275\">Suggested consumption method<\/strong><br data-start=\"1275\" data-end=\"1278\" \/>Mix 30g of the product with 250ml of water or skimmed milk.<br data-start=\"1340\" data-end=\"1343\" \/>You can take it after your workouts or at any time of day as part of a balanced diet.<\/p>\n<hr data-start=\"1459\" data-end=\"1462\" \/>\n<p data-start=\"1464\" data-end=\"1485\">\ud83e\uddec <strong data-start=\"1467\" data-end=\"1483\">Ingredients<\/strong><\/p>\n<ul data-start=\"1486\" data-end=\"1658\">\n<li data-start=\"1486\" data-end=\"1531\">\n<p data-start=\"1488\" data-end=\"1531\">Whey protein concentrate<\/p>\n<\/li>\n<li data-start=\"1532\" data-end=\"1560\">\n<p data-start=\"1534\" data-end=\"1560\">Skimmed milk powder<\/p>\n<\/li>\n<li data-start=\"1561\" data-end=\"1637\">\n<p data-start=\"1563\" data-end=\"1637\">Vegetable oils (Medium chain triglycerides MCTs from coconut oil)<\/p>\n<\/li>\n<li data-start=\"1638\" data-end=\"1658\">\n<p data-start=\"1640\" data-end=\"1658\">Natural aromas<\/p>\n<\/li>\n<\/ul>\n<hr data-start=\"1660\" data-end=\"1663\" \/>\n<p data-start=\"1665\" data-end=\"1719\">\ud83d\udce6 <strong data-start=\"1668\" data-end=\"1689\">Delivery time:<\/strong> 1\u20133 business days with MRW<\/p>\n<hr data-start=\"1726\" data-end=\"1729\" \/>\n<p data-start=\"1731\" data-end=\"1788\">\n<p>&nbsp;<\/p>","protected":false},"excerpt":{"rendered":"<p>\ud83c\udfcb\ufe0f\u200d\u2642\ufe0f The Only Whey | Prote\u00edna Concentrada de Suero de Leche \u2013 2 kg Disfruta del sabor y la calidad de The Only Whey, una prote\u00edna concentrada de suero de leche con una textura suave y una disoluci\u00f3n perfecta.Su f\u00f3rmula ofrece una excelente fuente de prote\u00ednas para quienes buscan complementar su alimentaci\u00f3n diaria dentro de [&hellip;]<\/p>\n","protected":false},"featured_media":2901,"comment_status":"open","ping_status":"closed","template":"","meta":[],"product_brand":[],"product_cat":[18,158],"product_tag":[],"class_list":{"0":"post-2909","1":"product","2":"type-product","3":"status-publish","4":"has-post-thumbnail","6":"product_cat-complementacion-alimentaria","7":"product_cat-proteinas","9":"first","10":"instock","11":"taxable","12":"shipping-taxable","13":"purchasable","14":"product-type-variable"},"aioseo_notices":[],"_links":{"self":[{"href":"https:\/\/onemoreup.es\/en\/wp-json\/wp\/v2\/product\/2909","targetHints":{"allow":["GET"]}}],"collection":[{"href":"https:\/\/onemoreup.es\/en\/wp-json\/wp\/v2\/product"}],"about":[{"href":"https:\/\/onemoreup.es\/en\/wp-json\/wp\/v2\/types\/product"}],"replies":[{"embeddable":true,"href":"https:\/\/onemoreup.es\/en\/wp-json\/wp\/v2\/comments?post=2909"}],"wp:featuredmedia":[{"embeddable":true,"href":"https:\/\/onemoreup.es\/en\/wp-json\/wp\/v2\/media\/2901"}],"wp:attachment":[{"href":"https:\/\/onemoreup.es\/en\/wp-json\/wp\/v2\/media?parent=2909"}],"wp:term":[{"taxonomy":"product_brand","embeddable":true,"href":"https:\/\/onemoreup.es\/en\/wp-json\/wp\/v2\/product_brand?post=2909"},{"taxonomy":"product_cat","embeddable":true,"href":"https:\/\/onemoreup.es\/en\/wp-json\/wp\/v2\/product_cat?post=2909"},{"taxonomy":"product_tag","embeddable":true,"href":"https:\/\/onemoreup.es\/en\/wp-json\/wp\/v2\/product_tag?post=2909"}],"curies":[{"name":"wp","href":"https:\/\/api.w.org\/{rel}","templated":true}]}}