{"id":3037,"date":"2025-09-25T10:54:04","date_gmt":"2025-09-25T10:54:04","guid":{"rendered":"https:\/\/onemoreup.es\/?post_type=product&#038;p=3037"},"modified":"2025-09-25T11:04:06","modified_gmt":"2025-09-25T11:04:06","slug":"daa-zinc-bisglicinato-acido-aspartico-1000mg-90-capsulas","status":"publish","type":"product","link":"https:\/\/onemoreup.es\/en\/tienda\/daa-zinc-bisglicinato-acido-aspartico-1000mg-90-capsulas\/","title":{"rendered":"DAA + Zinc Bisglycinate | Aspartic Acid 1000mg | 90 Capsules"},"content":{"rendered":"<p>DAA + Zinc Bisglycinate | Aspartic Acid 1000mg | 90 Capsules<\/p>\n<p>The DAA + Zinc Bisglycinate supplement is formulated to naturally boost testosterone production, improve physical performance, and support muscle recovery.<\/p>\n<p>Each dose combines:<\/p>\n<p>D-Aspartic Acid (2000 mg): a key amino acid that stimulates testosterone synthesis, promoting muscle growth, strength, and vitality.<\/p>\n<p>Zinc Bisglycinate (33 mg): one of the most bioavailable forms of zinc, providing 9.2 mg of pure zinc (92% RDA), contributing to hormonal balance, the immune system and energy metabolism.<\/p>\n<p>\u2705 Main benefits:<\/p>\n<p>It promotes the natural production of testosterone.<\/p>\n<p>It contributes to increased muscle mass and strength.<\/p>\n<p>It improves physical performance and endurance.<\/p>\n<p>It stimulates protein synthesis and growth hormone.<\/p>\n<p>It helps reduce fatigue and speed up recovery.<\/p>\n<p>It strengthens the immune system.<\/p>\n<p>\ud83d\udc8a Instructions for use:<br \/>\nTake the dose indicated on the package with plenty of water, preferably with meals.<\/p>\n<p>\ud83d\udce6 Delivery time: 1 to 3 business days via MRW.<\/p>","protected":false},"excerpt":{"rendered":"<p>DAA + Zinc Bisglicinato | \u00c1cido Asp\u00e1rtico 1000mg | 90 C\u00e1psulas El suplemento DAA + Zinc Bisglicinato est\u00e1 formulado para potenciar de manera natural la producci\u00f3n de testosterona, mejorar el rendimiento f\u00edsico y apoyar la recuperaci\u00f3n muscular. Cada dosis combina: \u00c1cido D-Asp\u00e1rtico (2000 mg): amino\u00e1cido clave que estimula la s\u00edntesis de testosterona, favoreciendo el crecimiento [&hellip;]<\/p>\n","protected":false},"featured_media":3038,"comment_status":"open","ping_status":"closed","template":"","meta":[],"product_brand":[],"product_cat":[165],"product_tag":[],"class_list":{"0":"post-3037","1":"product","2":"type-product","3":"status-publish","4":"has-post-thumbnail","6":"product_cat-control-maximo-rendimiento-el","8":"first","9":"instock","10":"taxable","11":"shipping-taxable","12":"purchasable","13":"product-type-simple"},"aioseo_notices":[],"_links":{"self":[{"href":"https:\/\/onemoreup.es\/en\/wp-json\/wp\/v2\/product\/3037","targetHints":{"allow":["GET"]}}],"collection":[{"href":"https:\/\/onemoreup.es\/en\/wp-json\/wp\/v2\/product"}],"about":[{"href":"https:\/\/onemoreup.es\/en\/wp-json\/wp\/v2\/types\/product"}],"replies":[{"embeddable":true,"href":"https:\/\/onemoreup.es\/en\/wp-json\/wp\/v2\/comments?post=3037"}],"wp:featuredmedia":[{"embeddable":true,"href":"https:\/\/onemoreup.es\/en\/wp-json\/wp\/v2\/media\/3038"}],"wp:attachment":[{"href":"https:\/\/onemoreup.es\/en\/wp-json\/wp\/v2\/media?parent=3037"}],"wp:term":[{"taxonomy":"product_brand","embeddable":true,"href":"https:\/\/onemoreup.es\/en\/wp-json\/wp\/v2\/product_brand?post=3037"},{"taxonomy":"product_cat","embeddable":true,"href":"https:\/\/onemoreup.es\/en\/wp-json\/wp\/v2\/product_cat?post=3037"},{"taxonomy":"product_tag","embeddable":true,"href":"https:\/\/onemoreup.es\/en\/wp-json\/wp\/v2\/product_tag?post=3037"}],"curies":[{"name":"wp","href":"https:\/\/api.w.org\/{rel}","templated":true}]}}