{"id":3063,"date":"2025-09-25T11:42:54","date_gmt":"2025-09-25T11:42:54","guid":{"rendered":"https:\/\/onemoreup.es\/?post_type=product&#038;p=3063"},"modified":"2025-09-25T11:49:10","modified_gmt":"2025-09-25T11:49:10","slug":"carnitropina-complex-20-viales-potencia-tu-energia-y-metabolismo","status":"publish","type":"product","link":"https:\/\/onemoreup.es\/en\/tienda\/carnitropina-complex-20-viales-potencia-tu-energia-y-metabolismo\/","title":{"rendered":"Carnitropin Complex | 20 Vials | Boosts your energy and metabolism"},"content":{"rendered":"<h3 data-start=\"78\" data-end=\"156\"><strong data-start=\"82\" data-end=\"154\">Carnitropin Complex | 20 Vials | Boosts your energy and metabolism<\/strong><\/h3>\n<p data-start=\"158\" data-end=\"496\">He <strong data-start=\"161\" data-end=\"185\">Carnitropin Complex<\/strong> It&#039;s designed to activate your metabolism and help you make the most of your daily energy. Each vial contains <strong data-start=\"301\" data-end=\"327\">2000 mg of L-Carnitine<\/strong>, along with taurine, choline, green tea extract, horsetail and vitamin B6, creating an advanced formula that promotes fat burning and improves performance.<\/p>\n<p data-start=\"498\" data-end=\"529\">\u2705 <strong data-start=\"500\" data-end=\"527\">Main benefits:<\/strong><\/p>\n<ul data-start=\"530\" data-end=\"931\">\n<li data-start=\"530\" data-end=\"593\">\n<p data-start=\"532\" data-end=\"593\"><strong data-start=\"532\" data-end=\"554\">Thermogenic action<\/strong> which promotes fat oxidation.<\/p>\n<\/li>\n<li data-start=\"594\" data-end=\"649\">\n<p data-start=\"596\" data-end=\"649\"><strong data-start=\"596\" data-end=\"616\">Diuretic action<\/strong> which helps eliminate fluids.<\/p>\n<\/li>\n<li data-start=\"650\" data-end=\"717\">\n<p data-start=\"652\" data-end=\"717\">It encourages the use of <strong data-start=\"682\" data-end=\"714\">fat as a source of energy<\/strong>.<\/p>\n<\/li>\n<li data-start=\"718\" data-end=\"780\">\n<p data-start=\"720\" data-end=\"780\">Help <strong data-start=\"728\" data-end=\"756\">reduce body weight<\/strong> and accumulated fat.<\/p>\n<\/li>\n<li data-start=\"781\" data-end=\"829\">\n<p data-start=\"783\" data-end=\"829\">Improves performance <strong data-start=\"808\" data-end=\"826\">cardiovascular<\/strong>.<\/p>\n<\/li>\n<li data-start=\"830\" data-end=\"885\">\n<p data-start=\"832\" data-end=\"885\">Increases the <strong data-start=\"843\" data-end=\"882\">endurance and physical performance<\/strong>.<\/p>\n<\/li>\n<li data-start=\"886\" data-end=\"931\">\n<p data-start=\"888\" data-end=\"931\">Contributes to <strong data-start=\"901\" data-end=\"928\">speed up metabolism<\/strong>.<\/p>\n<\/li>\n<\/ul>\n<p data-start=\"933\" data-end=\"1053\">\ud83d\udcaa <strong data-start=\"936\" data-end=\"955\">Instructions for use:<\/strong><br data-start=\"955\" data-end=\"958\" \/>Take <strong data-start=\"964\" data-end=\"981\">1 vial per day<\/strong>, preferably 30 minutes before meals or training.<\/p>\n<p data-start=\"1055\" data-end=\"1117\">\ud83d\udce6 <strong data-start=\"1058\" data-end=\"1079\">Delivery time:<\/strong> 1 to 3 business days via MRW.<\/p>","protected":false},"excerpt":{"rendered":"<p>Carnitropina Complex | 20 Viales | Potencia tu energ\u00eda y metabolismo El Carnitropina Complex est\u00e1 dise\u00f1ado para activar tu metabolismo y ayudarte a aprovechar al m\u00e1ximo tu energ\u00eda diaria. Cada vial concentra 2000 mg de L-Carnitina, junto con taurina, colina, extracto de t\u00e9 verde, cola de caballo y vitamina B6, creando una f\u00f3rmula avanzada que [&hellip;]<\/p>\n","protected":false},"featured_media":3064,"comment_status":"open","ping_status":"closed","template":"","meta":[],"product_brand":[],"product_cat":[165,166,162],"product_tag":[],"class_list":{"0":"post-3063","1":"product","2":"type-product","3":"status-publish","4":"has-post-thumbnail","6":"product_cat-control-maximo-rendimiento-el","7":"product_cat-control-maximo-rendimineto-ella","8":"product_cat-suplementacion-y-vitaminas","10":"first","11":"instock","12":"taxable","13":"shipping-taxable","14":"purchasable","15":"product-type-simple"},"aioseo_notices":[],"_links":{"self":[{"href":"https:\/\/onemoreup.es\/en\/wp-json\/wp\/v2\/product\/3063","targetHints":{"allow":["GET"]}}],"collection":[{"href":"https:\/\/onemoreup.es\/en\/wp-json\/wp\/v2\/product"}],"about":[{"href":"https:\/\/onemoreup.es\/en\/wp-json\/wp\/v2\/types\/product"}],"replies":[{"embeddable":true,"href":"https:\/\/onemoreup.es\/en\/wp-json\/wp\/v2\/comments?post=3063"}],"wp:featuredmedia":[{"embeddable":true,"href":"https:\/\/onemoreup.es\/en\/wp-json\/wp\/v2\/media\/3064"}],"wp:attachment":[{"href":"https:\/\/onemoreup.es\/en\/wp-json\/wp\/v2\/media?parent=3063"}],"wp:term":[{"taxonomy":"product_brand","embeddable":true,"href":"https:\/\/onemoreup.es\/en\/wp-json\/wp\/v2\/product_brand?post=3063"},{"taxonomy":"product_cat","embeddable":true,"href":"https:\/\/onemoreup.es\/en\/wp-json\/wp\/v2\/product_cat?post=3063"},{"taxonomy":"product_tag","embeddable":true,"href":"https:\/\/onemoreup.es\/en\/wp-json\/wp\/v2\/product_tag?post=3063"}],"curies":[{"name":"wp","href":"https:\/\/api.w.org\/{rel}","templated":true}]}}