{"id":3080,"date":"2025-09-29T08:41:53","date_gmt":"2025-09-29T08:41:53","guid":{"rendered":"https:\/\/onemoreup.es\/?post_type=product&#038;p=3080"},"modified":"2025-09-29T08:42:12","modified_gmt":"2025-09-29T08:42:12","slug":"pack-hypertrophy-ella-vitalidad-tono","status":"publish","type":"product","link":"https:\/\/onemoreup.es\/en\/tienda\/pack-hypertrophy-ella-vitalidad-tono\/","title":{"rendered":"Hypertrophy Ella Pack \u2013 Vitality &amp; Tone"},"content":{"rendered":"<p>\ud83c\udf38 Hypertrophy Ella Pack \u2013 Vitality &amp; Tone<\/p>\n<p data-start=\"203\" data-end=\"395\">He <strong data-start=\"206\" data-end=\"231\">Hypertrophy Ella Pack<\/strong> It is designed especially for women looking for <strong data-start=\"284\" data-end=\"336\">energy, vitality and improved physical performance<\/strong>, without neglecting the care of their well-being and metabolism.<\/p>\n<p data-start=\"397\" data-end=\"499\">This complete pack combines the most effective supplements to support your training and your daily life:<\/p>\n<p data-start=\"501\" data-end=\"652\">\u2728 <strong data-start=\"503\" data-end=\"535\">ISATC CFM Manhattan protein<\/strong><br data-start=\"535\" data-end=\"538\" \/>It promotes muscle recovery, provides high-quality protein, and helps maintain a firm and defined tone.<\/p>\n<p data-start=\"654\" data-end=\"809\">\u2728 <strong data-start=\"656\" data-end=\"685\">Creatine CreATP Creapure\u00ae<\/strong><br data-start=\"685\" data-end=\"688\" \/>It increases strength and endurance, allowing you to train with greater intensity and reach your goals faster.<\/p>\n<p data-start=\"811\" data-end=\"943\">\u2728 <strong data-start=\"813\" data-end=\"833\">BCAAs + Glutamine<\/strong><br data-start=\"833\" data-end=\"836\" \/>Protect your muscle mass, accelerate recovery after each session, and reduce post-workout fatigue.<\/p>\n<p data-start=\"945\" data-end=\"1089\">\u2728 <strong data-start=\"947\" data-end=\"962\">NAD NR Pure<\/strong><br data-start=\"962\" data-end=\"965\" \/>A powerful cellular supplement that combats fatigue, supports energy metabolism, and contributes to overall well-being.<\/p>","protected":false},"excerpt":{"rendered":"<p>\ud83c\udf38 Pack Hypertrophy Ella \u2013 Vitalidad &amp; Tono El Pack Hypertrophy Ella est\u00e1 dise\u00f1ado especialmente para mujeres que buscan energ\u00eda, vitalidad y un mejor rendimiento f\u00edsico, sin renunciar al cuidado de su bienestar y metabolismo. Este completo pack combina los suplementos m\u00e1s eficaces para apoyar tu entrenamiento y tu d\u00eda a d\u00eda: \u2728 Prote\u00edna ISATC [&hellip;]<\/p>\n","protected":false},"featured_media":3083,"comment_status":"open","ping_status":"closed","template":"","meta":[],"product_brand":[],"product_cat":[166,159,163,158,162],"product_tag":[],"class_list":{"0":"post-3080","1":"product","2":"type-product","3":"status-publish","4":"has-post-thumbnail","6":"product_cat-control-maximo-rendimineto-ella","7":"product_cat-creatina-cretaine","8":"product_cat-productos-dieta-fitness","9":"product_cat-proteinas","10":"product_cat-suplementacion-y-vitaminas","12":"first","13":"instock","14":"sale","15":"taxable","16":"shipping-taxable","17":"purchasable","18":"product-type-simple"},"aioseo_notices":[],"_links":{"self":[{"href":"https:\/\/onemoreup.es\/en\/wp-json\/wp\/v2\/product\/3080","targetHints":{"allow":["GET"]}}],"collection":[{"href":"https:\/\/onemoreup.es\/en\/wp-json\/wp\/v2\/product"}],"about":[{"href":"https:\/\/onemoreup.es\/en\/wp-json\/wp\/v2\/types\/product"}],"replies":[{"embeddable":true,"href":"https:\/\/onemoreup.es\/en\/wp-json\/wp\/v2\/comments?post=3080"}],"wp:featuredmedia":[{"embeddable":true,"href":"https:\/\/onemoreup.es\/en\/wp-json\/wp\/v2\/media\/3083"}],"wp:attachment":[{"href":"https:\/\/onemoreup.es\/en\/wp-json\/wp\/v2\/media?parent=3080"}],"wp:term":[{"taxonomy":"product_brand","embeddable":true,"href":"https:\/\/onemoreup.es\/en\/wp-json\/wp\/v2\/product_brand?post=3080"},{"taxonomy":"product_cat","embeddable":true,"href":"https:\/\/onemoreup.es\/en\/wp-json\/wp\/v2\/product_cat?post=3080"},{"taxonomy":"product_tag","embeddable":true,"href":"https:\/\/onemoreup.es\/en\/wp-json\/wp\/v2\/product_tag?post=3080"}],"curies":[{"name":"wp","href":"https:\/\/api.w.org\/{rel}","templated":true}]}}