{"id":3085,"date":"2025-09-29T08:45:10","date_gmt":"2025-09-29T08:45:10","guid":{"rendered":"https:\/\/onemoreup.es\/?post_type=product&#038;p=3085"},"modified":"2025-11-05T10:36:38","modified_gmt":"2025-11-05T10:36:38","slug":"pack-hypertrophy-el-rendimiento-total","status":"publish","type":"product","link":"https:\/\/onemoreup.es\/en\/tienda\/pack-hypertrophy-el-rendimiento-total\/","title":{"rendered":"Hypertrophy Pack for Him \u2013 Advanced Formula for Athletes | One More Up"},"content":{"rendered":"<p data-start=\"167\" data-end=\"405\">Hypertrophy Pack for Him \u2013 Advanced Formula for Athletes | One More Up<\/p>\n<p data-start=\"1220\" data-end=\"1427\">He <strong data-start=\"1223\" data-end=\"1246\">Hypertrophy Pack<\/strong> It has been designed for those who maintain a consistent sports routine and are looking for a balanced combination of supplements to complement their daily diet and training.<\/p>\n<p data-start=\"1429\" data-end=\"1665\">It includes a selection of premium products from <strong data-start=\"1475\" data-end=\"1500\">Hypertrophy Nutrition<\/strong>, chosen for their quality and formulation.<br data-start=\"1540\" data-end=\"1543\" \/>Each of them provides key nutrients to support an active lifestyle and promote nutritional balance.<\/p>\n<p data-start=\"1667\" data-end=\"1823\">\u2728 <strong data-start=\"1669\" data-end=\"1692\">Package contents:<\/strong><br data-start=\"1692\" data-end=\"1695\" \/>\ud83d\udd25 <strong data-start=\"1698\" data-end=\"1730\">ISACT CFM Manhattan Protein<\/strong><br data-start=\"1730\" data-end=\"1733\" \/>It provides high-quality whey protein, ideal for integrating into your daily diet.<\/p>\n<p data-start=\"1825\" data-end=\"1967\">\ud83d\udd25 <strong data-start=\"1828\" data-end=\"1857\">Creatine CreATP Creapure\u00ae<\/strong><br data-start=\"1857\" data-end=\"1860\" \/>Creapure\u00ae certified creatine monohydrate, used as nutritional support in sports activities.<\/p>\n<p data-start=\"1969\" data-end=\"2085\">\ud83d\udd25 <strong data-start=\"1972\" data-end=\"1992\">BCAAs + Glutamine<\/strong><br data-start=\"1992\" data-end=\"1995\" \/>Branched-chain amino acids and L-glutamine, a combination widely used in sports nutrition.<\/p>\n<p data-start=\"2087\" data-end=\"2254\">\ud83d\udd25 <strong data-start=\"2090\" data-end=\"2129\">Depoviron Natural Male Formula<\/strong><br data-start=\"2129\" data-end=\"2132\" \/>Food supplement with plant extracts, amino acids and minerals, aimed at male well-being and balance.<\/p>\n<p data-start=\"2256\" data-end=\"2352\">\ud83d\udce6 <strong data-start=\"2259\" data-end=\"2275\">How to use:<\/strong><br data-start=\"2275\" data-end=\"2278\" \/>Follow the usage recommendations indicated on each individual product.<\/p>\n<p data-start=\"2354\" data-end=\"2413\">\ud83d\ude9a <strong data-start=\"2357\" data-end=\"2369\">Delivery:<\/strong><br data-start=\"2369\" data-end=\"2372\" \/><strong data-start=\"2372\" data-end=\"2411\">1 to 3 business days via MRW.<\/strong><\/p>\n<p data-start=\"2415\" data-end=\"2489\">\ud83d\udc9c <strong data-start=\"2418\" data-end=\"2489\">One More Up \u2013 Quality, balance and nutrition for real people.<\/strong><\/p>\n<p data-start=\"863\" data-end=\"1023\">","protected":false},"excerpt":{"rendered":"<p>Pack Hypertrophy \u00c9l \u2013 F\u00f3rmula avanzada para deportistas | One More Up El Pack Hypertrophy \u00c9l ha sido dise\u00f1ado para quienes mantienen una rutina deportiva constante y buscan una combinaci\u00f3n equilibrada de suplementos que complemente su alimentaci\u00f3n y entrenamiento diario. Incluye una selecci\u00f3n de productos premium de Hypertrophy Nutrition, elegidos por su calidad y formulaci\u00f3n.Cada [&hellip;]<\/p>\n","protected":false},"featured_media":3086,"comment_status":"open","ping_status":"closed","template":"","meta":[],"product_brand":[],"product_cat":[18,165,159,158],"product_tag":[],"class_list":{"0":"post-3085","1":"product","2":"type-product","3":"status-publish","4":"has-post-thumbnail","6":"product_cat-complementacion-alimentaria","7":"product_cat-control-maximo-rendimiento-el","8":"product_cat-creatina-cretaine","9":"product_cat-proteinas","11":"first","12":"instock","13":"sale","14":"taxable","15":"shipping-taxable","16":"purchasable","17":"product-type-simple"},"aioseo_notices":[],"_links":{"self":[{"href":"https:\/\/onemoreup.es\/en\/wp-json\/wp\/v2\/product\/3085","targetHints":{"allow":["GET"]}}],"collection":[{"href":"https:\/\/onemoreup.es\/en\/wp-json\/wp\/v2\/product"}],"about":[{"href":"https:\/\/onemoreup.es\/en\/wp-json\/wp\/v2\/types\/product"}],"replies":[{"embeddable":true,"href":"https:\/\/onemoreup.es\/en\/wp-json\/wp\/v2\/comments?post=3085"}],"wp:featuredmedia":[{"embeddable":true,"href":"https:\/\/onemoreup.es\/en\/wp-json\/wp\/v2\/media\/3086"}],"wp:attachment":[{"href":"https:\/\/onemoreup.es\/en\/wp-json\/wp\/v2\/media?parent=3085"}],"wp:term":[{"taxonomy":"product_brand","embeddable":true,"href":"https:\/\/onemoreup.es\/en\/wp-json\/wp\/v2\/product_brand?post=3085"},{"taxonomy":"product_cat","embeddable":true,"href":"https:\/\/onemoreup.es\/en\/wp-json\/wp\/v2\/product_cat?post=3085"},{"taxonomy":"product_tag","embeddable":true,"href":"https:\/\/onemoreup.es\/en\/wp-json\/wp\/v2\/product_tag?post=3085"}],"curies":[{"name":"wp","href":"https:\/\/api.w.org\/{rel}","templated":true}]}}