{"id":3115,"date":"2025-10-02T08:51:00","date_gmt":"2025-10-02T08:51:00","guid":{"rendered":"https:\/\/onemoreup.es\/?post_type=product&#038;p=3115"},"modified":"2025-11-03T12:22:48","modified_gmt":"2025-11-03T12:22:48","slug":"pack-sweet-dreams","status":"publish","type":"product","link":"https:\/\/onemoreup.es\/en\/tienda\/pack-sweet-dreams\/","title":{"rendered":"Sweet Dreams Pack"},"content":{"rendered":"<h3 data-start=\"626\" data-end=\"683\">\ud83c\udf19 <strong data-start=\"633\" data-end=\"683\">Sweet Dreams Pack | Natural Nighttime Wellness<\/strong><\/h3>\n<p data-start=\"685\" data-end=\"1001\">He <strong data-start=\"688\" data-end=\"709\">Sweet Dreams Pack<\/strong> It is designed to accompany you in your nighttime wellness routine with a selection of natural supplements that promote calm and inner balance.<br data-start=\"867\" data-end=\"870\" \/>A complete formula made with high-quality ingredients that easily integrate into an active and healthy lifestyle.<\/p>\n<hr data-start=\"1003\" data-end=\"1006\" \/>\n<h3 data-start=\"1008\" data-end=\"1028\">\ud83d\udcab <strong data-start=\"1015\" data-end=\"1028\">Contains:<\/strong><\/h3>\n<p data-start=\"1030\" data-end=\"1335\"><strong data-start=\"1030\" data-end=\"1051\">Natural Magnesium:<\/strong> essential mineral that participates in normal muscle and energy functions.<br data-start=\"1130\" data-end=\"1133\" \/><strong data-start=\"1133\" data-end=\"1156\">Natural Melatonin:<\/strong> with ingredients that are part of a healthy rest routine.<br data-start=\"1227\" data-end=\"1230\" \/><strong data-start=\"1230\" data-end=\"1246\">Ashwagandha:<\/strong> adaptogenic plant traditionally used to support balance and vitality.<\/p>\n<hr data-start=\"1337\" data-end=\"1340\" \/>\n<p data-start=\"1342\" data-end=\"1377\">\u2705 <strong data-start=\"1344\" data-end=\"1375\">Main features<\/strong><\/p>\n<ul data-start=\"1378\" data-end=\"1618\">\n<li data-start=\"1378\" data-end=\"1418\">\n<p data-start=\"1380\" data-end=\"1418\">Natural and high-quality formulas<\/p>\n<\/li>\n<li data-start=\"1419\" data-end=\"1464\">\n<p data-start=\"1421\" data-end=\"1464\">Ideal for nighttime wellness routines<\/p>\n<\/li>\n<li data-start=\"1465\" data-end=\"1521\">\n<p data-start=\"1467\" data-end=\"1521\">It combines minerals, plant extracts, and amino acids.<\/p>\n<\/li>\n<li data-start=\"1522\" data-end=\"1572\">\n<p data-start=\"1524\" data-end=\"1572\">Suitable for an active and healthy lifestyle<\/p>\n<\/li>\n<li data-start=\"1573\" data-end=\"1618\">\n<p data-start=\"1575\" data-end=\"1618\">Perfect to include in your daily routine<\/p>\n<\/li>\n<\/ul>\n<hr data-start=\"1620\" data-end=\"1623\" \/>\n<p data-start=\"1625\" data-end=\"1681\">\ud83d\udce6 <strong data-start=\"1628\" data-end=\"1649\">Delivery time:<\/strong> 1-3 business days with MRW<\/p>","protected":false},"excerpt":{"rendered":"<p>\ud83c\udf19 Pack Sweet Dreams | Bienestar Nocturno Natural El Pack Sweet Dreams est\u00e1 pensado para acompa\u00f1arte en tu rutina de bienestar nocturna con una selecci\u00f3n de complementos naturales que favorecen la calma y el equilibrio interior.Una f\u00f3rmula completa elaborada con ingredientes de alta calidad que se integran f\u00e1cilmente en un estilo de vida activo y [&hellip;]<\/p>\n","protected":false},"featured_media":3119,"comment_status":"open","ping_status":"closed","template":"","meta":[],"product_brand":[],"product_cat":[18,162],"product_tag":[],"class_list":{"0":"post-3115","1":"product","2":"type-product","3":"status-publish","4":"has-post-thumbnail","6":"product_cat-complementacion-alimentaria","7":"product_cat-suplementacion-y-vitaminas","9":"first","10":"instock","11":"taxable","12":"shipping-taxable","13":"purchasable","14":"product-type-simple"},"aioseo_notices":[],"_links":{"self":[{"href":"https:\/\/onemoreup.es\/en\/wp-json\/wp\/v2\/product\/3115","targetHints":{"allow":["GET"]}}],"collection":[{"href":"https:\/\/onemoreup.es\/en\/wp-json\/wp\/v2\/product"}],"about":[{"href":"https:\/\/onemoreup.es\/en\/wp-json\/wp\/v2\/types\/product"}],"replies":[{"embeddable":true,"href":"https:\/\/onemoreup.es\/en\/wp-json\/wp\/v2\/comments?post=3115"}],"wp:featuredmedia":[{"embeddable":true,"href":"https:\/\/onemoreup.es\/en\/wp-json\/wp\/v2\/media\/3119"}],"wp:attachment":[{"href":"https:\/\/onemoreup.es\/en\/wp-json\/wp\/v2\/media?parent=3115"}],"wp:term":[{"taxonomy":"product_brand","embeddable":true,"href":"https:\/\/onemoreup.es\/en\/wp-json\/wp\/v2\/product_brand?post=3115"},{"taxonomy":"product_cat","embeddable":true,"href":"https:\/\/onemoreup.es\/en\/wp-json\/wp\/v2\/product_cat?post=3115"},{"taxonomy":"product_tag","embeddable":true,"href":"https:\/\/onemoreup.es\/en\/wp-json\/wp\/v2\/product_tag?post=3115"}],"curies":[{"name":"wp","href":"https:\/\/api.w.org\/{rel}","templated":true}]}}