{"id":3156,"date":"2025-10-06T09:08:36","date_gmt":"2025-10-06T09:08:36","guid":{"rendered":"https:\/\/onemoreup.es\/?post_type=product&#038;p=3156"},"modified":"2025-10-06T09:08:37","modified_gmt":"2025-10-06T09:08:37","slug":"get-over-post-entrenamiento-1kg","status":"publish","type":"product","link":"https:\/\/onemoreup.es\/en\/tienda\/get-over-post-entrenamiento-1kg\/","title":{"rendered":"Get Over | Post-Workout | 1kg"},"content":{"rendered":"<p>Get Over | Post-Workout | 1kg<\/p>\n<h3 data-start=\"328\" data-end=\"360\"><strong data-start=\"332\" data-end=\"360\">Product description<\/strong><\/h3>\n<p data-start=\"361\" data-end=\"851\">Post-workout formula specially designed for athletes who train at <strong data-start=\"437\" data-end=\"456\">high intensity<\/strong> and they are looking for one <strong data-start=\"470\" data-end=\"492\">full recovery<\/strong> after each session.<br data-start=\"510\" data-end=\"513\" \/>Its unique combination of top-quality ingredients \u2014<strong data-start=\"573\" data-end=\"619\">Isolac\u00ae (whey protein isolate 90%)<\/strong>, <strong data-start=\"621\" data-end=\"637\">Amylopeptin<\/strong>, <strong data-start=\"639\" data-end=\"653\">BCAA 2:1:1<\/strong>, <strong data-start=\"655\" data-end=\"677\">Kyowa\u00ae L-Glutamine<\/strong>, <strong data-start=\"679\" data-end=\"701\">Creatine Creapure\u00ae<\/strong>, <strong data-start=\"703\" data-end=\"711\">GABA<\/strong> and herbal extracts of <strong data-start=\"736\" data-end=\"777\">Cursol\u00ae Turmeric, Grape, Boswellia and Flax<\/strong>\u2014 contributes to an optimal <strong data-start=\"803\" data-end=\"848\">muscle, digestive and mental recovery<\/strong>.<\/p>\n<p data-start=\"853\" data-end=\"1016\">Furthermore, their contribution of <strong data-start=\"874\" data-end=\"903\">vitamins B1, B6, B12 and C<\/strong> It helps combat fatigue, strengthen the nervous system, and improve overall performance after exertion.<\/p>\n<hr data-start=\"1018\" data-end=\"1021\" \/>\n<h3 data-start=\"1023\" data-end=\"1053\"><strong data-start=\"1027\" data-end=\"1053\">Main benefits<\/strong><\/h3>\n<ul data-start=\"1054\" data-end=\"1617\">\n<li data-start=\"1054\" data-end=\"1111\">\n<p data-start=\"1056\" data-end=\"1111\">Promotes the <strong data-start=\"1068\" data-end=\"1108\">Muscle building and recovery<\/strong>.<\/p>\n<\/li>\n<li data-start=\"1112\" data-end=\"1167\">\n<p data-start=\"1114\" data-end=\"1167\">Prevents <strong data-start=\"1126\" data-end=\"1164\">muscle breakdown or catabolism<\/strong>.<\/p>\n<\/li>\n<li data-start=\"1168\" data-end=\"1219\">\n<p data-start=\"1170\" data-end=\"1219\">Promotes a <strong data-start=\"1183\" data-end=\"1216\">optimal digestive recovery<\/strong>.<\/p>\n<\/li>\n<li data-start=\"1220\" data-end=\"1285\">\n<p data-start=\"1222\" data-end=\"1285\">Recover the <strong data-start=\"1235\" data-end=\"1264\">damaged muscle fibers<\/strong> after the exercise.<\/p>\n<\/li>\n<li data-start=\"1286\" data-end=\"1358\">\n<p data-start=\"1288\" data-end=\"1358\">It contributes <strong data-start=\"1295\" data-end=\"1306\">energy<\/strong> and helps <strong data-start=\"1317\" data-end=\"1355\">replenish glycogen stores<\/strong>.<\/p>\n<\/li>\n<li data-start=\"1359\" data-end=\"1417\">\n<p data-start=\"1361\" data-end=\"1417\">Improves the <strong data-start=\"1371\" data-end=\"1414\">strength, performance and endurance<\/strong>.<\/p>\n<\/li>\n<li data-start=\"1418\" data-end=\"1494\">\n<p data-start=\"1420\" data-end=\"1494\">Provides <strong data-start=\"1432\" data-end=\"1452\">mental well-being<\/strong> and a feeling of calm (thanks to GABA).<\/p>\n<\/li>\n<li data-start=\"1495\" data-end=\"1531\">\n<p data-start=\"1497\" data-end=\"1531\">Powerful <strong data-start=\"1505\" data-end=\"1528\">antioxidant action<\/strong>.<\/p>\n<\/li>\n<li data-start=\"1532\" data-end=\"1617\">\n<p data-start=\"1534\" data-end=\"1617\">Effect <strong data-start=\"1541\" data-end=\"1569\">natural anti-inflammatory<\/strong> Thanks to Cursol\u00ae turmeric, grape and boswellia.<\/p>\n<\/li>\n<\/ul>\n<hr data-start=\"1619\" data-end=\"1622\" \/>\n<h3 data-start=\"1624\" data-end=\"1646\"><strong data-start=\"1628\" data-end=\"1646\">Instructions for use<\/strong><\/h3>\n<p data-start=\"1647\" data-end=\"1774\">Take <strong data-start=\"1653\" data-end=\"1672\">50 g (1 scoop)<\/strong> mixed with <strong data-start=\"1686\" data-end=\"1708\">300\u2013350 ml of water<\/strong>, preferably <strong data-start=\"1726\" data-end=\"1771\">during or right after training<\/strong>.<\/p>\n<hr data-start=\"1776\" data-end=\"1779\" \/>\n<h3 data-start=\"1781\" data-end=\"1801\"><strong data-start=\"1785\" data-end=\"1801\">Ingredients<\/strong><\/h3>\n<p data-start=\"1802\" data-end=\"2415\">Whey protein isolate 90 % <strong data-start=\"1845\" data-end=\"1856\">Isolac\u00ae<\/strong>, Amylopeptin, Maltodextrin, Aromas, <strong data-start=\"1895\" data-end=\"1917\">Kyowa\u00ae L-Glutamine<\/strong>, <strong data-start=\"1919\" data-end=\"1933\">BCAA 2:1:1<\/strong> (L-Leucine, L-Isoleucine, L-Valine), Flax seed powder (<em data-start=\"1997\" data-end=\"2018\">Linum usitatissimum<\/em>), <strong data-start=\"2021\" data-end=\"2043\">Creatine Creapure\u00ae<\/strong>, Grape dry extract (<em data-start=\"2067\" data-end=\"2083\">Vitis vinifera<\/em>, seeds), Boswellia dry extract (<em data-start=\"2123\" data-end=\"2141\">Boswellia serrata<\/em>, resin), <strong data-start=\"2152\" data-end=\"2160\">GABA<\/strong> (Gamma-aminobutyric acid), Turmeric dry extract <strong data-start=\"2215\" data-end=\"2226\">Cursol\u00ae<\/strong> (<em data-start=\"2228\" data-end=\"2243\">Curcuma longa<\/em>, root), <strong data-start=\"2252\" data-end=\"2266\">Vitamin C<\/strong> (Calcium L-ascorbate), <strong data-start=\"2290\" data-end=\"2305\">Vitamin B6<\/strong> (Pyridoxine hydrochloride), <strong data-start=\"2335\" data-end=\"2350\">Vitamin B1<\/strong> (Thiamine hydrochloride) and <strong data-start=\"2378\" data-end=\"2394\">Vitamin B12<\/strong> (Cyanocobalamin).<\/p>\n<hr data-start=\"2417\" data-end=\"2420\" \/>\n<h3 data-start=\"2422\" data-end=\"2446\"><strong data-start=\"2426\" data-end=\"2446\">Recommended for<\/strong><\/h3>\n<ul data-start=\"2447\" data-end=\"2654\">\n<li data-start=\"2447\" data-end=\"2502\">\n<p data-start=\"2449\" data-end=\"2502\">Athletes who train at high or medium intensity.<\/p>\n<\/li>\n<li data-start=\"2503\" data-end=\"2560\">\n<p data-start=\"2505\" data-end=\"2560\">Phases of bulking, definition or muscle recovery.<\/p>\n<\/li>\n<li data-start=\"2561\" data-end=\"2654\">\n<p data-start=\"2563\" data-end=\"2654\">People seeking to improve performance, energy, and physical and mental recovery.<\/p>\n<\/li>\n<\/ul>\n<hr data-start=\"2656\" data-end=\"2659\" \/>\n<h3 data-start=\"2661\" data-end=\"2685\"><strong data-start=\"2665\" data-end=\"2685\">Delivery time<\/strong><\/h3>\n<p data-start=\"2686\" data-end=\"2836\">Fast shipping via <strong data-start=\"2708\" data-end=\"2715\">MRW<\/strong> with a delivery time of <strong data-start=\"2743\" data-end=\"2771\">24 to 72 business hours<\/strong>.<br data-start=\"2772\" data-end=\"2775\" \/>Receive your supplements at home safely and with a guarantee.<\/p>","protected":false},"excerpt":{"rendered":"<p>Get Over | Post-Entrenamiento | 1kg Descripci\u00f3n del producto F\u00f3rmula post-workout especialmente dise\u00f1ada para deportistas que entrenan a alta intensidad y buscan una recuperaci\u00f3n total tras cada sesi\u00f3n.Su exclusiva combinaci\u00f3n de ingredientes de m\u00e1xima calidad \u2014Isolac\u00ae (aislado de prote\u00edna de suero 90%), Amilopeptina, BCAA 2:1:1, L-Glutamina Kyowa\u00ae, Creatina Creapure\u00ae, GABA y extractos herbales de C\u00farcuma [&hellip;]<\/p>\n","protected":false},"featured_media":3158,"comment_status":"open","ping_status":"closed","template":"","meta":[],"product_brand":[],"product_cat":[161],"product_tag":[],"class_list":{"0":"post-3156","1":"product","2":"type-product","3":"status-publish","4":"has-post-thumbnail","6":"product_cat-pre-y-post-entrenos","8":"first","9":"instock","10":"taxable","11":"shipping-taxable","12":"purchasable","13":"product-type-variable"},"aioseo_notices":[],"_links":{"self":[{"href":"https:\/\/onemoreup.es\/en\/wp-json\/wp\/v2\/product\/3156","targetHints":{"allow":["GET"]}}],"collection":[{"href":"https:\/\/onemoreup.es\/en\/wp-json\/wp\/v2\/product"}],"about":[{"href":"https:\/\/onemoreup.es\/en\/wp-json\/wp\/v2\/types\/product"}],"replies":[{"embeddable":true,"href":"https:\/\/onemoreup.es\/en\/wp-json\/wp\/v2\/comments?post=3156"}],"wp:featuredmedia":[{"embeddable":true,"href":"https:\/\/onemoreup.es\/en\/wp-json\/wp\/v2\/media\/3158"}],"wp:attachment":[{"href":"https:\/\/onemoreup.es\/en\/wp-json\/wp\/v2\/media?parent=3156"}],"wp:term":[{"taxonomy":"product_brand","embeddable":true,"href":"https:\/\/onemoreup.es\/en\/wp-json\/wp\/v2\/product_brand?post=3156"},{"taxonomy":"product_cat","embeddable":true,"href":"https:\/\/onemoreup.es\/en\/wp-json\/wp\/v2\/product_cat?post=3156"},{"taxonomy":"product_tag","embeddable":true,"href":"https:\/\/onemoreup.es\/en\/wp-json\/wp\/v2\/product_tag?post=3156"}],"curies":[{"name":"wp","href":"https:\/\/api.w.org\/{rel}","templated":true}]}}