{"id":3160,"date":"2025-10-06T09:14:48","date_gmt":"2025-10-06T09:14:48","guid":{"rendered":"https:\/\/onemoreup.es\/?post_type=product&#038;p=3160"},"modified":"2025-11-05T10:03:53","modified_gmt":"2025-11-05T10:03:53","slug":"casein-sensation-micellar-proteinas-2kg","status":"publish","type":"product","link":"https:\/\/onemoreup.es\/en\/tienda\/casein-sensation-micellar-proteinas-2kg\/","title":{"rendered":"Casein Sensation Micellar | Proteins | 2kg"},"content":{"rendered":"<p data-start=\"989\" data-end=\"1198\">Our <strong data-start=\"997\" data-end=\"1034\">sustained-release protein<\/strong> It combines two high-quality sources: <strong data-start=\"1068\" data-end=\"1116\">micellar casein and whey protein concentrate<\/strong>, offering a product with a creamy texture, mild flavor and excellent solubility.<\/p>\n<p data-start=\"1200\" data-end=\"1433\">It is designed for those who follow a sports routine or are looking for a protein supplement that easily adapts to their daily life.<br data-start=\"1327\" data-end=\"1330\" \/>It can be taken at any time, as part of a balanced and wellness-oriented diet.<\/p>\n<p data-start=\"1435\" data-end=\"1471\">\u2728 <strong data-start=\"1437\" data-end=\"1469\">Main features:<\/strong><\/p>\n<ul data-start=\"1472\" data-end=\"1705\">\n<li data-start=\"1472\" data-end=\"1535\">\n<p data-start=\"1474\" data-end=\"1535\">Mixture of <strong data-start=\"1484\" data-end=\"1532\">micellar casein and whey protein<\/strong>.<\/p>\n<\/li>\n<li data-start=\"1536\" data-end=\"1577\">\n<p data-start=\"1538\" data-end=\"1577\">Pleasant texture and easy dissolving.<\/p>\n<\/li>\n<li data-start=\"1578\" data-end=\"1604\">\n<p data-start=\"1580\" data-end=\"1604\">Mild and natural flavor.<\/p>\n<\/li>\n<li data-start=\"1605\" data-end=\"1651\">\n<p data-start=\"1607\" data-end=\"1651\">Suitable for incorporating into recipes or smoothies.<\/p>\n<\/li>\n<li data-start=\"1652\" data-end=\"1705\">\n<p data-start=\"1654\" data-end=\"1705\">Ideal for people with regular physical activity.<\/p>\n<\/li>\n<\/ul>\n<p data-start=\"1707\" data-end=\"1899\">\ud83e\udd64 <strong data-start=\"1710\" data-end=\"1739\">Suggested consumption method:<\/strong><br data-start=\"1739\" data-end=\"1742\" \/>Dissolve 50g of the product in 200ml of water or plant-based drink.<br data-start=\"1804\" data-end=\"1807\" \/>It can be consumed at any time of day, as part of a balanced diet.<\/p>\n<p data-start=\"1901\" data-end=\"2021\">\ud83e\uddea <strong data-start=\"1904\" data-end=\"1921\">Ingredients:<\/strong><br data-start=\"1921\" data-end=\"1924\" \/>Micellar casein, concentrated<\/p>\n<p data-start=\"2023\" data-end=\"2130\">\ud83d\udce6 <strong data-start=\"2026\" data-end=\"2047\">Delivery time:<\/strong><br data-start=\"2047\" data-end=\"2050\" \/><strong data-start=\"2050\" data-end=\"2079\">Fast shipping via MRW<\/strong> \u2013 estimated delivery of <strong data-start=\"2102\" data-end=\"2127\">1 to 3 business days<\/strong>.<\/p>\n<p data-start=\"2132\" data-end=\"2203\">\ud83d\udc9c <strong data-start=\"2135\" data-end=\"2203\">One More Up \u2013 Quality, flavor and balance for your daily routine.<\/strong><\/p>","protected":false},"excerpt":{"rendered":"<p>Nuestra prote\u00edna de liberaci\u00f3n prolongada une dos fuentes de alta calidad: case\u00edna micelar y suero de leche concentrado, ofreciendo un producto de textura cremosa, sabor suave y excelente disoluci\u00f3n. Est\u00e1 pensada para quienes siguen una rutina deportiva o buscan un complemento proteico que se adapte f\u00e1cilmente a su d\u00eda a d\u00eda.Puede tomarse en cualquier momento, [&hellip;]<\/p>\n","protected":false},"featured_media":3166,"comment_status":"open","ping_status":"closed","template":"","meta":[],"product_brand":[],"product_cat":[158],"product_tag":[],"class_list":{"0":"post-3160","1":"product","2":"type-product","3":"status-publish","4":"has-post-thumbnail","6":"product_cat-proteinas","8":"first","9":"instock","10":"taxable","11":"shipping-taxable","12":"purchasable","13":"product-type-variable"},"aioseo_notices":[],"_links":{"self":[{"href":"https:\/\/onemoreup.es\/en\/wp-json\/wp\/v2\/product\/3160","targetHints":{"allow":["GET"]}}],"collection":[{"href":"https:\/\/onemoreup.es\/en\/wp-json\/wp\/v2\/product"}],"about":[{"href":"https:\/\/onemoreup.es\/en\/wp-json\/wp\/v2\/types\/product"}],"replies":[{"embeddable":true,"href":"https:\/\/onemoreup.es\/en\/wp-json\/wp\/v2\/comments?post=3160"}],"wp:featuredmedia":[{"embeddable":true,"href":"https:\/\/onemoreup.es\/en\/wp-json\/wp\/v2\/media\/3166"}],"wp:attachment":[{"href":"https:\/\/onemoreup.es\/en\/wp-json\/wp\/v2\/media?parent=3160"}],"wp:term":[{"taxonomy":"product_brand","embeddable":true,"href":"https:\/\/onemoreup.es\/en\/wp-json\/wp\/v2\/product_brand?post=3160"},{"taxonomy":"product_cat","embeddable":true,"href":"https:\/\/onemoreup.es\/en\/wp-json\/wp\/v2\/product_cat?post=3160"},{"taxonomy":"product_tag","embeddable":true,"href":"https:\/\/onemoreup.es\/en\/wp-json\/wp\/v2\/product_tag?post=3160"}],"curies":[{"name":"wp","href":"https:\/\/api.w.org\/{rel}","templated":true}]}}