{"id":3187,"date":"2025-10-06T09:40:13","date_gmt":"2025-10-06T09:40:13","guid":{"rendered":"https:\/\/onemoreup.es\/?post_type=product&#038;p=3187"},"modified":"2025-11-05T11:16:55","modified_gmt":"2025-11-05T11:16:55","slug":"massive-whey-gainer-ganador-de-peso-2kg-carbohidratos-proteinas-monohidrato-de-creatina-alta-concentracion","status":"publish","type":"product","link":"https:\/\/onemoreup.es\/en\/tienda\/massive-whey-gainer-ganador-de-peso-2kg-carbohidratos-proteinas-monohidrato-de-creatina-alta-concentracion\/","title":{"rendered":"Mass Gainer \u2013 Advanced Formula for Athletes"},"content":{"rendered":"<h3 data-start=\"439\" data-end=\"494\"><strong data-start=\"443\" data-end=\"494\">Mass Gainer \u2013 Advanced Formula for Athletes<\/strong><\/h3>\n<p data-start=\"496\" data-end=\"979\">Discover the <strong data-start=\"508\" data-end=\"538\">Mass Gainer by One More Up<\/strong>, a nutritional supplement specially developed to support a balanced diet during periods of intense training or with higher energy requirements.<br data-start=\"711\" data-end=\"714\" \/>Its combination of fast-absorbing carbohydrates, whey protein concentrate (80%) and high-quality creatine monohydrate provides a convenient source of energy and nutrients that help meet the athlete&#039;s daily needs.<\/p>\n<p data-start=\"981\" data-end=\"1155\">Ideal for those who practice strength, endurance or high-intensity training, helping to maintain an adequate caloric and nutritional intake in their diet.<\/p>\n<hr data-start=\"1157\" data-end=\"1160\" \/>\n<h3 data-start=\"1162\" data-end=\"1197\"><strong data-start=\"1166\" data-end=\"1197\">Main features<\/strong><\/h3>\n<p data-start=\"1199\" data-end=\"1535\">\u2705 Provides energy and nutrients in a balanced way.<br data-start=\"1250\" data-end=\"1253\" \/>\u2705 Contains high-quality whey protein (WPC 80).<br data-start=\"1316\" data-end=\"1319\" \/>\u2705 With creatine monohydrate, a component naturally present in the body.<br data-start=\"1403\" data-end=\"1406\" \/>\u2705 Smooth texture and excellent solubility.<br data-start=\"1445\" data-end=\"1448\" \/>\u2705 Low in fat.<br data-start=\"1475\" data-end=\"1478\" \/>\u2705 Ideal to take between meals or after training.<\/p>\n<hr data-start=\"1537\" data-end=\"1540\" \/>\n<h3 data-start=\"1542\" data-end=\"1564\"><strong data-start=\"1546\" data-end=\"1564\">Instructions for use<\/strong><\/h3>\n<p data-start=\"1566\" data-end=\"1817\">Mingle <strong data-start=\"1574\" data-end=\"1594\">50 g of product<\/strong> (approximately 2 dosing measures) in <strong data-start=\"1640\" data-end=\"1676\">200 ml of water or skimmed milk<\/strong>.<br data-start=\"1677\" data-end=\"1680\" \/>Consume <strong data-start=\"1689\" data-end=\"1711\">1 or 2 times a day<\/strong>, preferably after exercise or between meals, depending on individual nutritional needs.<\/p>\n<hr data-start=\"1819\" data-end=\"1822\" \/>\n<h3 data-start=\"1824\" data-end=\"1844\"><strong data-start=\"1828\" data-end=\"1844\">Ingredients<\/strong><\/h3>\n<p data-start=\"1846\" data-end=\"1986\">Maltodextrin, dextrose, whey protein concentrate (80%), flavorings, creatine monohydrate, sweetener (Splenda\u00ae sucralose).<\/p>\n<hr data-start=\"1988\" data-end=\"1991\" \/>\n<h3 data-start=\"1993\" data-end=\"2017\"><strong data-start=\"1997\" data-end=\"2017\">Recommended for<\/strong><\/h3>\n<ul data-start=\"2019\" data-end=\"2251\">\n<li data-start=\"2019\" data-end=\"2085\">\n<p data-start=\"2021\" data-end=\"2085\">Athletes and active people with high energy demands.<\/p>\n<\/li>\n<li data-start=\"2086\" data-end=\"2157\">\n<p data-start=\"2088\" data-end=\"2157\">Stages of intense training or periods of higher calorie expenditure.<\/p>\n<\/li>\n<li data-start=\"2158\" data-end=\"2251\">\n<p data-start=\"2160\" data-end=\"2251\">Those who are looking to supplement their diet with an extra supply of carbohydrates and proteins.<\/p>\n<\/li>\n<\/ul>\n<hr data-start=\"2253\" data-end=\"2256\" \/>\n<h3 data-start=\"2258\" data-end=\"2282\"><strong data-start=\"2262\" data-end=\"2282\">Shipping and warranty<\/strong><\/h3>\n<p data-start=\"2284\" data-end=\"2459\">\ud83d\ude9a <strong data-start=\"2287\" data-end=\"2318\">Fast delivery via MRW<\/strong>, within a period of <strong data-start=\"2335\" data-end=\"2363\">24 to 72 business hours<\/strong>.<br data-start=\"2364\" data-end=\"2367\" \/>Receive your supplements <strong data-start=\"2390\" data-end=\"2405\">One More Up<\/strong> with total safety, comfort and quality guarantee.<\/p>","protected":false},"excerpt":{"rendered":"<p>Mass Gainer \u2013 F\u00f3rmula Avanzada para Deportistas Descubre el Mass Gainer de One More Up, un complemento nutricional especialmente desarrollado para apoyar una alimentaci\u00f3n equilibrada en etapas de entrenamiento intenso o con mayores requerimientos energ\u00e9ticos.Su combinaci\u00f3n de carbohidratos de r\u00e1pida asimilaci\u00f3n, concentrado de prote\u00edna de suero de leche (80%) y monohidrato de creatina de alta [&hellip;]<\/p>\n","protected":false},"featured_media":3191,"comment_status":"open","ping_status":"closed","template":"","meta":[],"product_brand":[],"product_cat":[158],"product_tag":[],"class_list":{"0":"post-3187","1":"product","2":"type-product","3":"status-publish","4":"has-post-thumbnail","6":"product_cat-proteinas","8":"first","9":"instock","10":"taxable","11":"shipping-taxable","12":"purchasable","13":"product-type-variable"},"aioseo_notices":[],"_links":{"self":[{"href":"https:\/\/onemoreup.es\/en\/wp-json\/wp\/v2\/product\/3187","targetHints":{"allow":["GET"]}}],"collection":[{"href":"https:\/\/onemoreup.es\/en\/wp-json\/wp\/v2\/product"}],"about":[{"href":"https:\/\/onemoreup.es\/en\/wp-json\/wp\/v2\/types\/product"}],"replies":[{"embeddable":true,"href":"https:\/\/onemoreup.es\/en\/wp-json\/wp\/v2\/comments?post=3187"}],"wp:featuredmedia":[{"embeddable":true,"href":"https:\/\/onemoreup.es\/en\/wp-json\/wp\/v2\/media\/3191"}],"wp:attachment":[{"href":"https:\/\/onemoreup.es\/en\/wp-json\/wp\/v2\/media?parent=3187"}],"wp:term":[{"taxonomy":"product_brand","embeddable":true,"href":"https:\/\/onemoreup.es\/en\/wp-json\/wp\/v2\/product_brand?post=3187"},{"taxonomy":"product_cat","embeddable":true,"href":"https:\/\/onemoreup.es\/en\/wp-json\/wp\/v2\/product_cat?post=3187"},{"taxonomy":"product_tag","embeddable":true,"href":"https:\/\/onemoreup.es\/en\/wp-json\/wp\/v2\/product_tag?post=3187"}],"curies":[{"name":"wp","href":"https:\/\/api.w.org\/{rel}","templated":true}]}}