{"id":3199,"date":"2025-10-06T09:55:18","date_gmt":"2025-10-06T09:55:18","guid":{"rendered":"https:\/\/onemoreup.es\/?post_type=product&#038;p=3199"},"modified":"2025-10-06T09:55:41","modified_gmt":"2025-10-06T09:55:41","slug":"water-loss-diuretico-natural-90-capsulas","status":"publish","type":"product","link":"https:\/\/onemoreup.es\/en\/tienda\/water-loss-diuretico-natural-90-capsulas\/","title":{"rendered":"Water Loss | Natural diuretic | 90 Capsules"},"content":{"rendered":"<p>Water Loss | Natural diuretic | 90 Capsules<\/p>\n<h2 data-start=\"266\" data-end=\"337\"><strong data-start=\"269\" data-end=\"337\">Diuretic Complex \u2013 Fluid Elimination and Muscle Definition<\/strong><\/h2>\n<h3 data-start=\"339\" data-end=\"371\"><strong data-start=\"343\" data-end=\"371\">Product description<\/strong><\/h3>\n<p data-start=\"372\" data-end=\"866\">He <strong data-start=\"375\" data-end=\"395\">Diuretic Complex<\/strong> It combines natural plant extracts with recognized purifying and draining properties such as <strong data-start=\"492\" data-end=\"594\">dandelion, horsetail, asparagus, nettle, guarana, watermelon, green tea, birch and rosehip<\/strong>, along with <strong data-start=\"606\" data-end=\"639\">natural caffeine and vitamin B6<\/strong>.<br data-start=\"640\" data-end=\"643\" \/>This advanced formula helps to <strong data-start=\"673\" data-end=\"709\">reduce fluid retention<\/strong>, <strong data-start=\"711\" data-end=\"731\">eliminate toxins<\/strong> and <strong data-start=\"734\" data-end=\"770\">promote muscle definition<\/strong>, improving at the same time the <strong data-start=\"801\" data-end=\"816\">circulation<\/strong>, he <strong data-start=\"821\" data-end=\"836\">metabolism<\/strong> and the <strong data-start=\"842\" data-end=\"863\">general vitality<\/strong>.<\/p>\n<p data-start=\"868\" data-end=\"1014\">Ideal for those looking for <strong data-start=\"894\" data-end=\"964\">reduce swelling, improve kidney health, tone your figure<\/strong> and maintain a firmer, more defined appearance.<\/p>\n<hr data-start=\"1016\" data-end=\"1019\" \/>\n<h3 data-start=\"1021\" data-end=\"1051\"><strong data-start=\"1025\" data-end=\"1051\">Main benefits<\/strong><\/h3>\n<ul data-start=\"1052\" data-end=\"1615\">\n<li data-start=\"1052\" data-end=\"1093\">\n<p data-start=\"1054\" data-end=\"1093\"><strong data-start=\"1054\" data-end=\"1090\">Powerful natural diuretic effect<\/strong>.<\/p>\n<\/li>\n<li data-start=\"1094\" data-end=\"1152\">\n<p data-start=\"1096\" data-end=\"1152\"><strong data-start=\"1096\" data-end=\"1134\">It reduces fluid retention.<\/strong> and swelling.<\/p>\n<\/li>\n<li data-start=\"1153\" data-end=\"1219\">\n<p data-start=\"1155\" data-end=\"1219\"><strong data-start=\"1155\" data-end=\"1193\">It promotes the elimination of toxins<\/strong> and lymphatic drainage.<\/p>\n<\/li>\n<li data-start=\"1220\" data-end=\"1294\">\n<p data-start=\"1222\" data-end=\"1294\"><strong data-start=\"1222\" data-end=\"1261\">It contributes to muscle definition<\/strong> and improves physical appearance.<\/p>\n<\/li>\n<li data-start=\"1295\" data-end=\"1355\">\n<p data-start=\"1297\" data-end=\"1355\"><strong data-start=\"1297\" data-end=\"1321\">It softens cellulite<\/strong> and improves skin texture.<\/p>\n<\/li>\n<li data-start=\"1356\" data-end=\"1437\">\n<p data-start=\"1358\" data-end=\"1437\"><strong data-start=\"1358\" data-end=\"1409\">Optimizes the functioning of the nervous system<\/strong> thanks to vitamin B6.<\/p>\n<\/li>\n<li data-start=\"1438\" data-end=\"1502\">\n<p data-start=\"1440\" data-end=\"1502\"><strong data-start=\"1440\" data-end=\"1471\">Stimulates weight loss<\/strong> by promoting metabolism.<\/p>\n<\/li>\n<li data-start=\"1503\" data-end=\"1565\">\n<p data-start=\"1505\" data-end=\"1565\"><strong data-start=\"1505\" data-end=\"1563\">It increases energy, strength, and physical performance.<\/strong><\/p>\n<\/li>\n<li data-start=\"1566\" data-end=\"1615\">\n<p data-start=\"1568\" data-end=\"1615\"><strong data-start=\"1568\" data-end=\"1588\">It provides vitality<\/strong> and a feeling of lightness.<\/p>\n<\/li>\n<\/ul>\n<hr data-start=\"1617\" data-end=\"1620\" \/>\n<h3 data-start=\"1622\" data-end=\"1644\"><strong data-start=\"1626\" data-end=\"1644\">Instructions for use<\/strong><\/h3>\n<p data-start=\"1645\" data-end=\"1836\">Take <strong data-start=\"1651\" data-end=\"1671\">1 capsule a day<\/strong> with <strong data-start=\"1676\" data-end=\"1694\">abundant water<\/strong>, preferably in the morning or before physical activity.<br data-start=\"1757\" data-end=\"1760\" \/>It is recommended to maintain adequate hydration while using the product.<\/p>\n<hr data-start=\"1838\" data-end=\"1841\" \/>\n<h3 data-start=\"1843\" data-end=\"1863\"><strong data-start=\"1847\" data-end=\"1863\">Ingredients<\/strong><\/h3>\n<p data-start=\"1864\" data-end=\"2503\">Dry extract of <strong data-start=\"1881\" data-end=\"1899\">Dandelion<\/strong> (<em data-start=\"1901\" data-end=\"1923\">Taraxacum officinale<\/em>, (root), Dry extract of <strong data-start=\"1949\" data-end=\"1968\">Horsetail<\/strong> (<em data-start=\"1970\" data-end=\"1989\">Equisetum arvense<\/em>, (herb), Dry extract of <strong data-start=\"2017\" data-end=\"2030\">Asparagus<\/strong> (<em data-start=\"2032\" data-end=\"2055\">Asparagus officinalis<\/em>, (root), Dry extract of <strong data-start=\"2081\" data-end=\"2091\">Nettle<\/strong> (<em data-start=\"2093\" data-end=\"2111\">Urtica dioica L.<\/em>, (leaf), Dry extract of <strong data-start=\"2137\" data-end=\"2148\">Guarana<\/strong> (<em data-start=\"2150\" data-end=\"2168\">Paullinia cupana<\/em>, fruit), Extract of <strong data-start=\"2190\" data-end=\"2200\">Watermelon<\/strong> (<em data-start=\"2202\" data-end=\"2221\">Citrullus lanatus<\/em>, (fruit and peel), Dry extract of <strong data-start=\"2255\" data-end=\"2267\">Green tea<\/strong> (<em data-start=\"2269\" data-end=\"2288\">Camellia sinensis<\/em>, sheet), <strong data-start=\"2297\" data-end=\"2316\">Natural caffeine<\/strong> (<em data-start=\"2318\" data-end=\"2334\">Coffea arabica<\/em>, (seed), Dry extract of <strong data-start=\"2363\" data-end=\"2373\">Birch<\/strong> (<em data-start=\"2375\" data-end=\"2388\">Betula alba<\/em>, (leaf), Dry extract of <strong data-start=\"2414\" data-end=\"2428\">Hip<\/strong> (<em data-start=\"2430\" data-end=\"2446\">Rosa canina L.<\/em>, fruit) and <strong data-start=\"2457\" data-end=\"2472\">Vitamin B6<\/strong> (Pyridoxine hydrochloride).<\/p>\n<hr data-start=\"2505\" data-end=\"2508\" \/>\n<h3 data-start=\"2510\" data-end=\"2534\"><strong data-start=\"2514\" data-end=\"2534\">Recommended for<\/strong><\/h3>\n<ul data-start=\"2535\" data-end=\"2785\">\n<li data-start=\"2535\" data-end=\"2605\">\n<p data-start=\"2537\" data-end=\"2605\">People with <strong data-start=\"2550\" data-end=\"2602\">tendency to retain fluids or bloating<\/strong>.<\/p>\n<\/li>\n<li data-start=\"2606\" data-end=\"2668\">\n<p data-start=\"2608\" data-end=\"2668\">Athletes looking <strong data-start=\"2631\" data-end=\"2665\">improve muscle definition<\/strong>.<\/p>\n<\/li>\n<li data-start=\"2669\" data-end=\"2727\">\n<p data-start=\"2671\" data-end=\"2727\">Phases of <strong data-start=\"2680\" data-end=\"2724\">physical preparation or body definition<\/strong>.<\/p>\n<\/li>\n<li data-start=\"2728\" data-end=\"2785\">\n<p data-start=\"2730\" data-end=\"2785\">Support for the <strong data-start=\"2741\" data-end=\"2782\">kidney health and circulatory system<\/strong>.<\/p>\n<\/li>\n<\/ul>\n<hr data-start=\"2787\" data-end=\"2790\" \/>\n<h3 data-start=\"2792\" data-end=\"2816\"><strong data-start=\"2796\" data-end=\"2816\">Delivery time<\/strong><\/h3>\n<p data-start=\"2817\" data-end=\"2986\">Fast shipping via <strong data-start=\"2839\" data-end=\"2846\">MRW<\/strong>, with a delivery time of <strong data-start=\"2875\" data-end=\"2903\">24 to 72 business hours<\/strong>.<br data-start=\"2904\" data-end=\"2907\" \/>Receive your supplements <strong data-start=\"2930\" data-end=\"2945\">One More Up<\/strong> in a safe, fast and guaranteed manner.<\/p>","protected":false},"excerpt":{"rendered":"<p>Water Loss | Diur\u00e9tico natural | 90 C\u00e1psulas Diuretic Complex \u2013 Eliminaci\u00f3n de L\u00edquidos y Definici\u00f3n Muscular Descripci\u00f3n del producto El Diuretic Complex combina extractos naturales de plantas con reconocidas propiedades depurativas y drenantes como diente de le\u00f3n, cola de caballo, esp\u00e1rrago, ortiga, guaran\u00e1, sand\u00eda, t\u00e9 verde, abedul y escaramujo, junto con cafe\u00edna natural y [&hellip;]<\/p>\n","protected":false},"featured_media":3200,"comment_status":"open","ping_status":"closed","template":"","meta":[],"product_brand":[],"product_cat":[162],"product_tag":[],"class_list":{"0":"post-3199","1":"product","2":"type-product","3":"status-publish","4":"has-post-thumbnail","6":"product_cat-suplementacion-y-vitaminas","8":"first","9":"instock","10":"taxable","11":"shipping-taxable","12":"purchasable","13":"product-type-simple"},"aioseo_notices":[],"_links":{"self":[{"href":"https:\/\/onemoreup.es\/en\/wp-json\/wp\/v2\/product\/3199","targetHints":{"allow":["GET"]}}],"collection":[{"href":"https:\/\/onemoreup.es\/en\/wp-json\/wp\/v2\/product"}],"about":[{"href":"https:\/\/onemoreup.es\/en\/wp-json\/wp\/v2\/types\/product"}],"replies":[{"embeddable":true,"href":"https:\/\/onemoreup.es\/en\/wp-json\/wp\/v2\/comments?post=3199"}],"wp:featuredmedia":[{"embeddable":true,"href":"https:\/\/onemoreup.es\/en\/wp-json\/wp\/v2\/media\/3200"}],"wp:attachment":[{"href":"https:\/\/onemoreup.es\/en\/wp-json\/wp\/v2\/media?parent=3199"}],"wp:term":[{"taxonomy":"product_brand","embeddable":true,"href":"https:\/\/onemoreup.es\/en\/wp-json\/wp\/v2\/product_brand?post=3199"},{"taxonomy":"product_cat","embeddable":true,"href":"https:\/\/onemoreup.es\/en\/wp-json\/wp\/v2\/product_cat?post=3199"},{"taxonomy":"product_tag","embeddable":true,"href":"https:\/\/onemoreup.es\/en\/wp-json\/wp\/v2\/product_tag?post=3199"}],"curies":[{"name":"wp","href":"https:\/\/api.w.org\/{rel}","templated":true}]}}