{"id":3203,"date":"2025-10-06T09:58:36","date_gmt":"2025-10-06T09:58:36","guid":{"rendered":"https:\/\/onemoreup.es\/?post_type=product&#038;p=3203"},"modified":"2025-10-06T09:59:35","modified_gmt":"2025-10-06T09:59:35","slug":"probioticos-megaflora9-60-capsulas-probiotic-podium","status":"publish","type":"product","link":"https:\/\/onemoreup.es\/en\/tienda\/probioticos-megaflora9-60-capsulas-probiotic-podium\/","title":{"rendered":"Megaflora9 Probiotics | 60 capsules | Probiotic Podium"},"content":{"rendered":"<p>Megaflora9 Probiotics | 60 capsules | Probiotic Podium<\/p>\n<h2 data-start=\"252\" data-end=\"322\"><strong data-start=\"255\" data-end=\"322\">Megaflora9 \u2013 Probiotics and Inulin for Digestive Balance<\/strong><\/h2>\n<h3 data-start=\"324\" data-end=\"356\"><strong data-start=\"328\" data-end=\"356\">Product description<\/strong><\/h3>\n<p data-start=\"357\" data-end=\"790\"><strong data-start=\"357\" data-end=\"371\">Megaflora9<\/strong> It is an advanced formula of <strong data-start=\"399\" data-end=\"428\">probiotics and prebiotics<\/strong> designed for <strong data-start=\"443\" data-end=\"556\">Maintaining a balanced gut flora, improving digestive health, and strengthening the immune system<\/strong>.<br data-start=\"557\" data-end=\"560\" \/>Each dose of <strong data-start=\"574\" data-end=\"588\">2 capsules<\/strong> contributes <strong data-start=\"596\" data-end=\"652\">400 million beneficial bacteria (400\u00d710\u2076 CFU)<\/strong> and <strong data-start=\"655\" data-end=\"676\">400 mg of inulin<\/strong>, a natural prebiotic that promotes the growth and activity of probiotic bacteria in the gut.<\/p>\n<p data-start=\"792\" data-end=\"1004\">The synergistic combination of <strong data-start=\"820\" data-end=\"837\">Lactobacillus<\/strong> and <strong data-start=\"840\" data-end=\"859\">Bifidobacterium<\/strong>, along with inulin, helps to <strong data-start=\"891\" data-end=\"929\">restore the gut microbiota<\/strong>, improve digestion and promote the absorption of essential nutrients.<\/p>\n<p data-start=\"1006\" data-end=\"1234\">Ideal for those who want <strong data-start=\"1046\" data-end=\"1081\">balance your digestive system<\/strong>, <strong data-start=\"1083\" data-end=\"1118\">strengthen your natural defenses<\/strong> either <strong data-start=\"1121\" data-end=\"1154\">restore intestinal flora<\/strong> after periods of stress, poor diet, or antibiotic treatments.<\/p>\n<hr data-start=\"1236\" data-end=\"1239\" \/>\n<h3 data-start=\"1241\" data-end=\"1271\"><strong data-start=\"1245\" data-end=\"1271\">Main benefits<\/strong><\/h3>\n<ul data-start=\"1272\" data-end=\"1726\">\n<li data-start=\"1272\" data-end=\"1326\">\n<p data-start=\"1274\" data-end=\"1326\"><strong data-start=\"1274\" data-end=\"1323\">It promotes a balanced intestinal flora<\/strong>.<\/p>\n<\/li>\n<li data-start=\"1327\" data-end=\"1384\">\n<p data-start=\"1329\" data-end=\"1384\"><strong data-start=\"1329\" data-end=\"1381\">It improves digestion and nutrient absorption.<\/strong>.<\/p>\n<\/li>\n<li data-start=\"1385\" data-end=\"1425\">\n<p data-start=\"1387\" data-end=\"1425\"><strong data-start=\"1387\" data-end=\"1422\">It strengthens the immune system<\/strong>.<\/p>\n<\/li>\n<li data-start=\"1426\" data-end=\"1485\">\n<p data-start=\"1428\" data-end=\"1485\"><strong data-start=\"1428\" data-end=\"1459\">Reduces digestive discomfort<\/strong> such as bloating or gas.<\/p>\n<\/li>\n<li data-start=\"1486\" data-end=\"1570\">\n<p data-start=\"1488\" data-end=\"1570\"><strong data-start=\"1488\" data-end=\"1536\">It supports the recovery of intestinal flora.<\/strong> after antibiotic treatments.<\/p>\n<\/li>\n<li data-start=\"1571\" data-end=\"1631\">\n<p data-start=\"1573\" data-end=\"1631\"><strong data-start=\"1573\" data-end=\"1628\">It promotes intestinal health and overall well-being.<\/strong>.<\/p>\n<\/li>\n<li data-start=\"1632\" data-end=\"1726\">\n<p data-start=\"1634\" data-end=\"1726\">Contains <strong data-start=\"1643\" data-end=\"1654\">inulin<\/strong>, a prebiotic that stimulates the growth of beneficial bacteria.<\/p>\n<\/li>\n<\/ul>\n<hr data-start=\"1728\" data-end=\"1731\" \/>\n<h3 data-start=\"1733\" data-end=\"1755\"><strong data-start=\"1737\" data-end=\"1755\">Instructions for use<\/strong><\/h3>\n<p data-start=\"1756\" data-end=\"1950\">Take <strong data-start=\"1762\" data-end=\"1783\">2 capsules a day<\/strong>, preferably <strong data-start=\"1801\" data-end=\"1832\">with the main meals<\/strong>, accompanied by a glass of water.<br data-start=\"1865\" data-end=\"1868\" \/>In cases of need or as professionally indicated, the dose may be increased.<\/p>\n<hr data-start=\"1952\" data-end=\"1955\" \/>\n<h3 data-start=\"1957\" data-end=\"1977\"><strong data-start=\"1961\" data-end=\"1977\">Ingredients<\/strong><\/h3>\n<p data-start=\"1978\" data-end=\"2010\">Per daily dose (2 capsules):<\/p>\n<ul data-start=\"2011\" data-end=\"2164\">\n<li data-start=\"2011\" data-end=\"2113\">\n<p data-start=\"2013\" data-end=\"2113\"><strong data-start=\"2013\" data-end=\"2041\">Megaflora9 (400\u00d710\u2076 UFC)<\/strong> \u2013 400 mg<br data-start=\"2050\" data-end=\"2053\" \/>(mixture of strains of <em data-start=\"2075\" data-end=\"2090\">Lactobacillus<\/em> and <em data-start=\"2093\" data-end=\"2110\">Bifidobacterium<\/em>)<\/p>\n<\/li>\n<li data-start=\"2114\" data-end=\"2164\">\n<p data-start=\"2116\" data-end=\"2164\"><strong data-start=\"2116\" data-end=\"2127\">Inulin<\/strong> \u2013 400 mg<br data-start=\"2136\" data-end=\"2139\" \/>Vegetable capsule (HPMC).<\/p>\n<\/li>\n<\/ul>\n<hr data-start=\"2166\" data-end=\"2169\" \/>\n<h3 data-start=\"2171\" data-end=\"2195\"><strong data-start=\"2175\" data-end=\"2195\">Recommended for<\/strong><\/h3>\n<ul data-start=\"2196\" data-end=\"2451\">\n<li data-start=\"2196\" data-end=\"2271\">\n<p data-start=\"2198\" data-end=\"2271\">People looking for <strong data-start=\"2218\" data-end=\"2242\">improve digestion<\/strong> and the <strong data-start=\"2248\" data-end=\"2268\">gut health<\/strong>.<\/p>\n<\/li>\n<li data-start=\"2272\" data-end=\"2310\">\n<p data-start=\"2274\" data-end=\"2310\"><strong data-start=\"2274\" data-end=\"2307\">Natural immune system booster<\/strong>.<\/p>\n<\/li>\n<li data-start=\"2311\" data-end=\"2386\">\n<p data-start=\"2313\" data-end=\"2386\">Restoring the flora after <strong data-start=\"2337\" data-end=\"2383\">antibiotics or intestinal imbalances<\/strong>.<\/p>\n<\/li>\n<li data-start=\"2387\" data-end=\"2451\">\n<p data-start=\"2389\" data-end=\"2451\">Athletes or people with <strong data-start=\"2416\" data-end=\"2448\">high nutritional demands<\/strong>.<\/p>\n<\/li>\n<\/ul>\n<hr data-start=\"2453\" data-end=\"2456\" \/>\n<h3 data-start=\"2458\" data-end=\"2482\"><strong data-start=\"2462\" data-end=\"2482\">Delivery time<\/strong><\/h3>\n<p data-start=\"2483\" data-end=\"2654\">Fast shipping via <strong data-start=\"2505\" data-end=\"2512\">MRW<\/strong>, with a delivery time of <strong data-start=\"2541\" data-end=\"2569\">24 to 72 business hours<\/strong>.<br data-start=\"2570\" data-end=\"2573\" \/>Receive your supplements <strong data-start=\"2596\" data-end=\"2611\">One More Up<\/strong> with total safety, quality and guarantee.<\/p>","protected":false},"excerpt":{"rendered":"<p>Probi\u00f3ticos Megaflora9 | 60 c\u00e1psulas | Probiotic Podium Megaflora9 \u2013 Probi\u00f3ticos e Inulina para el Equilibrio Digestivo Descripci\u00f3n del producto Megaflora9 es una f\u00f3rmula avanzada de probi\u00f3ticos y prebi\u00f3ticos dise\u00f1ada para mantener el equilibrio de la flora intestinal, mejorar la salud digestiva y fortalecer el sistema inmunitario.Cada dosis de 2 c\u00e1psulas aporta 400 millones de [&hellip;]<\/p>\n","protected":false},"featured_media":3204,"comment_status":"open","ping_status":"closed","template":"","meta":[],"product_brand":[],"product_cat":[162],"product_tag":[],"class_list":{"0":"post-3203","1":"product","2":"type-product","3":"status-publish","4":"has-post-thumbnail","6":"product_cat-suplementacion-y-vitaminas","8":"first","9":"instock","10":"taxable","11":"shipping-taxable","12":"purchasable","13":"product-type-simple"},"aioseo_notices":[],"_links":{"self":[{"href":"https:\/\/onemoreup.es\/en\/wp-json\/wp\/v2\/product\/3203","targetHints":{"allow":["GET"]}}],"collection":[{"href":"https:\/\/onemoreup.es\/en\/wp-json\/wp\/v2\/product"}],"about":[{"href":"https:\/\/onemoreup.es\/en\/wp-json\/wp\/v2\/types\/product"}],"replies":[{"embeddable":true,"href":"https:\/\/onemoreup.es\/en\/wp-json\/wp\/v2\/comments?post=3203"}],"wp:featuredmedia":[{"embeddable":true,"href":"https:\/\/onemoreup.es\/en\/wp-json\/wp\/v2\/media\/3204"}],"wp:attachment":[{"href":"https:\/\/onemoreup.es\/en\/wp-json\/wp\/v2\/media?parent=3203"}],"wp:term":[{"taxonomy":"product_brand","embeddable":true,"href":"https:\/\/onemoreup.es\/en\/wp-json\/wp\/v2\/product_brand?post=3203"},{"taxonomy":"product_cat","embeddable":true,"href":"https:\/\/onemoreup.es\/en\/wp-json\/wp\/v2\/product_cat?post=3203"},{"taxonomy":"product_tag","embeddable":true,"href":"https:\/\/onemoreup.es\/en\/wp-json\/wp\/v2\/product_tag?post=3203"}],"curies":[{"name":"wp","href":"https:\/\/api.w.org\/{rel}","templated":true}]}}