{"id":3212,"date":"2025-10-07T07:23:42","date_gmt":"2025-10-07T07:23:42","guid":{"rendered":"https:\/\/onemoreup.es\/?post_type=product&#038;p=3212"},"modified":"2025-10-07T07:24:01","modified_gmt":"2025-10-07T07:24:01","slug":"hard-mass-gainer-ganador-de-peso-2kg-harina-de-avena-monohidrato-y-creatina-invictus","status":"publish","type":"product","link":"https:\/\/onemoreup.es\/en\/tienda\/hard-mass-gainer-ganador-de-peso-2kg-harina-de-avena-monohidrato-y-creatina-invictus\/","title":{"rendered":"Hard Mass Gainer | Weight Gainer | 2kg, oatmeal, monohydrate, and creatine Invictus"},"content":{"rendered":"<p>Hard Mass Gainer | Weight Gainer | 2kg, oat flour, monohydrate, and creatine<\/p>\n<h3 data-start=\"243\" data-end=\"314\"><strong data-start=\"247\" data-end=\"314\">Gainer Oat &amp; Creatine \u2013 Recovery and Muscle Mass Gain<\/strong><\/h3>\n<p data-start=\"316\" data-end=\"618\">This product combines <strong data-start=\"338\" data-end=\"373\">high-quality oat flour<\/strong>, <strong data-start=\"375\" data-end=\"402\">creatine monohydrate<\/strong> and one <strong data-start=\"409\" data-end=\"457\">balanced blend of essential amino acids<\/strong>, specifically formulated for <strong data-start=\"490\" data-end=\"536\">promote rapid muscle recovery<\/strong>, <strong data-start=\"538\" data-end=\"579\">enhance the development of lean mass<\/strong> and <strong data-start=\"582\" data-end=\"617\">optimize physical performance<\/strong>.<\/p>\n<p data-start=\"620\" data-end=\"855\">It is ideal for those who want <strong data-start=\"649\" data-end=\"682\">gain weight effectively<\/strong>, increasing at the same time <strong data-start=\"711\" data-end=\"735\">strength and endurance<\/strong>. Perfect for <strong data-start=\"751\" data-end=\"785\">athletes and active people<\/strong> who seek to achieve their goals in a <strong data-start=\"829\" data-end=\"854\">healthy and efficient<\/strong>.<\/p>\n<h4 data-start=\"857\" data-end=\"878\"><strong data-start=\"862\" data-end=\"878\">\u2705 Benefits<\/strong><\/h4>\n<ul data-start=\"879\" data-end=\"1197\">\n<li data-start=\"879\" data-end=\"915\">\n<p data-start=\"881\" data-end=\"915\">Promotes the <strong data-start=\"893\" data-end=\"913\">weight gain<\/strong><\/p>\n<\/li>\n<li data-start=\"916\" data-end=\"952\">\n<p data-start=\"918\" data-end=\"952\"><strong data-start=\"918\" data-end=\"950\">Optimal digestive assimilation<\/strong><\/p>\n<\/li>\n<li data-start=\"953\" data-end=\"994\">\n<p data-start=\"955\" data-end=\"994\">Promotes the <strong data-start=\"967\" data-end=\"992\">muscle recovery<\/strong><\/p>\n<\/li>\n<li data-start=\"995\" data-end=\"1024\">\n<p data-start=\"997\" data-end=\"1024\"><strong data-start=\"997\" data-end=\"1022\">Low fat content<\/strong><\/p>\n<\/li>\n<li data-start=\"1025\" data-end=\"1078\">\n<p data-start=\"1027\" data-end=\"1078\">Increases the <strong data-start=\"1041\" data-end=\"1076\">muscle mass growth<\/strong><\/p>\n<\/li>\n<li data-start=\"1079\" data-end=\"1121\">\n<p data-start=\"1081\" data-end=\"1121\">Increases the <strong data-start=\"1092\" data-end=\"1119\">strength and performance<\/strong><\/p>\n<\/li>\n<li data-start=\"1122\" data-end=\"1162\">\n<p data-start=\"1124\" data-end=\"1162\">Fight the <strong data-start=\"1135\" data-end=\"1160\">fatigue and tiredness<\/strong><\/p>\n<\/li>\n<li data-start=\"1163\" data-end=\"1197\">\n<p data-start=\"1165\" data-end=\"1197\">Provides a <strong data-start=\"1175\" data-end=\"1195\">extra energy<\/strong><\/p>\n<\/li>\n<\/ul>\n<h4 data-start=\"1199\" data-end=\"1225\"><strong data-start=\"1204\" data-end=\"1225\">\ud83d\udcaa Instructions for use<\/strong><\/h4>\n<p data-start=\"1226\" data-end=\"1386\">Dilute <strong data-start=\"1233\" data-end=\"1241\">50 g<\/strong> in <strong data-start=\"1245\" data-end=\"1281\">200 ml of water or skimmed milk<\/strong>.<br data-start=\"1282\" data-end=\"1285\" \/>Take <strong data-start=\"1291\" data-end=\"1317\">once or twice a day<\/strong>, depending on nutritional needs and level of physical activity.<\/p>\n<h4 data-start=\"1388\" data-end=\"1412\"><strong data-start=\"1393\" data-end=\"1412\">\ud83e\uddfe Ingredients<\/strong><\/h4>\n<p data-start=\"1413\" data-end=\"1625\">Dextrose, oat flour, defatted cocoa, maltodextrin, whey protein concentrate 80% (emulsifier: soy lecithin), creatine, soy lecithin, flavorings, sodium chloride and sweetener (E-955).<\/p>\n<h4 data-start=\"1627\" data-end=\"1671\"><strong data-start=\"1632\" data-end=\"1671\">\u26a1 Nutritional composition per 100 g<\/strong><\/h4>\n<ul data-start=\"1672\" data-end=\"1878\">\n<li data-start=\"1672\" data-end=\"1718\">\n<p data-start=\"1674\" data-end=\"1718\">Energy value: 375.81 Kcal \/ 1570.88 Kj<\/p>\n<\/li>\n<li data-start=\"1719\" data-end=\"1740\">\n<p data-start=\"1721\" data-end=\"1740\">Protein: 8.53 g<\/p>\n<\/li>\n<li data-start=\"1741\" data-end=\"1805\">\n<p data-start=\"1743\" data-end=\"1767\">Carbohydrates: 76.04 g<\/p>\n<ul data-start=\"1770\" data-end=\"1805\">\n<li data-start=\"1770\" data-end=\"1805\">\n<p data-start=\"1772\" data-end=\"1805\">Of which sugars: 52.39 g<\/p>\n<\/li>\n<\/ul>\n<\/li>\n<li data-start=\"1806\" data-end=\"1862\">\n<p data-start=\"1808\" data-end=\"1824\">Fat: 4.17 g<\/p>\n<ul data-start=\"1827\" data-end=\"1862\">\n<li data-start=\"1827\" data-end=\"1862\">\n<p data-start=\"1829\" data-end=\"1862\">Of which saturates: 0.26 g<\/p>\n<\/li>\n<\/ul>\n<\/li>\n<li data-start=\"1863\" data-end=\"1878\">\n<p data-start=\"1865\" data-end=\"1878\">Salt: 0.20 g<\/p>\n<\/li>\n<\/ul>\n<h4 data-start=\"1880\" data-end=\"1912\"><strong data-start=\"1885\" data-end=\"1912\">\ud83d\ude9a Fast shipping with MRW<\/strong><\/h4>\n<p data-start=\"1913\" data-end=\"2052\"><strong data-start=\"1913\" data-end=\"1949\">Delivery in 1 to 2 business days<\/strong> through <strong data-start=\"1959\" data-end=\"1966\">MRW<\/strong>.<br data-start=\"1967\" data-end=\"1970\" \/>Receive your order comfortably at home with the guarantee and speed of <strong data-start=\"2036\" data-end=\"2051\">One More Up<\/strong>.<\/p>","protected":false},"excerpt":{"rendered":"<p>Hard Mass Gainer | Ganador de Peso | 2kg , harina de avena, monohidrato y Creatina Gainer Oat &amp; Creatine \u2013 Recuperaci\u00f3n y Aumento de Masa Muscular Este producto combina harina de avena de alta calidad, monohidrato de creatina y una mezcla equilibrada de amino\u00e1cidos esenciales, formulado espec\u00edficamente para favorecer una r\u00e1pida recuperaci\u00f3n muscular, potenciar [&hellip;]<\/p>\n","protected":false},"featured_media":3213,"comment_status":"open","ping_status":"closed","template":"","meta":[],"product_brand":[],"product_cat":[158,162],"product_tag":[],"class_list":{"0":"post-3212","1":"product","2":"type-product","3":"status-publish","4":"has-post-thumbnail","6":"product_cat-proteinas","7":"product_cat-suplementacion-y-vitaminas","9":"first","10":"instock","11":"taxable","12":"shipping-taxable","13":"purchasable","14":"product-type-variable"},"aioseo_notices":[],"_links":{"self":[{"href":"https:\/\/onemoreup.es\/en\/wp-json\/wp\/v2\/product\/3212","targetHints":{"allow":["GET"]}}],"collection":[{"href":"https:\/\/onemoreup.es\/en\/wp-json\/wp\/v2\/product"}],"about":[{"href":"https:\/\/onemoreup.es\/en\/wp-json\/wp\/v2\/types\/product"}],"replies":[{"embeddable":true,"href":"https:\/\/onemoreup.es\/en\/wp-json\/wp\/v2\/comments?post=3212"}],"wp:featuredmedia":[{"embeddable":true,"href":"https:\/\/onemoreup.es\/en\/wp-json\/wp\/v2\/media\/3213"}],"wp:attachment":[{"href":"https:\/\/onemoreup.es\/en\/wp-json\/wp\/v2\/media?parent=3212"}],"wp:term":[{"taxonomy":"product_brand","embeddable":true,"href":"https:\/\/onemoreup.es\/en\/wp-json\/wp\/v2\/product_brand?post=3212"},{"taxonomy":"product_cat","embeddable":true,"href":"https:\/\/onemoreup.es\/en\/wp-json\/wp\/v2\/product_cat?post=3212"},{"taxonomy":"product_tag","embeddable":true,"href":"https:\/\/onemoreup.es\/en\/wp-json\/wp\/v2\/product_tag?post=3212"}],"curies":[{"name":"wp","href":"https:\/\/api.w.org\/{rel}","templated":true}]}}