{"id":3329,"date":"2025-10-13T07:14:38","date_gmt":"2025-10-13T07:14:38","guid":{"rendered":"https:\/\/onemoreup.es\/?post_type=product&#038;p=3329"},"modified":"2025-12-29T09:43:46","modified_gmt":"2025-12-29T09:43:46","slug":"creatina-gominolas-creapure","status":"publish","type":"product","link":"https:\/\/onemoreup.es\/en\/tienda\/creatina-gominolas-creapure\/","title":{"rendered":"Functional cherry-flavored gummies with Creapure\u00ae formula \u2013 60 units"},"content":{"rendered":"<p>Functional cherry-flavored gummies with Creapure\u00ae formula \u2013 60 units<\/p>\n<h3 data-start=\"842\" data-end=\"925\">\ud83c\udfcb\ufe0f\u200d\u2640\ufe0f Functional cherry-flavored gummies with Creapure\u00ae formula \u2013 60 units<\/h3>\n<p data-start=\"927\" data-end=\"1207\">Enjoy a different way to include creatine in your daily routine with these cherry-flavored gummies made with Creapure\u00ae formula.<br data-start=\"1065\" data-end=\"1068\" \/>A practical and enjoyable option, ideal for those looking to complement their diet with innovative sports nutrition products.<\/p>\n<p data-start=\"1209\" data-end=\"1373\">Thanks to their smooth texture and ready-to-drink format, you can easily incorporate them before or after your workouts, or at any time of day.<\/p>\n<p data-start=\"1375\" data-end=\"1594\">\ud83c\udf52 <strong data-start=\"1378\" data-end=\"1410\">Main features:<\/strong><br data-start=\"1410\" data-end=\"1413\" \/>\u2705 With Creapure\u00ae formula<br data-start=\"1436\" data-end=\"1439\" \/>\u2705 60 gummies per container (20 servings)<br data-start=\"1479\" data-end=\"1482\" \/>\u2705 Natural cherry flavor<br data-start=\"1504\" data-end=\"1507\" \/>\u2705 Convenient and practical format to carry<br data-start=\"1546\" data-end=\"1549\" \/>\u2705 Ideal for athletes and active people<\/p>\n<p data-start=\"1596\" data-end=\"1723\"><strong data-start=\"1596\" data-end=\"1616\">Consumption method:<\/strong><br data-start=\"1616\" data-end=\"1619\" \/>Take 3 gummies a day, preferably with meals or before your training sessions.<\/p>\n<p data-start=\"1361\" data-end=\"1490\">\ud83d\ude9a <strong data-start=\"1364\" data-end=\"1406\">Fast delivery within 24 to 72 business hours<\/strong> through <strong data-start=\"1416\" data-end=\"1423\">MRW<\/strong>.<br data-start=\"1424\" data-end=\"1427\" \/>\ud83d\udce6 Original Weider product, distributed by <strong data-start=\"1472\" data-end=\"1487\">One More Up<\/strong>.<\/p>\n<p data-start=\"1361\" data-end=\"1490\">\n<p data-start=\"517\" data-end=\"757\">During <strong data-start=\"525\" data-end=\"548\">special periods<\/strong> as <strong data-start=\"554\" data-end=\"624\">Christmas, sales, special promotions or high demand campaigns<\/strong>, as well as in the months of <strong data-start=\"651\" data-end=\"672\">December and January<\/strong>, can occur <strong data-start=\"692\" data-end=\"747\">delays in order preparation and delivery<\/strong> due to:<\/p>\n<ul data-start=\"758\" data-end=\"897\">\n<li data-start=\"758\" data-end=\"792\">\n<p data-start=\"760\" data-end=\"792\">Increased order volume<\/p>\n<\/li>\n<li data-start=\"793\" data-end=\"831\">\n<p data-start=\"795\" data-end=\"831\">Delays at transport agencies<\/p>\n<\/li>\n<li data-start=\"832\" data-end=\"897\">\n<p data-start=\"834\" data-end=\"897\">Year-end closings and <strong data-start=\"851\" data-end=\"897\">inventories in supplement warehouses<\/strong><\/p>\n<\/li>\n<\/ul>\n<p data-start=\"899\" data-end=\"1048\">\ud83d\udc49 These possible delays are <strong data-start=\"930\" data-end=\"958\">beyond our control<\/strong>, hence <strong data-start=\"971\" data-end=\"1047\">We are not responsible for delays resulting from these circumstances<\/strong>.<\/p>\n<p data-start=\"1050\" data-end=\"1154\">Thank you for your understanding and trust \ud83d\udc9a<br data-start=\"1091\" data-end=\"1094\" \/>We always work to offer you the best possible service.<\/p>","protected":false},"excerpt":{"rendered":"<p>Gominolas funcionales sabor cereza con f\u00f3rmula Creapure\u00ae \u2013 60 unidades \ud83c\udfcb\ufe0f\u200d\u2640\ufe0f Gominolas funcionales sabor cereza con f\u00f3rmula Creapure\u00ae \u2013 60 unidades Disfruta de una forma diferente de incluir creatina en tu rutina diaria con estas gominolas sabor cereza elaboradas con f\u00f3rmula Creapure\u00ae.Una opci\u00f3n pr\u00e1ctica y agradable, ideal para quienes buscan complementar su alimentaci\u00f3n con productos [&hellip;]<\/p>\n","protected":false},"featured_media":3334,"comment_status":"open","ping_status":"closed","template":"","meta":[],"product_brand":[],"product_cat":[18,159],"product_tag":[],"class_list":{"0":"post-3329","1":"product","2":"type-product","3":"status-publish","4":"has-post-thumbnail","6":"product_cat-complementacion-alimentaria","7":"product_cat-creatina-cretaine","9":"first","10":"instock","11":"sale","12":"taxable","13":"shipping-taxable","14":"purchasable","15":"product-type-simple"},"aioseo_notices":[],"_links":{"self":[{"href":"https:\/\/onemoreup.es\/en\/wp-json\/wp\/v2\/product\/3329","targetHints":{"allow":["GET"]}}],"collection":[{"href":"https:\/\/onemoreup.es\/en\/wp-json\/wp\/v2\/product"}],"about":[{"href":"https:\/\/onemoreup.es\/en\/wp-json\/wp\/v2\/types\/product"}],"replies":[{"embeddable":true,"href":"https:\/\/onemoreup.es\/en\/wp-json\/wp\/v2\/comments?post=3329"}],"wp:featuredmedia":[{"embeddable":true,"href":"https:\/\/onemoreup.es\/en\/wp-json\/wp\/v2\/media\/3334"}],"wp:attachment":[{"href":"https:\/\/onemoreup.es\/en\/wp-json\/wp\/v2\/media?parent=3329"}],"wp:term":[{"taxonomy":"product_brand","embeddable":true,"href":"https:\/\/onemoreup.es\/en\/wp-json\/wp\/v2\/product_brand?post=3329"},{"taxonomy":"product_cat","embeddable":true,"href":"https:\/\/onemoreup.es\/en\/wp-json\/wp\/v2\/product_cat?post=3329"},{"taxonomy":"product_tag","embeddable":true,"href":"https:\/\/onemoreup.es\/en\/wp-json\/wp\/v2\/product_tag?post=3329"}],"curies":[{"name":"wp","href":"https:\/\/api.w.org\/{rel}","templated":true}]}}