{"id":3335,"date":"2025-10-13T08:03:40","date_gmt":"2025-10-13T08:03:40","guid":{"rendered":"https:\/\/onemoreup.es\/?post_type=product&#038;p=3335"},"modified":"2026-03-04T11:20:17","modified_gmt":"2026-03-04T11:20:17","slug":"mono-deportivo-one-more-up-impact-fit","status":"publish","type":"product","link":"https:\/\/onemoreup.es\/en\/tienda\/mono-deportivo-one-more-up-impact-fit\/","title":{"rendered":"Mono deportivo Impact Fit"},"content":{"rendered":"<p data-start=\"150\" data-end=\"406\">Mono deportivo Impact Fit<\/p>\n<p data-start=\"150\" data-end=\"406\">Mono deportivo\u00a0dise\u00f1ado para ofrecerte el m\u00e1ximo confort y estilo dentro y fuera del gimnasio.<br data-start=\"260\" data-end=\"263\" \/>Made with elastic and breathable materials that adapt to your body, enhancing your figure and allowing total freedom of movement.<\/p>\n<p data-start=\"408\" data-end=\"544\">\ud83d\udce6 <strong data-start=\"411\" data-end=\"432\">Delivery time:<\/strong> of <strong data-start=\"436\" data-end=\"461\">1 to 5 business days<\/strong>.<br data-start=\"462\" data-end=\"465\" \/>\u2705 Fast and secure shipping with MRW.<br data-start=\"500\" data-end=\"503\" \/>\ud83d\udc9a Includes official OMU label and logo.<\/p>","protected":false},"excerpt":{"rendered":"<p>Mono deportivo Impact Fit Mono deportivo\u00a0dise\u00f1ado para ofrecerte el m\u00e1ximo confort y estilo dentro y fuera del gimnasio.Fabricado con materiales el\u00e1sticos y transpirables que se adaptan a tu cuerpo realzando tu figura y permitiendo total libertad de movimiento. \ud83d\udce6 Plazo de entrega: de 1 a 5 d\u00edas laborables.\u2705 Env\u00edos r\u00e1pidos y seguros con MRW.\ud83d\udc9a Incluye [&hellip;]<\/p>\n","protected":false},"featured_media":3336,"comment_status":"open","ping_status":"closed","template":"","meta":[],"product_brand":[],"product_cat":[19],"product_tag":[],"class_list":{"0":"post-3335","1":"product","2":"type-product","3":"status-publish","4":"has-post-thumbnail","6":"product_cat-ropa-deportiva-ella","8":"first","9":"instock","10":"taxable","11":"shipping-taxable","12":"purchasable","13":"product-type-variable"},"aioseo_notices":[],"_links":{"self":[{"href":"https:\/\/onemoreup.es\/en\/wp-json\/wp\/v2\/product\/3335","targetHints":{"allow":["GET"]}}],"collection":[{"href":"https:\/\/onemoreup.es\/en\/wp-json\/wp\/v2\/product"}],"about":[{"href":"https:\/\/onemoreup.es\/en\/wp-json\/wp\/v2\/types\/product"}],"replies":[{"embeddable":true,"href":"https:\/\/onemoreup.es\/en\/wp-json\/wp\/v2\/comments?post=3335"}],"wp:featuredmedia":[{"embeddable":true,"href":"https:\/\/onemoreup.es\/en\/wp-json\/wp\/v2\/media\/3336"}],"wp:attachment":[{"href":"https:\/\/onemoreup.es\/en\/wp-json\/wp\/v2\/media?parent=3335"}],"wp:term":[{"taxonomy":"product_brand","embeddable":true,"href":"https:\/\/onemoreup.es\/en\/wp-json\/wp\/v2\/product_brand?post=3335"},{"taxonomy":"product_cat","embeddable":true,"href":"https:\/\/onemoreup.es\/en\/wp-json\/wp\/v2\/product_cat?post=3335"},{"taxonomy":"product_tag","embeddable":true,"href":"https:\/\/onemoreup.es\/en\/wp-json\/wp\/v2\/product_tag?post=3335"}],"curies":[{"name":"wp","href":"https:\/\/api.w.org\/{rel}","templated":true}]}}