{"id":3476,"date":"2025-10-23T11:51:26","date_gmt":"2025-10-23T11:51:26","guid":{"rendered":"https:\/\/onemoreup.es\/?post_type=product&#038;p=3476"},"modified":"2025-10-23T11:52:05","modified_gmt":"2025-10-23T11:52:05","slug":"detox-drenante-y-diuretico","status":"publish","type":"product","link":"https:\/\/onemoreup.es\/en\/tienda\/detox-drenante-y-diuretico\/","title":{"rendered":"Detox, Draining and Diuretic\u00a0"},"content":{"rendered":"<h3 data-start=\"216\" data-end=\"267\">\ud83d\udca7 <strong data-start=\"223\" data-end=\"265\">Detox, Draining and Diuretic\u00a0<\/strong><\/h3>\n<p data-start=\"268\" data-end=\"329\"><strong data-start=\"268\" data-end=\"329\">Fluid retention \u00b7 Anti-cellulite \u00b7 Natural and effective<\/strong><\/p>\n<p data-start=\"331\" data-end=\"717\">\ud83c\udf3f <strong data-start=\"334\" data-end=\"387\">Detoxify, drain and activate your well-being from within.<\/strong><br data-start=\"387\" data-end=\"390\" \/>This powerful vegan 100 % natural drainer combines ingredients such as <strong data-start=\"459\" data-end=\"535\">Milk Thistle, Aloe Vera, Gotu Kola, Dandelion and Java Tea<\/strong>, Known for their purifying and diuretic properties. Ideal for women seeking <strong data-start=\"615\" data-end=\"717\">Reduce fluid retention, improve circulation and fight cellulite naturally.<\/strong><\/p>\n<p data-start=\"719\" data-end=\"795\">\u2728 <strong data-start=\"721\" data-end=\"793\">Visible results and a feeling of lightness from the first few days.<\/strong><\/p>\n<ul data-start=\"796\" data-end=\"986\">\n<li data-start=\"796\" data-end=\"837\">\n<p data-start=\"798\" data-end=\"837\">It eliminates toxins and retained fluids.<\/p>\n<\/li>\n<li data-start=\"838\" data-end=\"885\">\n<p data-start=\"840\" data-end=\"885\">Improves skin elasticity and firmness.<\/p>\n<\/li>\n<li data-start=\"886\" data-end=\"935\">\n<p data-start=\"888\" data-end=\"935\">It promotes digestion and abdominal comfort.<\/p>\n<\/li>\n<li data-start=\"936\" data-end=\"986\">\n<p data-start=\"938\" data-end=\"986\">It supports weight and body volume reduction.<\/p>\n<\/li>\n<\/ul>\n<p data-start=\"988\" data-end=\"1170\">\ud83c\udf4b <strong data-start=\"991\" data-end=\"1033\">Concentrated, fast-acting formula<\/strong>, manufactured in Italy to the highest quality standards.<br data-start=\"1095\" data-end=\"1098\" \/>Liquid format of <strong data-start=\"1117\" data-end=\"1127\">500 ml<\/strong>, easy to incorporate into your daily routine.<\/p>\n<p data-start=\"1172\" data-end=\"1389\">\ud83d\ude9a <strong data-start=\"1175\" data-end=\"1234\">Fast shipping with MRW \u2013 Delivery in 24 to 72 business hours.<\/strong><br data-start=\"1234\" data-end=\"1237\" \/>All orders placed in <strong data-start=\"1269\" data-end=\"1284\">One More Up<\/strong> They are prepared as quickly as possible and sent via MRW so that you receive your product as soon as possible.<\/p>\n<p data-start=\"1391\" data-end=\"1507\">\ud83d\udcaa <strong data-start=\"1394\" data-end=\"1446\">Take care of your body. Drain. Detoxify. Evolve.<\/strong><br data-start=\"1446\" data-end=\"1449\" \/><strong data-start=\"1449\" data-end=\"1507\">One More Up \u2013 Your next level starts from within.<\/strong><\/p>","protected":false},"excerpt":{"rendered":"<p>\ud83d\udca7 Detox Drenante y Diur\u00e9tico\u00a0 Retenci\u00f3n de l\u00edquidos \u00b7 Anticelul\u00edtico \u00b7 Natural y eficaz \ud83c\udf3f Depura, drena y activa tu bienestar desde dentro.Este potente drenante natural 100 % vegano combina ingredientes como Cardo Mariano, Aloe Vera, Centella Asi\u00e1tica, Diente de Le\u00f3n y T\u00e9 de Java, conocidos por su acci\u00f3n depurativa y diur\u00e9tica. Ideal para mujeres [&hellip;]<\/p>\n","protected":false},"featured_media":3477,"comment_status":"open","ping_status":"closed","template":"","meta":[],"product_brand":[],"product_cat":[165,166,163,162],"product_tag":[],"class_list":{"0":"post-3476","1":"product","2":"type-product","3":"status-publish","4":"has-post-thumbnail","6":"product_cat-control-maximo-rendimiento-el","7":"product_cat-control-maximo-rendimineto-ella","8":"product_cat-productos-dieta-fitness","9":"product_cat-suplementacion-y-vitaminas","11":"first","12":"instock","13":"taxable","14":"shipping-taxable","15":"purchasable","16":"product-type-simple"},"aioseo_notices":[],"_links":{"self":[{"href":"https:\/\/onemoreup.es\/en\/wp-json\/wp\/v2\/product\/3476","targetHints":{"allow":["GET"]}}],"collection":[{"href":"https:\/\/onemoreup.es\/en\/wp-json\/wp\/v2\/product"}],"about":[{"href":"https:\/\/onemoreup.es\/en\/wp-json\/wp\/v2\/types\/product"}],"replies":[{"embeddable":true,"href":"https:\/\/onemoreup.es\/en\/wp-json\/wp\/v2\/comments?post=3476"}],"wp:featuredmedia":[{"embeddable":true,"href":"https:\/\/onemoreup.es\/en\/wp-json\/wp\/v2\/media\/3477"}],"wp:attachment":[{"href":"https:\/\/onemoreup.es\/en\/wp-json\/wp\/v2\/media?parent=3476"}],"wp:term":[{"taxonomy":"product_brand","embeddable":true,"href":"https:\/\/onemoreup.es\/en\/wp-json\/wp\/v2\/product_brand?post=3476"},{"taxonomy":"product_cat","embeddable":true,"href":"https:\/\/onemoreup.es\/en\/wp-json\/wp\/v2\/product_cat?post=3476"},{"taxonomy":"product_tag","embeddable":true,"href":"https:\/\/onemoreup.es\/en\/wp-json\/wp\/v2\/product_tag?post=3476"}],"curies":[{"name":"wp","href":"https:\/\/api.w.org\/{rel}","templated":true}]}}