{"id":3528,"date":"2025-11-04T12:40:12","date_gmt":"2025-11-04T12:40:12","guid":{"rendered":"https:\/\/onemoreup.es\/?post_type=product&#038;p=3528"},"modified":"2026-04-23T08:46:15","modified_gmt":"2026-04-23T08:46:15","slug":"proteina-whey-amino-1-kg-vitobest","status":"publish","type":"product","link":"https:\/\/onemoreup.es\/en\/tienda\/proteina-whey-amino-1-kg-vitobest\/","title":{"rendered":"Whey Amino 1 kg \u2013 VitOBest \u2013 Whey Protein Concentrate WPC 80"},"content":{"rendered":"<p data-start=\"1289\" data-end=\"1483\"><strong data-start=\"1289\" data-end=\"1320\">Whey Amino 1 kg from VitOBest<\/strong> It is a whey protein concentrate (WPC 80) obtained through a process of <strong data-start=\"1401\" data-end=\"1425\">ultramicrofiltration<\/strong>, which guarantees a product of high quality and purity.<\/p>\n<p data-start=\"1485\" data-end=\"1778\">Its formula includes <strong data-start=\"1504\" data-end=\"1532\">L-Glutamine (Ajinomoto\u00ae)<\/strong> and <strong data-start=\"1535\" data-end=\"1548\">L-Taurine<\/strong>, two amino acids widely used in sports nutrition.<br data-start=\"1612\" data-end=\"1615\" \/>The combination of these ingredients offers a fast-dissolving protein with a pleasant taste and smooth texture, perfect for incorporating into your daily diet.<\/p>\n<p data-start=\"1780\" data-end=\"1816\">\u2728 <strong data-start=\"1782\" data-end=\"1814\">Main features:<\/strong><\/p>\n<ul data-start=\"1817\" data-end=\"2011\">\n<li data-start=\"1817\" data-end=\"1858\">\n<p data-start=\"1819\" data-end=\"1858\">Whey protein concentrate WPC 80.<\/p>\n<\/li>\n<li data-start=\"1859\" data-end=\"1896\">\n<p data-start=\"1861\" data-end=\"1896\">It contains L-Glutamine and L-Taurine.<\/p>\n<\/li>\n<li data-start=\"1897\" data-end=\"1923\">\n<p data-start=\"1899\" data-end=\"1923\">No added sugars.<\/p>\n<\/li>\n<li data-start=\"1924\" data-end=\"1965\">\n<p data-start=\"1926\" data-end=\"1965\">Good solubility and balanced flavor.<\/p>\n<\/li>\n<li data-start=\"1966\" data-end=\"2011\">\n<p data-start=\"1968\" data-end=\"2011\">Suitable for active people and athletes.<\/p>\n<\/li>\n<li>Apto para personas cel\u00edacas (<strong>excepto sabor Galleta negra con nata<\/strong>).<\/li>\n<\/ul>\n<p data-start=\"2013\" data-end=\"2225\">\ud83d\udce6 <strong data-start=\"2016\" data-end=\"2032\">How to use:<\/strong><br data-start=\"2032\" data-end=\"2035\" \/>Mix one portion (as directed by the manufacturer) with 200\u2013250 ml of water, milk or plant-based drink.<br data-start=\"2136\" data-end=\"2139\" \/>Consume at any time of day as part of a varied and balanced diet.<\/p>\n<p data-start=\"2227\" data-end=\"2296\">\ud83d\ude9a <strong data-start=\"2230\" data-end=\"2251\">Delivery time:<\/strong><br data-start=\"2251\" data-end=\"2254\" \/><strong data-start=\"2254\" data-end=\"2296\">24 to 72 business hours via MRW.<\/strong><\/p>\n<p data-start=\"2298\" data-end=\"2398\"><strong data-start=\"2298\" data-end=\"2308\">Brand:<\/strong> VitOBest<br data-start=\"2317\" data-end=\"2320\" \/><strong data-start=\"2320\" data-end=\"2334\">Net weight:<\/strong> 1 kg<br data-start=\"2339\" data-end=\"2342\" \/><strong data-start=\"2342\" data-end=\"2354\">Format:<\/strong> Protein powder<br data-start=\"2369\" data-end=\"2372\" \/><strong data-start=\"2372\" data-end=\"2389\">Made in:<\/strong> Spain<\/p>\n<p data-start=\"2400\" data-end=\"2460\">\ud83d\udc9c <strong data-start=\"2403\" data-end=\"2460\">One More Up \u2013 Quality and trust in every supplement.<\/strong><\/p>","protected":false},"excerpt":{"rendered":"<p>Whey Amino 1 kg de VitOBest es un concentrado de prote\u00edna de suero (WPC 80) obtenido mediante un proceso de ultramicrofiltraci\u00f3n, lo que garantiza un producto de gran calidad y pureza. Su f\u00f3rmula incluye L-Glutamina (Ajinomoto\u00ae) y L-Taurina, dos amino\u00e1cidos ampliamente utilizados en nutrici\u00f3n deportiva.La combinaci\u00f3n de estos ingredientes ofrece una prote\u00edna de disoluci\u00f3n r\u00e1pida, [&hellip;]<\/p>\n","protected":false},"featured_media":3529,"comment_status":"open","ping_status":"closed","template":"","meta":[],"product_brand":[],"product_cat":[158],"product_tag":[],"class_list":{"0":"post-3528","1":"product","2":"type-product","3":"status-publish","4":"has-post-thumbnail","6":"product_cat-proteinas","8":"first","9":"instock","10":"sale","11":"taxable","12":"shipping-taxable","13":"purchasable","14":"product-type-variable"},"aioseo_notices":[],"_links":{"self":[{"href":"https:\/\/onemoreup.es\/en\/wp-json\/wp\/v2\/product\/3528","targetHints":{"allow":["GET"]}}],"collection":[{"href":"https:\/\/onemoreup.es\/en\/wp-json\/wp\/v2\/product"}],"about":[{"href":"https:\/\/onemoreup.es\/en\/wp-json\/wp\/v2\/types\/product"}],"replies":[{"embeddable":true,"href":"https:\/\/onemoreup.es\/en\/wp-json\/wp\/v2\/comments?post=3528"}],"wp:featuredmedia":[{"embeddable":true,"href":"https:\/\/onemoreup.es\/en\/wp-json\/wp\/v2\/media\/3529"}],"wp:attachment":[{"href":"https:\/\/onemoreup.es\/en\/wp-json\/wp\/v2\/media?parent=3528"}],"wp:term":[{"taxonomy":"product_brand","embeddable":true,"href":"https:\/\/onemoreup.es\/en\/wp-json\/wp\/v2\/product_brand?post=3528"},{"taxonomy":"product_cat","embeddable":true,"href":"https:\/\/onemoreup.es\/en\/wp-json\/wp\/v2\/product_cat?post=3528"},{"taxonomy":"product_tag","embeddable":true,"href":"https:\/\/onemoreup.es\/en\/wp-json\/wp\/v2\/product_tag?post=3528"}],"curies":[{"name":"wp","href":"https:\/\/api.w.org\/{rel}","templated":true}]}}