{"id":3565,"date":"2025-11-05T09:03:24","date_gmt":"2025-11-05T09:03:24","guid":{"rendered":"https:\/\/onemoreup.es\/?post_type=product&#038;p=3565"},"modified":"2026-03-04T11:04:36","modified_gmt":"2026-03-04T11:04:36","slug":"tank-top-hombre-omu-camiseta-deportiva-sin-mangas-negra","status":"publish","type":"product","link":"https:\/\/onemoreup.es\/en\/tienda\/tank-top-hombre-omu-camiseta-deportiva-sin-mangas-negra\/","title":{"rendered":"Tank Top Hombre \u2013 Camiseta deportiva sin mangas negra"},"content":{"rendered":"<p>Tank Top Hombre \u2013 Camiseta deportiva sin mangas negra<\/p>\n<p data-start=\"429\" data-end=\"674\">Take your training to the next level with the <strong data-start=\"478\" data-end=\"501\">OMU Men&#039;s Tank Top<\/strong>.<br data-start=\"502\" data-end=\"505\" \/>Lightweight, comfortable and with the unmistakable style of <strong data-start=\"553\" data-end=\"568\">One More Up<\/strong>, designed to offer <strong data-start=\"592\" data-end=\"625\">maximum freedom of movement<\/strong> and an urban touch inside and outside the gym.<\/p>\n<p data-start=\"724\" data-end=\"992\">He <strong data-start=\"727\" data-end=\"750\">OMU Men&#039;s Tank Top<\/strong> combines <strong data-start=\"759\" data-end=\"783\">performance and style<\/strong> An essential garment for athletes seeking comfort and style. Its minimalist design in black with the white OMU logo reflects the brand&#039;s philosophy: <strong data-start=\"952\" data-end=\"989\">discipline, progress and self-improvement<\/strong>.<\/p>\n<p data-start=\"994\" data-end=\"1272\">Made with breathable, quick-drying technical fabric, this tank top keeps you cool even during the most intense workouts. Its sleeveless design allows for full freedom of movement in your arms and shoulders, while its regular fit flatters your figure without feeling restrictive.<\/p>\n<p data-start=\"1274\" data-end=\"1299\">\ud83d\udcaa <strong data-start=\"1277\" data-end=\"1297\">Characteristics:<\/strong><\/p>\n<ul data-start=\"1300\" data-end=\"1526\">\n<li data-start=\"1300\" data-end=\"1335\">\n<p data-start=\"1302\" data-end=\"1335\">Lightweight, soft and stretchy fabric<\/p>\n<\/li>\n<li data-start=\"1336\" data-end=\"1371\">\n<p data-start=\"1338\" data-end=\"1371\">Breathable and quick-drying<\/p>\n<\/li>\n<li data-start=\"1372\" data-end=\"1413\">\n<p data-start=\"1374\" data-end=\"1413\">Sleeveless cut for maximum freedom<\/p>\n<\/li>\n<li data-start=\"1414\" data-end=\"1461\">\n<p data-start=\"1416\" data-end=\"1461\">Minimalist design with OMU logo on the chest<\/p>\n<\/li>\n<li data-start=\"1462\" data-end=\"1526\">\n<p data-start=\"1464\" data-end=\"1526\">Perfect for the gym, cross-training, running, or everyday use.<\/p>\n<\/li>\n<\/ul>\n<p data-start=\"1528\" data-end=\"1555\">\ud83d\udce6 <strong data-start=\"1531\" data-end=\"1553\">Technical details:<\/strong><\/p>\n<ul data-start=\"1556\" data-end=\"1769\">\n<li data-start=\"1556\" data-end=\"1585\">\n<p data-start=\"1558\" data-end=\"1585\"><strong data-start=\"1558\" data-end=\"1568\">Color:<\/strong> Deep black<\/p>\n<\/li>\n<li data-start=\"1586\" data-end=\"1636\">\n<p data-start=\"1588\" data-end=\"1636\"><strong data-start=\"1588\" data-end=\"1604\">Composition:<\/strong> 95 % polyester \/ 5 % elastane<\/p>\n<\/li>\n<li data-start=\"1637\" data-end=\"1679\">\n<p data-start=\"1639\" data-end=\"1679\"><strong data-start=\"1639\" data-end=\"1662\">Available sizes:<\/strong> S \u2013 M \u2013 L \u2013 XL<\/p>\n<\/li>\n<li data-start=\"1680\" data-end=\"1769\">\n<p data-start=\"1682\" data-end=\"1769\"><strong data-start=\"1682\" data-end=\"1710\">Washing instructions:<\/strong> Wash inside out at 30\u00b0C, do not iron over the print.<\/p>\n<\/li>\n<\/ul>\n<p data-start=\"1771\" data-end=\"1889\">\ud83d\ude80 <strong data-start=\"1774\" data-end=\"1821\">Fast shipping 1\u20135 days | Easy returns<\/strong><br data-start=\"1821\" data-end=\"1824\" \/>\ud83d\udfe9 <strong data-start=\"1827\" data-end=\"1889\">Official One More Up design \u2013 For those who never give up.<\/strong><\/p>","protected":false},"excerpt":{"rendered":"<p>Tank Top Hombre \u2013 Camiseta deportiva sin mangas negra Lleva tu entrenamiento al siguiente nivel con el Tank Top Hombre OMU.Ligero, c\u00f3modo y con el estilo inconfundible de One More Up, dise\u00f1ado para ofrecer m\u00e1xima libertad de movimiento y un toque urbano dentro y fuera del gimnasio. El Tank Top Hombre OMU combina rendimiento y [&hellip;]<\/p>\n","protected":false},"featured_media":3578,"comment_status":"open","ping_status":"closed","template":"","meta":[],"product_brand":[],"product_cat":[27],"product_tag":[],"class_list":{"0":"post-3565","1":"product","2":"type-product","3":"status-publish","4":"has-post-thumbnail","6":"product_cat-ropa-deportiva-el","8":"first","9":"instock","10":"taxable","11":"shipping-taxable","12":"purchasable","13":"product-type-variable"},"aioseo_notices":[],"_links":{"self":[{"href":"https:\/\/onemoreup.es\/en\/wp-json\/wp\/v2\/product\/3565","targetHints":{"allow":["GET"]}}],"collection":[{"href":"https:\/\/onemoreup.es\/en\/wp-json\/wp\/v2\/product"}],"about":[{"href":"https:\/\/onemoreup.es\/en\/wp-json\/wp\/v2\/types\/product"}],"replies":[{"embeddable":true,"href":"https:\/\/onemoreup.es\/en\/wp-json\/wp\/v2\/comments?post=3565"}],"wp:featuredmedia":[{"embeddable":true,"href":"https:\/\/onemoreup.es\/en\/wp-json\/wp\/v2\/media\/3578"}],"wp:attachment":[{"href":"https:\/\/onemoreup.es\/en\/wp-json\/wp\/v2\/media?parent=3565"}],"wp:term":[{"taxonomy":"product_brand","embeddable":true,"href":"https:\/\/onemoreup.es\/en\/wp-json\/wp\/v2\/product_brand?post=3565"},{"taxonomy":"product_cat","embeddable":true,"href":"https:\/\/onemoreup.es\/en\/wp-json\/wp\/v2\/product_cat?post=3565"},{"taxonomy":"product_tag","embeddable":true,"href":"https:\/\/onemoreup.es\/en\/wp-json\/wp\/v2\/product_tag?post=3565"}],"curies":[{"name":"wp","href":"https:\/\/api.w.org\/{rel}","templated":true}]}}