{"id":3581,"date":"2025-11-05T09:32:38","date_gmt":"2025-11-05T09:32:38","guid":{"rendered":"https:\/\/onemoreup.es\/?post_type=product&#038;p=3581"},"modified":"2026-04-28T07:57:13","modified_gmt":"2026-04-28T07:57:13","slug":"creatina-monohidratada-creapure-500-g-naturbest","status":"publish","type":"product","link":"https:\/\/onemoreup.es\/en\/tienda\/creatina-monohidratada-creapure-500-g-naturbest\/","title":{"rendered":"Creatina Monohidratada Creapure\u00ae 500 g \u2013 Vitobest"},"content":{"rendered":"<p>Creatina Monohidratada Creapure 500 g \u2013 Vitobest<\/p>\n<p>The <strong data-start=\"447\" data-end=\"496\">Creatina Monohidratada Creapure de Vitobest <\/strong>It is one of the purest and most effective on the market. Ideal for athletes looking to improve their performance, strength, and muscle recovery.<br data-start=\"635\" data-end=\"638\" \/><strong data-start=\"638\" data-end=\"679\">500g format | MRW shipping 24\u201372 hours.<\/strong><\/p>\n<p data-start=\"742\" data-end=\"1000\">The <strong data-start=\"745\" data-end=\"794\">Creatina Monohidratada Creapure de Vitobest <\/strong>representa la m\u00e1xima calidad en suplementaci\u00f3n deportiva. Elaborada con creatina alemana certificada Creapure, garantiza una pureza superior y una excelente disoluci\u00f3n, sin aditivos ni sabores a\u00f1adidos.<\/p>\n<p data-start=\"1002\" data-end=\"1270\">This supplement promotes <strong data-start=\"1030\" data-end=\"1050\">muscle energy<\/strong> and the <strong data-start=\"1056\" data-end=\"1100\">performance during intense exercise<\/strong>, It helps improve strength and reduce recovery time between sessions. Perfect to combine with protein or pre-workout supplements as part of a balanced routine.<\/p>\n<p data-start=\"1272\" data-end=\"1302\">\u2728 <strong data-start=\"1274\" data-end=\"1300\">Key benefits:<\/strong><\/p>\n<ul data-start=\"1303\" data-end=\"1601\">\n<li data-start=\"1303\" data-end=\"1375\">\n<p data-start=\"1305\" data-end=\"1375\">Creatina monohidratada 100 % Creapure \u2013 garant\u00eda de pureza alemana.<\/p>\n<\/li>\n<li data-start=\"1376\" data-end=\"1441\">\n<p data-start=\"1378\" data-end=\"1441\">Improves strength and performance in intense workouts.<\/p>\n<\/li>\n<li data-start=\"1442\" data-end=\"1499\">\n<p data-start=\"1444\" data-end=\"1499\">It promotes muscle recovery and reduces fatigue.<\/p>\n<\/li>\n<li data-start=\"1500\" data-end=\"1549\">\n<p data-start=\"1502\" data-end=\"1549\">Unflavored, with no additives or added sugars.<\/p>\n<\/li>\n<li data-start=\"1550\" data-end=\"1601\">\n<p data-start=\"1552\" data-end=\"1601\">Large format <strong data-start=\"1568\" data-end=\"1599\">500 g = approximately 100 servings.<\/strong><\/p>\n<\/li>\n<\/ul>\n<p data-start=\"1603\" data-end=\"1762\">\ud83d\udce6 <strong data-start=\"1606\" data-end=\"1625\">Instructions for use:<\/strong><br data-start=\"1625\" data-end=\"1628\" \/>Take 1 scoop (5g) daily mixed with water or juice, preferably after training or at any time of day.<\/p>\n<p data-start=\"1764\" data-end=\"1836\">\ud83d\ude9a <strong data-start=\"1767\" data-end=\"1788\">Delivery time:<\/strong><br data-start=\"1788\" data-end=\"1791\" \/><strong data-start=\"1791\" data-end=\"1816\">1 to 3 business days<\/strong> through <strong data-start=\"1826\" data-end=\"1833\">MRW<\/strong>.<\/p>\n<p data-start=\"1838\" data-end=\"1930\"><strong data-start=\"1838\" data-end=\"1853\">Manufacturer:<\/strong> Naturbest<br data-start=\"1863\" data-end=\"1866\" \/><strong data-start=\"1866\" data-end=\"1880\">Net weight:<\/strong> 500 g<br data-start=\"1886\" data-end=\"1889\" \/><strong data-start=\"1889\" data-end=\"1899\">Shape:<\/strong> Dust<br data-start=\"1905\" data-end=\"1908\" \/><strong data-start=\"1908\" data-end=\"1918\">Flavor:<\/strong> Tasteless<\/p>\n<p data-start=\"1932\" data-end=\"2005\">\ud83d\udc9c <strong data-start=\"1935\" data-end=\"2003\">One More Up \u2013 Quality, performance and trust in every product.<\/strong><\/p>","protected":false},"excerpt":{"rendered":"<p>Creatina Monohidratada Creapure 500 g \u2013 Vitobest La Creatina Monohidratada Creapure de Vitobest es una de las m\u00e1s puras y efectivas del mercado. Ideal para deportistas que buscan mejorar su rendimiento, fuerza y recuperaci\u00f3n muscular.Formato de 500 g | Env\u00edo MRW 24\u201372 h. La Creatina Monohidratada Creapure de Vitobest representa la m\u00e1xima calidad en suplementaci\u00f3n [&hellip;]<\/p>\n","protected":false},"featured_media":3584,"comment_status":"open","ping_status":"closed","template":"","meta":[],"product_brand":[],"product_cat":[159],"product_tag":[],"class_list":{"0":"post-3581","1":"product","2":"type-product","3":"status-publish","4":"has-post-thumbnail","6":"product_cat-creatina-cretaine","8":"first","9":"instock","10":"taxable","11":"shipping-taxable","12":"purchasable","13":"product-type-simple"},"aioseo_notices":[],"_links":{"self":[{"href":"https:\/\/onemoreup.es\/en\/wp-json\/wp\/v2\/product\/3581","targetHints":{"allow":["GET"]}}],"collection":[{"href":"https:\/\/onemoreup.es\/en\/wp-json\/wp\/v2\/product"}],"about":[{"href":"https:\/\/onemoreup.es\/en\/wp-json\/wp\/v2\/types\/product"}],"replies":[{"embeddable":true,"href":"https:\/\/onemoreup.es\/en\/wp-json\/wp\/v2\/comments?post=3581"}],"wp:featuredmedia":[{"embeddable":true,"href":"https:\/\/onemoreup.es\/en\/wp-json\/wp\/v2\/media\/3584"}],"wp:attachment":[{"href":"https:\/\/onemoreup.es\/en\/wp-json\/wp\/v2\/media?parent=3581"}],"wp:term":[{"taxonomy":"product_brand","embeddable":true,"href":"https:\/\/onemoreup.es\/en\/wp-json\/wp\/v2\/product_brand?post=3581"},{"taxonomy":"product_cat","embeddable":true,"href":"https:\/\/onemoreup.es\/en\/wp-json\/wp\/v2\/product_cat?post=3581"},{"taxonomy":"product_tag","embeddable":true,"href":"https:\/\/onemoreup.es\/en\/wp-json\/wp\/v2\/product_tag?post=3581"}],"curies":[{"name":"wp","href":"https:\/\/api.w.org\/{rel}","templated":true}]}}