{"id":3611,"date":"2025-11-06T10:11:34","date_gmt":"2025-11-06T10:11:34","guid":{"rendered":"https:\/\/onemoreup.es\/?post_type=product&#038;p=3611"},"modified":"2025-11-06T10:11:45","modified_gmt":"2025-11-06T10:11:45","slug":"artiflex-formula-avanzada-para-el-cuidado-articular","status":"publish","type":"product","link":"https:\/\/onemoreup.es\/en\/tienda\/artiflex-formula-avanzada-para-el-cuidado-articular\/","title":{"rendered":"ArtiFlex \u2013 Advanced formula for joint care"},"content":{"rendered":"<p data-start=\"232\" data-end=\"456\"><strong data-start=\"232\" data-end=\"260\">Product description<\/strong><br data-start=\"260\" data-end=\"263\" \/>ArtiFlex combines top-quality ingredients designed to <strong data-start=\"326\" data-end=\"392\">to maintain joint health and function<\/strong>, contributing to the care of cartilage and connective tissue.<\/p>\n<p data-start=\"458\" data-end=\"650\">Its improved formula includes <strong data-start=\"486\" data-end=\"505\">UC-II\u00ae Collagen<\/strong>, <strong data-start=\"507\" data-end=\"533\">Glucosamine Sulfate<\/strong>, <strong data-start=\"535\" data-end=\"550\">Chondroitin<\/strong> and <strong data-start=\"553\" data-end=\"571\">MSM (OptiMSM\u00ae)<\/strong>, along with other carefully selected natural bioactive substances.<\/p>\n<p data-start=\"652\" data-end=\"755\">Suitable for people with celiac disease.<br data-start=\"680\" data-end=\"683\" \/>Titanium dioxide free capsules.<br data-start=\"721\" data-end=\"724\" \/>\ud83d\udc49 Take <strong data-start=\"733\" data-end=\"754\">2 capsules a day<\/strong>.<\/p>\n<hr data-start=\"757\" data-end=\"760\" \/>\n<h3 data-start=\"762\" data-end=\"795\">\ud83d\udcaa <strong data-start=\"769\" data-end=\"795\">Key components<\/strong><\/h3>\n<ul data-start=\"797\" data-end=\"1327\">\n<li data-start=\"797\" data-end=\"1020\">\n<p data-start=\"799\" data-end=\"1020\"><strong data-start=\"799\" data-end=\"826\">UC-II\u00ae Collagen (Lonza)<\/strong><br data-start=\"826\" data-end=\"829\" \/>Undenatured, highly bioavailable type II collagen. Its patented process helps preserve the collagen&#039;s intact structure to promote its absorption by the body.<\/p>\n<\/li>\n<li data-start=\"1022\" data-end=\"1162\">\n<p data-start=\"1024\" data-end=\"1162\"><strong data-start=\"1024\" data-end=\"1053\">Glucosamine and Chondroitin<\/strong><br data-start=\"1053\" data-end=\"1056\" \/>Structural components of cartilage that contribute to the normal maintenance of joints.<\/p>\n<\/li>\n<li data-start=\"1164\" data-end=\"1327\">\n<p data-start=\"1166\" data-end=\"1327\"><strong data-start=\"1166\" data-end=\"1184\">MSM (OptiMSM\u00ae)<\/strong><br data-start=\"1184\" data-end=\"1187\" \/>A natural source of organic sulfur, which participates in the formation of connective tissue and collaborates in the synthesis of collagen and keratin.<\/p>\n<\/li>\n<\/ul>\n<hr data-start=\"1329\" data-end=\"1332\" \/>\n<h3 data-start=\"1334\" data-end=\"1368\">\ud83e\uddec <strong data-start=\"1341\" data-end=\"1368\">Why choose ArtiFlex?<\/strong><\/h3>\n<ul data-start=\"1369\" data-end=\"1637\">\n<li data-start=\"1369\" data-end=\"1436\">\n<p data-start=\"1371\" data-end=\"1436\">Complete formula with patented, high-quality ingredients.<\/p>\n<\/li>\n<li data-start=\"1437\" data-end=\"1520\">\n<p data-start=\"1439\" data-end=\"1520\">Ideal for athletes and active people looking to take care of their joints.<\/p>\n<\/li>\n<li data-start=\"1521\" data-end=\"1558\">\n<p data-start=\"1523\" data-end=\"1558\">Gluten and titanium dioxide free.<\/p>\n<\/li>\n<li data-start=\"1559\" data-end=\"1637\">\n<p data-start=\"1561\" data-end=\"1637\">Manufactured by <strong data-start=\"1575\" data-end=\"1588\">Vitobest\u00ae<\/strong>, a benchmark in innovation and nutritional purity.<\/p>\n<\/li>\n<\/ul>\n<hr data-start=\"1639\" data-end=\"1642\" \/>\n<p data-start=\"1644\" data-end=\"1848\">\u2705 <strong data-start=\"1646\" data-end=\"1658\">Format:<\/strong> 60 capsules<br data-start=\"1670\" data-end=\"1673\" \/>\u2705 <strong data-start=\"1675\" data-end=\"1694\">Instructions for use:<\/strong> Take 2 capsules a day, preferably with meals.<br data-start=\"1752\" data-end=\"1755\" \/>\u2705 <strong data-start=\"1757\" data-end=\"1779\">Suitable for celiacs<\/strong><br data-start=\"1779\" data-end=\"1782\" \/>\ud83d\ude9a <strong data-start=\"1785\" data-end=\"1806\">Delivery time:<\/strong> 1 to 3 business days via <strong data-start=\"1838\" data-end=\"1845\">MRW<\/strong>.<\/p>","protected":false},"excerpt":{"rendered":"<p>Descripci\u00f3n del productoArtiFlex combina ingredientes de m\u00e1xima calidad dise\u00f1ados para mantener el bienestar y la funcionalidad de las articulaciones, contribuyendo al cuidado del cart\u00edlago y del tejido conectivo. Su f\u00f3rmula mejorada incluye Col\u00e1geno UC-II\u00ae, Sulfato de Glucosamina, Condroitina y MSM (OptiMSM\u00ae), junto con otras sustancias bioactivas naturales cuidadosamente seleccionadas. Apto para personas cel\u00edacas.C\u00e1psulas libres de [&hellip;]<\/p>\n","protected":false},"featured_media":3613,"comment_status":"open","ping_status":"closed","template":"","meta":[],"product_brand":[],"product_cat":[162],"product_tag":[],"class_list":{"0":"post-3611","1":"product","2":"type-product","3":"status-publish","4":"has-post-thumbnail","6":"product_cat-suplementacion-y-vitaminas","8":"first","9":"instock","10":"taxable","11":"shipping-taxable","12":"purchasable","13":"product-type-simple"},"aioseo_notices":[],"_links":{"self":[{"href":"https:\/\/onemoreup.es\/en\/wp-json\/wp\/v2\/product\/3611","targetHints":{"allow":["GET"]}}],"collection":[{"href":"https:\/\/onemoreup.es\/en\/wp-json\/wp\/v2\/product"}],"about":[{"href":"https:\/\/onemoreup.es\/en\/wp-json\/wp\/v2\/types\/product"}],"replies":[{"embeddable":true,"href":"https:\/\/onemoreup.es\/en\/wp-json\/wp\/v2\/comments?post=3611"}],"wp:featuredmedia":[{"embeddable":true,"href":"https:\/\/onemoreup.es\/en\/wp-json\/wp\/v2\/media\/3613"}],"wp:attachment":[{"href":"https:\/\/onemoreup.es\/en\/wp-json\/wp\/v2\/media?parent=3611"}],"wp:term":[{"taxonomy":"product_brand","embeddable":true,"href":"https:\/\/onemoreup.es\/en\/wp-json\/wp\/v2\/product_brand?post=3611"},{"taxonomy":"product_cat","embeddable":true,"href":"https:\/\/onemoreup.es\/en\/wp-json\/wp\/v2\/product_cat?post=3611"},{"taxonomy":"product_tag","embeddable":true,"href":"https:\/\/onemoreup.es\/en\/wp-json\/wp\/v2\/product_tag?post=3611"}],"curies":[{"name":"wp","href":"https:\/\/api.w.org\/{rel}","templated":true}]}}