{"id":3627,"date":"2025-11-13T08:27:53","date_gmt":"2025-11-13T08:27:53","guid":{"rendered":"https:\/\/onemoreup.es\/?post_type=product&#038;p=3627"},"modified":"2025-11-14T21:35:10","modified_gmt":"2025-11-14T21:35:10","slug":"nad-pterostilbene-60-vegecaps-vitobest","status":"publish","type":"product","link":"https:\/\/onemoreup.es\/en\/tienda\/nad-pterostilbene-60-vegecaps-vitobest\/","title":{"rendered":"NAD+ &amp; Pterostilbene \u2013 60 VegeCaps (Vitobest)"},"content":{"rendered":"<p>NAD+ &amp; Pterostilbene \u2013 60 VegeCaps (Vitobest)<\/p>\n<p data-start=\"262\" data-end=\"326\"><strong data-start=\"262\" data-end=\"326\">Advanced support for daily energy and overall well-being<\/strong><\/p>\n<p data-start=\"328\" data-end=\"650\">He <strong data-start=\"331\" data-end=\"367\">NAD+ &amp; Pterostilbene from Vitobest<\/strong> It is designed for those who lead an active lifestyle and seek to maintain their energy, mental clarity, and daily balance. Its combination contributes to the normal functioning of energy metabolism and helps the body cope with times of increased physical or mental demand.<\/p>\n<h3 data-start=\"652\" data-end=\"694\">\u2714 Benefits focused on well-being<\/h3>\n<ul data-start=\"695\" data-end=\"1196\">\n<li data-start=\"695\" data-end=\"784\">\n<p data-start=\"697\" data-end=\"784\">Support the <strong data-start=\"706\" data-end=\"725\">cellular energy<\/strong> and helps maintain vitality throughout the day.<\/p>\n<\/li>\n<li data-start=\"785\" data-end=\"856\">\n<p data-start=\"787\" data-end=\"856\">Useful during periods of <strong data-start=\"807\" data-end=\"837\">fatigue or high demands<\/strong> physical and mental.<\/p>\n<\/li>\n<li data-start=\"857\" data-end=\"941\">\n<p data-start=\"859\" data-end=\"941\">Promotes the <strong data-start=\"871\" data-end=\"895\">clarity, focus<\/strong> and performance in everyday activities.<\/p>\n<\/li>\n<li data-start=\"942\" data-end=\"1020\">\n<p data-start=\"944\" data-end=\"1020\">It provides antioxidants that help to <strong data-start=\"978\" data-end=\"1017\">protect against oxidative stress<\/strong>.<\/p>\n<\/li>\n<li data-start=\"1021\" data-end=\"1096\">\n<p data-start=\"1023\" data-end=\"1096\">It contributes to the maintenance of a <strong data-start=\"1057\" data-end=\"1079\">active metabolism<\/strong> and balanced.<\/p>\n<\/li>\n<li data-start=\"1097\" data-end=\"1196\">\n<p data-start=\"1099\" data-end=\"1196\">General support for well-being <strong data-start=\"1126\" data-end=\"1166\">muscular, cardiovascular and cognitive<\/strong> within healthy habits.<\/p>\n<\/li>\n<\/ul>\n<h3 data-start=\"1198\" data-end=\"1233\">\u2714 Vitobest quality formula<\/h3>\n<ul data-start=\"1234\" data-end=\"1364\">\n<li data-start=\"1234\" data-end=\"1257\">\n<p data-start=\"1236\" data-end=\"1257\">Vegetable capsules.<\/p>\n<\/li>\n<li data-start=\"1258\" data-end=\"1291\">\n<p data-start=\"1260\" data-end=\"1291\"><strong data-start=\"1260\" data-end=\"1289\">Suitable for vegan diets.<\/strong><\/p>\n<\/li>\n<li data-start=\"1292\" data-end=\"1324\">\n<p data-start=\"1294\" data-end=\"1324\">Suitable for people with celiac disease.<\/p>\n<\/li>\n<li data-start=\"1325\" data-end=\"1364\">\n<p data-start=\"1327\" data-end=\"1364\">Titanium dioxide free product.<\/p>\n<\/li>\n<\/ul>\n<h3 data-start=\"1366\" data-end=\"1385\">\u2714 How to use<\/h3>\n<p data-start=\"1386\" data-end=\"1445\">Follow the manufacturer&#039;s instructions or those of a professional.<\/p>\n<h3 data-start=\"1447\" data-end=\"1479\">\u2708 <strong data-start=\"1453\" data-end=\"1477\">Fast shipping with MRW<\/strong><\/h3>\n<p data-start=\"1480\" data-end=\"1522\">Delivery in <strong data-start=\"1491\" data-end=\"1508\">24 to 72 hours<\/strong> on the peninsula.<\/p>","protected":false},"excerpt":{"rendered":"<p>NAD+ &amp; Pterostilbene \u2013 60 VegeCaps (Vitobest) Apoyo avanzado para la energ\u00eda diaria y el bienestar general El NAD+ &amp; Pterostilbene de Vitobest est\u00e1 dise\u00f1ado para quienes llevan un estilo de vida activo y buscan mantener su energ\u00eda, claridad mental y equilibrio diario. Su combinaci\u00f3n contribuye al funcionamiento normal del metabolismo energ\u00e9tico y ayuda al [&hellip;]<\/p>\n","protected":false},"featured_media":3628,"comment_status":"open","ping_status":"closed","template":"","meta":[],"product_brand":[],"product_cat":[162],"product_tag":[],"class_list":{"0":"post-3627","1":"product","2":"type-product","3":"status-publish","4":"has-post-thumbnail","6":"product_cat-suplementacion-y-vitaminas","8":"first","9":"instock","10":"taxable","11":"shipping-taxable","12":"purchasable","13":"product-type-simple"},"aioseo_notices":[],"_links":{"self":[{"href":"https:\/\/onemoreup.es\/en\/wp-json\/wp\/v2\/product\/3627","targetHints":{"allow":["GET"]}}],"collection":[{"href":"https:\/\/onemoreup.es\/en\/wp-json\/wp\/v2\/product"}],"about":[{"href":"https:\/\/onemoreup.es\/en\/wp-json\/wp\/v2\/types\/product"}],"replies":[{"embeddable":true,"href":"https:\/\/onemoreup.es\/en\/wp-json\/wp\/v2\/comments?post=3627"}],"wp:featuredmedia":[{"embeddable":true,"href":"https:\/\/onemoreup.es\/en\/wp-json\/wp\/v2\/media\/3628"}],"wp:attachment":[{"href":"https:\/\/onemoreup.es\/en\/wp-json\/wp\/v2\/media?parent=3627"}],"wp:term":[{"taxonomy":"product_brand","embeddable":true,"href":"https:\/\/onemoreup.es\/en\/wp-json\/wp\/v2\/product_brand?post=3627"},{"taxonomy":"product_cat","embeddable":true,"href":"https:\/\/onemoreup.es\/en\/wp-json\/wp\/v2\/product_cat?post=3627"},{"taxonomy":"product_tag","embeddable":true,"href":"https:\/\/onemoreup.es\/en\/wp-json\/wp\/v2\/product_tag?post=3627"}],"curies":[{"name":"wp","href":"https:\/\/api.w.org\/{rel}","templated":true}]}}