{"id":3697,"date":"2025-11-20T09:09:14","date_gmt":"2025-11-20T09:09:14","guid":{"rendered":"https:\/\/onemoreup.es\/?post_type=product&#038;p=3697"},"modified":"2026-01-22T11:16:28","modified_gmt":"2026-01-22T11:16:28","slug":"creatina-monohidrato-300-g-vitobest-sabores","status":"publish","type":"product","link":"https:\/\/onemoreup.es\/en\/tienda\/creatina-monohidrato-300-g-vitobest-sabores\/","title":{"rendered":"Creatine Monohydrate 300 g \u2013 VitoBest flavors"},"content":{"rendered":"<p>Creatine Monohydrate 300 g \u2013 VitoBest flavors<\/p>\n<p data-start=\"230\" data-end=\"498\">Elevate your workout with VitoBest Micronized Creatine Monohydrate 100 %. A high-quality option for those who strength train or perform high-intensity activities. Its format allows for easy and even mixing, and it comes in strawberry, cherry, banana, and pineapple flavors.<\/p>\n<p data-start=\"500\" data-end=\"598\">Ideal to add to your daily supplementation routine if you are looking for extra support during your sessions.<\/p>\n<p data-start=\"600\" data-end=\"765\">\ud83d\udce6 <strong data-start=\"603\" data-end=\"637\">Fast delivery 24\u201372 h with MRW<\/strong><br data-start=\"637\" data-end=\"640\" \/>\u2714\ufe0f Format: 300 g<br data-start=\"657\" data-end=\"660\" \/>\u2714\ufe0f Micronized texture for easy dissolution<br data-start=\"707\" data-end=\"710\" \/>\u2714\ufe0f Available flavors: strawberry, cherry, banana, and pineapple<\/p>\n<p data-start=\"767\" data-end=\"793\" data-is-last-node=\"\" data-is-only-node=\"\">Available at One More Up.<\/p>\n<p>&nbsp;<\/p>","protected":false},"excerpt":{"rendered":"<p>Creatina Monohidrato 300 g \u2013 VitoBest sabores Eleva tu entrenamiento con Creatina Monohidrato 100 % micronizada de VitoBest. Una opci\u00f3n de alta calidad para quienes entrenan fuerza o realizan actividades de alta intensidad. Su formato permite una mezcla f\u00e1cil y uniforme, con sabores fresa, cereza, pl\u00e1tano y pi\u00f1a. Ideal para a\u00f1adir a tu rutina diaria [&hellip;]<\/p>\n","protected":false},"featured_media":3698,"comment_status":"open","ping_status":"closed","template":"","meta":[],"product_brand":[],"product_cat":[159,162],"product_tag":[],"class_list":{"0":"post-3697","1":"product","2":"type-product","3":"status-publish","4":"has-post-thumbnail","6":"product_cat-creatina-cretaine","7":"product_cat-suplementacion-y-vitaminas","9":"first","10":"instock","11":"taxable","12":"shipping-taxable","13":"purchasable","14":"product-type-variable"},"aioseo_notices":[],"_links":{"self":[{"href":"https:\/\/onemoreup.es\/en\/wp-json\/wp\/v2\/product\/3697","targetHints":{"allow":["GET"]}}],"collection":[{"href":"https:\/\/onemoreup.es\/en\/wp-json\/wp\/v2\/product"}],"about":[{"href":"https:\/\/onemoreup.es\/en\/wp-json\/wp\/v2\/types\/product"}],"replies":[{"embeddable":true,"href":"https:\/\/onemoreup.es\/en\/wp-json\/wp\/v2\/comments?post=3697"}],"wp:featuredmedia":[{"embeddable":true,"href":"https:\/\/onemoreup.es\/en\/wp-json\/wp\/v2\/media\/3698"}],"wp:attachment":[{"href":"https:\/\/onemoreup.es\/en\/wp-json\/wp\/v2\/media?parent=3697"}],"wp:term":[{"taxonomy":"product_brand","embeddable":true,"href":"https:\/\/onemoreup.es\/en\/wp-json\/wp\/v2\/product_brand?post=3697"},{"taxonomy":"product_cat","embeddable":true,"href":"https:\/\/onemoreup.es\/en\/wp-json\/wp\/v2\/product_cat?post=3697"},{"taxonomy":"product_tag","embeddable":true,"href":"https:\/\/onemoreup.es\/en\/wp-json\/wp\/v2\/product_tag?post=3697"}],"curies":[{"name":"wp","href":"https:\/\/api.w.org\/{rel}","templated":true}]}}