{"id":3707,"date":"2025-11-20T09:14:56","date_gmt":"2025-11-20T09:14:56","guid":{"rendered":"https:\/\/onemoreup.es\/?post_type=product&#038;p=3707"},"modified":"2025-11-20T09:14:57","modified_gmt":"2025-11-20T09:14:57","slug":"daa-zinc-bisglicinato-90-capsulas","status":"publish","type":"product","link":"https:\/\/onemoreup.es\/en\/tienda\/daa-zinc-bisglicinato-90-capsulas\/","title":{"rendered":"DAA + Zinc Bisglycinate | 90 Capsules"},"content":{"rendered":"<p>DAA + Zinc Bisglycinate | 90 Capsules<\/p>\n<p data-start=\"192\" data-end=\"404\">A combination designed for those who care about their well-being and active lifestyle. This formula provides <strong data-start=\"297\" data-end=\"328\">D-Aspartic Acid (2000 mg)<\/strong> and <strong data-start=\"331\" data-end=\"352\">Zinc Bisglycinate<\/strong>, a form of zinc known for its good absorption.<\/p>\n<p data-start=\"406\" data-end=\"661\">Zinc contributes to the normal function of the immune system and the maintenance of normal hormone levels, while DAA is an amino acid widely used in supplementation routines focused on performance and vitality.<\/p>\n<p data-start=\"663\" data-end=\"773\">Perfect to include in your daily routine if you&#039;re looking for extra support for your workouts and overall well-being.<\/p>\n<p data-start=\"775\" data-end=\"932\">\u2714\ufe0f 2000 mg of D-Aspartic Acid per dose<br data-start=\"816\" data-end=\"819\" \/>\u2714\ufe0f Zinc Bisglycinate (high tolerance and good absorption)<br data-start=\"875\" data-end=\"878\" \/>\u2714\ufe0f 90 capsules<br data-start=\"892\" data-end=\"895\" \/>\u2714\ufe0f Ideal for active lifestyles<\/p>\n<p data-start=\"934\" data-end=\"973\">\ud83d\udce6 <strong data-start=\"937\" data-end=\"971\">Fast delivery 24\u201372 h with MRW<\/strong><\/p>\n<p data-start=\"975\" data-end=\"1001\" data-is-last-node=\"\" data-is-only-node=\"\">Available at One More Up.<\/p>","protected":false},"excerpt":{"rendered":"<p>DAA + Zinc Bisglicinato | 90 C\u00e1psulas Una combinaci\u00f3n pensada para quienes cuidan su bienestar y su estilo de vida activo. Esta f\u00f3rmula aporta \u00c1cido D-Asp\u00e1rtico (2000 mg) y Zinc Bisglicinato, una forma de zinc conocida por su buena absorci\u00f3n. El zinc contribuye al funcionamiento normal del sistema inmunitario y al mantenimiento de niveles hormonales [&hellip;]<\/p>\n","protected":false},"featured_media":3708,"comment_status":"open","ping_status":"closed","template":"","meta":[],"product_brand":[],"product_cat":[162],"product_tag":[],"class_list":{"0":"post-3707","1":"product","2":"type-product","3":"status-publish","4":"has-post-thumbnail","6":"product_cat-suplementacion-y-vitaminas","8":"first","9":"instock","10":"taxable","11":"shipping-taxable","12":"purchasable","13":"product-type-simple"},"aioseo_notices":[],"_links":{"self":[{"href":"https:\/\/onemoreup.es\/en\/wp-json\/wp\/v2\/product\/3707","targetHints":{"allow":["GET"]}}],"collection":[{"href":"https:\/\/onemoreup.es\/en\/wp-json\/wp\/v2\/product"}],"about":[{"href":"https:\/\/onemoreup.es\/en\/wp-json\/wp\/v2\/types\/product"}],"replies":[{"embeddable":true,"href":"https:\/\/onemoreup.es\/en\/wp-json\/wp\/v2\/comments?post=3707"}],"wp:featuredmedia":[{"embeddable":true,"href":"https:\/\/onemoreup.es\/en\/wp-json\/wp\/v2\/media\/3708"}],"wp:attachment":[{"href":"https:\/\/onemoreup.es\/en\/wp-json\/wp\/v2\/media?parent=3707"}],"wp:term":[{"taxonomy":"product_brand","embeddable":true,"href":"https:\/\/onemoreup.es\/en\/wp-json\/wp\/v2\/product_brand?post=3707"},{"taxonomy":"product_cat","embeddable":true,"href":"https:\/\/onemoreup.es\/en\/wp-json\/wp\/v2\/product_cat?post=3707"},{"taxonomy":"product_tag","embeddable":true,"href":"https:\/\/onemoreup.es\/en\/wp-json\/wp\/v2\/product_tag?post=3707"}],"curies":[{"name":"wp","href":"https:\/\/api.w.org\/{rel}","templated":true}]}}