{"id":3721,"date":"2025-11-24T10:43:37","date_gmt":"2025-11-24T10:43:37","guid":{"rendered":"https:\/\/onemoreup.es\/?post_type=product&#038;p=3721"},"modified":"2025-11-24T10:43:46","modified_gmt":"2025-11-24T10:43:46","slug":"classic-mix-24x9g-mas-de-50-litros-de-sabor-sin-azucar","status":"publish","type":"product","link":"https:\/\/onemoreup.es\/en\/tienda\/classic-mix-24x9g-mas-de-50-litros-de-sabor-sin-azucar\/","title":{"rendered":"Classic Mix 24x9g \u2013 More than 50 liters of sugar-free flavor"},"content":{"rendered":"<p>Classic Mix 24x9g \u2013 More than 50 liters of sugar-free flavor<\/p>\n<p data-start=\"273\" data-end=\"537\">Discover <strong data-start=\"285\" data-end=\"313\">OUR Classic Mix 24x9g<\/strong>, The most complete pack for enjoying delicious, sugar-free drinks made with top-quality ingredients. Perfect for the whole family, for workouts, for taking to work, or for preparing light and healthy recipes.<\/p>\n<p data-start=\"539\" data-end=\"901\">Package Included <strong data-start=\"558\" data-end=\"583\">24 different flavors<\/strong>, From traditional fruits to more exotic options:<br data-start=\"640\" data-end=\"643\" \/>Apple, banana-strawberry, berries, blackcurrant, forest fruits, grapefruit, cola, lemon, lemonade, lime, mandarin, mango, multivitamin, orange, peach, pineapple, raspberry, blood orange, strawberry, watermelon, lemon iced tea, passion fruit iced tea and peach iced tea.<\/p>\n<h3 data-start=\"903\" data-end=\"938\"><strong data-start=\"907\" data-end=\"938\">Main features<\/strong><\/h3>\n<ul data-start=\"939\" data-end=\"1360\">\n<li data-start=\"939\" data-end=\"1002\">\n<p data-start=\"941\" data-end=\"1002\">\ud83c\udf43 <strong data-start=\"944\" data-end=\"958\">Sugar-free<\/strong>, low in calories and suitable for diabetics.<\/p>\n<\/li>\n<li data-start=\"1003\" data-end=\"1068\">\n<p data-start=\"1005\" data-end=\"1068\">\ud83c\udf31 Sweetened with <strong data-start=\"1022\" data-end=\"1032\">stevia<\/strong>, with natural colors and flavors.<\/p>\n<\/li>\n<li data-start=\"1069\" data-end=\"1130\">\n<p data-start=\"1071\" data-end=\"1130\">\ud83d\udcaa With <strong data-start=\"1078\" data-end=\"1092\">Vitamin C<\/strong> to support the immune system.<\/p>\n<\/li>\n<li data-start=\"1131\" data-end=\"1172\">\n<p data-start=\"1133\" data-end=\"1172\">\ud83d\udeab <strong data-start=\"1136\" data-end=\"1150\">Gluten-free<\/strong> and without preservatives.<\/p>\n<\/li>\n<li data-start=\"1173\" data-end=\"1222\">\n<p data-start=\"1175\" data-end=\"1222\">\ud83e\uddc3 Lasts for more than <strong data-start=\"1196\" data-end=\"1219\">50 liters of beverage<\/strong>.<\/p>\n<\/li>\n<li data-start=\"1223\" data-end=\"1288\">\n<p data-start=\"1225\" data-end=\"1288\">\ud83d\udc49 Ideal for mixing with <strong data-start=\"1251\" data-end=\"1285\">water, milk, smoothies or recipes<\/strong>.<\/p>\n<\/li>\n<li data-start=\"1289\" data-end=\"1360\">\n<p data-start=\"1291\" data-end=\"1360\">\ud83d\udce6 Lightweight and practical format for travel, work, sports or parties.<\/p>\n<\/li>\n<\/ul>\n<h3 data-start=\"1362\" data-end=\"1381\"><strong data-start=\"1366\" data-end=\"1381\">How to use<\/strong><\/h3>\n<p data-start=\"1382\" data-end=\"1568\">Just mix one sachet with cold water and enjoy! <strong data-start=\"1434\" data-end=\"1476\">intense, refreshing and healthy flavor<\/strong>. You can also add it to your yogurts, desserts or smoothies to give them a unique touch.<\/p>\n<h3 data-start=\"1570\" data-end=\"1598\"><strong data-start=\"1574\" data-end=\"1598\">Fast shipping with MRW<\/strong><\/h3>\n<p data-start=\"1599\" data-end=\"1724\">\ud83d\udce6 <strong data-start=\"1602\" data-end=\"1641\">Delivery within 24 to 72 business hours<\/strong> through <strong data-start=\"1651\" data-end=\"1658\">MRW<\/strong>.<br data-start=\"1659\" data-end=\"1662\" \/>Trust, speed and tracking of your order at all times.<\/p>\n<p data-start=\"1726\" data-end=\"1810\">Place your order today and start enjoying your favorite flavors in a healthy way.<\/p>","protected":false},"excerpt":{"rendered":"<p>Classic Mix 24x9g \u2013 M\u00e1s de 50 litros de sabor sin az\u00facar Descubre NUESTRO Classic Mix 24x9g, el pack m\u00e1s completo para disfrutar de bebidas deliciosas, sin az\u00facar y con ingredientes de m\u00e1xima calidad. Perfecto para toda la familia, para entrenar, para llevar al trabajo o para preparar recetas ligeras y saludables. El paquete incluye [&hellip;]<\/p>\n","protected":false},"featured_media":3726,"comment_status":"open","ping_status":"closed","template":"","meta":[],"product_brand":[],"product_cat":[162],"product_tag":[],"class_list":{"0":"post-3721","1":"product","2":"type-product","3":"status-publish","4":"has-post-thumbnail","6":"product_cat-suplementacion-y-vitaminas","8":"first","9":"instock","10":"taxable","11":"shipping-taxable","12":"purchasable","13":"product-type-simple"},"aioseo_notices":[],"_links":{"self":[{"href":"https:\/\/onemoreup.es\/en\/wp-json\/wp\/v2\/product\/3721","targetHints":{"allow":["GET"]}}],"collection":[{"href":"https:\/\/onemoreup.es\/en\/wp-json\/wp\/v2\/product"}],"about":[{"href":"https:\/\/onemoreup.es\/en\/wp-json\/wp\/v2\/types\/product"}],"replies":[{"embeddable":true,"href":"https:\/\/onemoreup.es\/en\/wp-json\/wp\/v2\/comments?post=3721"}],"wp:featuredmedia":[{"embeddable":true,"href":"https:\/\/onemoreup.es\/en\/wp-json\/wp\/v2\/media\/3726"}],"wp:attachment":[{"href":"https:\/\/onemoreup.es\/en\/wp-json\/wp\/v2\/media?parent=3721"}],"wp:term":[{"taxonomy":"product_brand","embeddable":true,"href":"https:\/\/onemoreup.es\/en\/wp-json\/wp\/v2\/product_brand?post=3721"},{"taxonomy":"product_cat","embeddable":true,"href":"https:\/\/onemoreup.es\/en\/wp-json\/wp\/v2\/product_cat?post=3721"},{"taxonomy":"product_tag","embeddable":true,"href":"https:\/\/onemoreup.es\/en\/wp-json\/wp\/v2\/product_tag?post=3721"}],"curies":[{"name":"wp","href":"https:\/\/api.w.org\/{rel}","templated":true}]}}