{"id":3885,"date":"2026-02-12T10:47:54","date_gmt":"2026-02-12T10:47:54","guid":{"rendered":"https:\/\/onemoreup.es\/?post_type=product&#038;p=3885"},"modified":"2026-03-06T11:33:54","modified_gmt":"2026-03-06T11:33:54","slug":"mono-de-padel-omu-dynamic-femme","status":"publish","type":"product","link":"https:\/\/onemoreup.es\/en\/tienda\/mono-de-padel-omu-dynamic-femme\/","title":{"rendered":"Mono Dynamic Femme"},"content":{"rendered":"<p>Mono de Dynamic Femme<\/p>\n<p data-start=\"217\" data-end=\"250\">Dise\u00f1ado para dominar cada punto.<\/p>\n<p data-start=\"252\" data-end=\"574\">Este mono deportivo con falda pantal\u00f3n integrada combina la elegancia de un vestido con la seguridad y funcionalidad de un conjunto t\u00e9cnico. Su dise\u00f1o ajustado en la parte superior realza la silueta y ofrece sujeci\u00f3n, mientras que la falda cruzada con detalle frontal aporta un toque femenino sin renunciar al rendimiento.<\/p>\n<p data-start=\"576\" data-end=\"794\">El short interior integrado garantiza m\u00e1xima comodidad y libertad de movimiento en cada sprint, giro o volea. Se mantiene en su sitio durante todo el partido, ofreciendo seguridad total en los movimientos m\u00e1s intensos.<\/p>\n<p data-start=\"796\" data-end=\"920\">Confeccionado en tejido el\u00e1stico, transpirable y de secado r\u00e1pido, est\u00e1 pensado para entrenamientos exigentes y competici\u00f3n.<\/p>\n<h3 data-start=\"922\" data-end=\"945\">\ud83d\udd25 Caracter\u00edsticas:<\/h3>\n<ul data-start=\"946\" data-end=\"1189\">\n<li data-start=\"946\" data-end=\"996\">\n<p data-start=\"948\" data-end=\"996\">Mono de una pieza con falda pantal\u00f3n integrada<\/p>\n<\/li>\n<li data-start=\"997\" data-end=\"1047\">\n<p data-start=\"999\" data-end=\"1047\">Short interior para mayor sujeci\u00f3n y comodidad<\/p>\n<\/li>\n<li data-start=\"1048\" data-end=\"1089\">\n<p data-start=\"1050\" data-end=\"1089\">Tejido el\u00e1stico de alta adaptabilidad<\/p>\n<\/li>\n<li data-start=\"1090\" data-end=\"1135\">\n<p data-start=\"1092\" data-end=\"1135\">Dise\u00f1o favorecedor que estiliza la figura<\/p>\n<\/li>\n<li data-start=\"1136\" data-end=\"1189\">\n<p data-start=\"1138\" data-end=\"1189\">Ideal para p\u00e1del, tenis y entrenamiento funcional<\/p>\n<\/li>\n<\/ul>\n<p data-start=\"1191\" data-end=\"1300\">Elegancia en la forma. Potencia en el juego.<br data-start=\"1235\" data-end=\"1238\" \/>Este no es solo un outfit de p\u00e1del \u2014 es actitud en cada punto.<\/p>","protected":false},"excerpt":{"rendered":"<p>Mono de Dynamic Femme Dise\u00f1ado para dominar cada punto. Este mono deportivo con falda pantal\u00f3n integrada combina la elegancia de un vestido con la seguridad y funcionalidad de un conjunto t\u00e9cnico. Su dise\u00f1o ajustado en la parte superior realza la silueta y ofrece sujeci\u00f3n, mientras que la falda cruzada con detalle frontal aporta un toque [&hellip;]<\/p>\n","protected":false},"featured_media":3886,"comment_status":"open","ping_status":"closed","template":"","meta":[],"product_brand":[51],"product_cat":[19],"product_tag":[],"class_list":{"0":"post-3885","1":"product","2":"type-product","3":"status-publish","4":"has-post-thumbnail","6":"product_brand-one-more-up","7":"product_cat-ropa-deportiva-ella","9":"first","10":"instock","11":"taxable","12":"shipping-taxable","13":"purchasable","14":"product-type-variable"},"aioseo_notices":[],"_links":{"self":[{"href":"https:\/\/onemoreup.es\/en\/wp-json\/wp\/v2\/product\/3885","targetHints":{"allow":["GET"]}}],"collection":[{"href":"https:\/\/onemoreup.es\/en\/wp-json\/wp\/v2\/product"}],"about":[{"href":"https:\/\/onemoreup.es\/en\/wp-json\/wp\/v2\/types\/product"}],"replies":[{"embeddable":true,"href":"https:\/\/onemoreup.es\/en\/wp-json\/wp\/v2\/comments?post=3885"}],"wp:featuredmedia":[{"embeddable":true,"href":"https:\/\/onemoreup.es\/en\/wp-json\/wp\/v2\/media\/3886"}],"wp:attachment":[{"href":"https:\/\/onemoreup.es\/en\/wp-json\/wp\/v2\/media?parent=3885"}],"wp:term":[{"taxonomy":"product_brand","embeddable":true,"href":"https:\/\/onemoreup.es\/en\/wp-json\/wp\/v2\/product_brand?post=3885"},{"taxonomy":"product_cat","embeddable":true,"href":"https:\/\/onemoreup.es\/en\/wp-json\/wp\/v2\/product_cat?post=3885"},{"taxonomy":"product_tag","embeddable":true,"href":"https:\/\/onemoreup.es\/en\/wp-json\/wp\/v2\/product_tag?post=3885"}],"curies":[{"name":"wp","href":"https:\/\/api.w.org\/{rel}","templated":true}]}}