{"id":3955,"date":"2026-02-17T12:28:59","date_gmt":"2026-02-17T12:28:59","guid":{"rendered":"https:\/\/onemoreup.es\/?post_type=product&#038;p=3955"},"modified":"2026-02-18T12:28:06","modified_gmt":"2026-02-18T12:28:06","slug":"club-omu-mujer-40-entrena-cuida-tu-salud-hormonal-y-sientete-fuerte-a-cualquier-edad","status":"publish","type":"product","link":"https:\/\/onemoreup.es\/en\/tienda\/club-omu-mujer-40-entrena-cuida-tu-salud-hormonal-y-sientete-fuerte-a-cualquier-edad\/","title":{"rendered":"Club OMU Mujer +40. Entrena, cuida tu salud hormonal y si\u00e9ntete fuerte a cualquier edad."},"content":{"rendered":"<p>Club OMU Mujer +40. Entrena, cuida tu salud hormonal y si\u00e9ntete fuerte a cualquier edad.<\/p>\n<p data-start=\"377\" data-end=\"470\"><strong data-start=\"377\" data-end=\"399\">CLUB OMU MUJER +40<\/strong><br data-start=\"399\" data-end=\"402\" \/>Entrena, cuida tu salud hormonal y si\u00e9ntete fuerte a cualquier edad.<\/p>\n<p data-start=\"472\" data-end=\"614\">Este club est\u00e1 dise\u00f1ado para mujeres reales +40 que quieren cuidarse, verse bien, tener energ\u00eda y sentirse fuertes sin obsesiones ni extremos.<\/p>\n<p data-start=\"616\" data-end=\"719\">Aqu\u00ed no hablamos solo de entrenar.<br data-start=\"650\" data-end=\"653\" \/>\ud83d\udc49 Hablamos de bienestar, salud hormonal, constancia y autoestima.<\/p>\n<h3 data-start=\"721\" data-end=\"755\">\u2b50 \u00bfQu\u00e9 incluye tu suscripci\u00f3n?<\/h3>\n<p data-start=\"757\" data-end=\"1060\">\u2714 Rutinas mensuales adaptadas a mujer +40<br data-start=\"717\" data-end=\"720\" \/>\u2714 Nutrici\u00f3n enfocada a equilibrio hormonal y digestivo<br data-start=\"774\" data-end=\"777\" \/>\u2714 Directos o llamadas telef\u00f3nicas mensuales con nosotros\u00a0 (entrenamiento, dudas y motivaci\u00f3n). No estar\u00e1s sola, es una suscripci\u00f3n personalizada a cada una de vosotras. Porque todas somos diferentes.<br data-start=\"841\" data-end=\"844\" \/>\u2714 <strong data-start=\"846\" data-end=\"916\">15% de descuento exclusivo en toda la suplementaci\u00f3n deportiva OMU<\/strong><br data-start=\"916\" data-end=\"919\" \/>\u2714 Comunidad privada de apoyo y motivaci\u00f3n<br data-start=\"960\" data-end=\"963\" \/>\u2714 Contenido exclusivo solo para miembros<br data-start=\"1003\" data-end=\"1006\" \/>\u2714 <strong data-start=\"1008\" data-end=\"1085\">Atenci\u00f3n personalizada con nuestro equipo experto en nutrici\u00f3n y deporte:<\/strong><br data-start=\"1085\" data-end=\"1088\" \/>\ud83d\udc49 Yolanda Santos \u2013 Coach nutrici\u00f3n y fitness femenino<br data-start=\"1142\" data-end=\"1145\" \/>\ud83d\udc49 Elena Damos \u2013 Asesoramiento nutricional y bienestar<br data-start=\"1199\" data-end=\"1202\" \/>\ud83d\udc49 David Fern\u00e1ndez Cayetano \u2013 Campe\u00f3n del mundo y entrenador especializado<\/p>\n<hr data-start=\"1062\" data-end=\"1065\" \/>\n<h3 data-start=\"1067\" data-end=\"1099\">\ud83c\udf3f \u00bfPara qui\u00e9n es este club?<\/h3>\n<p data-start=\"1101\" data-end=\"1291\">\ud83d\udc49 Mujeres +40 activas o que quieren empezar<br data-start=\"1145\" data-end=\"1148\" \/>\ud83d\udc49 Si notas cambios hormonales, digestivos o de energ\u00eda<br data-start=\"1203\" data-end=\"1206\" \/>\ud83d\udc49 Si quieres entrenar sin lesionarte<br data-start=\"1243\" data-end=\"1246\" \/>\ud83d\udc49 Si buscas motivaci\u00f3n real y acompa\u00f1amiento<\/p>\n<hr data-start=\"1293\" data-end=\"1296\" \/>\n<h3 data-start=\"1298\" data-end=\"1322\">\ud83d\udcaa Nuestro objetivo:<\/h3>\n<p data-start=\"1324\" data-end=\"1460\">\u2714 Sentirte fuerte<br data-start=\"1341\" data-end=\"1344\" \/>\u2714 Recuperar energ\u00eda<br data-start=\"1363\" data-end=\"1366\" \/>\u2714 Mejorar composici\u00f3n corporal<br data-start=\"1396\" data-end=\"1399\" \/>\u2714 Cuidar salud hormonal<br data-start=\"1422\" data-end=\"1425\" \/>\u2714 Disfrutar del proceso sin presi\u00f3n<\/p>\n<hr data-start=\"1462\" data-end=\"1465\" \/>\n<p data-start=\"1467\" data-end=\"1568\">\ud83d\udc9c Porque cuidarte no tiene edad.<br data-start=\"1500\" data-end=\"1503\" \/>\ud83d\udc9c Porque el movimiento es vida.<br data-start=\"1535\" data-end=\"1538\" \/>\ud83d\udc9c Porque juntas es m\u00e1s f\u00e1cil.<\/p>\n<p data-start=\"1570\" data-end=\"1604\"><strong data-start=\"1570\" data-end=\"1604\">Bienvenida a tu mejor versi\u00f3n.<\/strong><\/p>\n<p data-start=\"1570\" data-end=\"1604\">\ud83d\udc9c Suscripci\u00f3n mensual: 14,95\u20ac\/mes<br data-start=\"393\" data-end=\"396\" \/>Sin permanencia. Cancela cuando quieras.<\/p>\n<p data-start=\"1570\" data-end=\"1604\">Empieza hoy tu cambio.<\/p>\n<h2 data-start=\"1130\" data-end=\"1168\">QU\u00c9 INCLUYE EL CLUB OMU MUJER +40<\/h2>\n<p data-start=\"1170\" data-end=\"1200\">\ud83d\udc49 Acceso exclusivo mensual a:<\/p>\n<h3 data-start=\"1202\" data-end=\"1239\">\ud83c\udfcb\ufe0f Rutinas fitness adaptadas +40<\/h3>\n<ul data-start=\"1240\" data-end=\"1333\">\n<li data-start=\"1240\" data-end=\"1276\">\n<p data-start=\"1242\" data-end=\"1276\">Entrenamientos mensuales guiados<\/p>\n<\/li>\n<li data-start=\"1277\" data-end=\"1313\">\n<p data-start=\"1279\" data-end=\"1313\">Fuerza, energ\u00eda y salud hormonal<\/p>\n<\/li>\n<li data-start=\"1314\" data-end=\"1333\">\n<p data-start=\"1316\" data-end=\"1333\">Para casa o gym<\/p>\n<\/li>\n<\/ul>\n<h3 data-start=\"1335\" data-end=\"1369\">\ud83e\udd57 Nutrici\u00f3n hormonal femenina<\/h3>\n<ul data-start=\"1370\" data-end=\"1465\">\n<li data-start=\"1370\" data-end=\"1398\">\n<p data-start=\"1372\" data-end=\"1398\">Gu\u00edas pr\u00e1cticas cada mes<\/p>\n<\/li>\n<li data-start=\"1399\" data-end=\"1432\">\n<p data-start=\"1401\" data-end=\"1432\">Alimentaci\u00f3n antiinflamatoria<\/p>\n<\/li>\n<li data-start=\"1433\" data-end=\"1465\">\n<p data-start=\"1435\" data-end=\"1465\">Tips digestivos y hormonales<\/p>\n<\/li>\n<\/ul>\n<h3 data-start=\"1467\" data-end=\"1497\">\ud83c\udfa5 Directo mensual conmigo o llamadas<\/h3>\n<ul data-start=\"1498\" data-end=\"1570\">\n<li data-start=\"1498\" data-end=\"1518\">\n<p data-start=\"1500\" data-end=\"1518\">Resoluci\u00f3n dudas<\/p>\n<\/li>\n<li data-start=\"1519\" data-end=\"1538\">\n<p data-start=\"1521\" data-end=\"1538\">Motivaci\u00f3n real<\/p>\n<\/li>\n<li data-start=\"1539\" data-end=\"1570\">\n<p data-start=\"1541\" data-end=\"1570\">Temas espec\u00edficos mujer +40<\/p>\n<\/li>\n<\/ul>\n<h3 data-start=\"1572\" data-end=\"1600\">\ud83d\udc6d Comunidad privada OMU<\/h3>\n<ul data-start=\"1601\" data-end=\"1680\">\n<li data-start=\"1601\" data-end=\"1631\">\n<p data-start=\"1603\" data-end=\"1631\">Apoyo entre mujeres reales<\/p>\n<\/li>\n<li data-start=\"1632\" data-end=\"1653\">\n<p data-start=\"1634\" data-end=\"1653\">Motivaci\u00f3n diaria<\/p>\n<\/li>\n<li data-start=\"1654\" data-end=\"1680\">\n<p data-start=\"1656\" data-end=\"1680\">Experiencia compartida<\/p>\n<\/li>\n<\/ul>\n<p data-start=\"1682\" data-end=\"1732\">\ud83d\udc9c No es solo entrenar\u2026<br data-start=\"1705\" data-end=\"1708\" \/>Es cuidarte con sentido.<\/p>\n<p data-start=\"1570\" data-end=\"1604\"><strong data-start=\"374\" data-end=\"455\">\ud83d\udcf2 Acceso a comunidad privada exclusiva OMU v\u00eda WhatsApp tras la suscripci\u00f3n.<\/strong><br data-start=\"455\" data-end=\"458\" \/>Recibir\u00e1s enlace al completar tu inscripci\u00f3n.<\/p>","protected":false},"excerpt":{"rendered":"<p>Club OMU Mujer +40. Entrena, cuida tu salud hormonal y si\u00e9ntete fuerte a cualquier edad. CLUB OMU MUJER +40Entrena, cuida tu salud hormonal y si\u00e9ntete fuerte a cualquier edad. Este club est\u00e1 dise\u00f1ado para mujeres reales +40 que quieren cuidarse, verse bien, tener energ\u00eda y sentirse fuertes sin obsesiones ni extremos. Aqu\u00ed no hablamos solo [&hellip;]<\/p>\n","protected":false},"featured_media":3960,"comment_status":"open","ping_status":"closed","template":"","meta":[],"product_brand":[],"product_cat":[87],"product_tag":[],"class_list":{"0":"post-3955","1":"product","2":"type-product","3":"status-publish","4":"has-post-thumbnail","6":"product_cat-planes-personalizados","8":"first","9":"instock","10":"virtual","11":"taxable","12":"purchasable","13":"product-type-simple"},"aioseo_notices":[],"_links":{"self":[{"href":"https:\/\/onemoreup.es\/en\/wp-json\/wp\/v2\/product\/3955","targetHints":{"allow":["GET"]}}],"collection":[{"href":"https:\/\/onemoreup.es\/en\/wp-json\/wp\/v2\/product"}],"about":[{"href":"https:\/\/onemoreup.es\/en\/wp-json\/wp\/v2\/types\/product"}],"replies":[{"embeddable":true,"href":"https:\/\/onemoreup.es\/en\/wp-json\/wp\/v2\/comments?post=3955"}],"wp:featuredmedia":[{"embeddable":true,"href":"https:\/\/onemoreup.es\/en\/wp-json\/wp\/v2\/media\/3960"}],"wp:attachment":[{"href":"https:\/\/onemoreup.es\/en\/wp-json\/wp\/v2\/media?parent=3955"}],"wp:term":[{"taxonomy":"product_brand","embeddable":true,"href":"https:\/\/onemoreup.es\/en\/wp-json\/wp\/v2\/product_brand?post=3955"},{"taxonomy":"product_cat","embeddable":true,"href":"https:\/\/onemoreup.es\/en\/wp-json\/wp\/v2\/product_cat?post=3955"},{"taxonomy":"product_tag","embeddable":true,"href":"https:\/\/onemoreup.es\/en\/wp-json\/wp\/v2\/product_tag?post=3955"}],"curies":[{"name":"wp","href":"https:\/\/api.w.org\/{rel}","templated":true}]}}