{"id":3999,"date":"2026-03-05T12:08:45","date_gmt":"2026-03-05T12:08:45","guid":{"rendered":"https:\/\/onemoreup.es\/?post_type=product&#038;p=3999"},"modified":"2026-04-23T08:34:23","modified_gmt":"2026-04-23T08:34:23","slug":"proteina-isolate-cfm-zero","status":"publish","type":"product","link":"https:\/\/onemoreup.es\/en\/tienda\/proteina-isolate-cfm-zero\/","title":{"rendered":"Prote\u00edna Isolate CFM Zero &#8211; VitOBest apto celiacos (leer nota informaci\u00f3n)"},"content":{"rendered":"<p><strong>Apto para personas cel\u00edacas (excepto sabor Chocolate blanco y Galleta negra).<\/strong><\/p>\n<p>&nbsp;<\/p>\n<p>Prote\u00edna Isolate CFM Zero &#8211; VitOBest<\/p>\n<p data-start=\"127\" data-end=\"397\">Isolate CFM Zero de Vitobest es uno de los productos estrella de nuestro cat\u00e1logo. Est\u00e1 elaborado exclusivamente con aislado de prote\u00edna de suero WPI 90 de alta calidad, ofreciendo una prote\u00edna pura ideal para quienes buscan el m\u00e1ximo rendimiento en sus entrenamientos.<\/p>\n<p data-start=\"399\" data-end=\"615\">Su versi\u00f3n neutra contiene <strong data-start=\"426\" data-end=\"452\">100 % prote\u00edna aislada<\/strong>, perfecta para quienes prefieren una f\u00f3rmula sin a\u00f1adidos. Tambi\u00e9n est\u00e1 disponible en <strong data-start=\"539\" data-end=\"561\">delicious flavors<\/strong>, pensados para hacer m\u00e1s agradable su consumo diario.<\/p>\n<p data-start=\"617\" data-end=\"893\">Adem\u00e1s, destaca por su <strong data-start=\"640\" data-end=\"673\">muy bajo contenido en lactosa<\/strong>, <strong data-start=\"675\" data-end=\"700\">sin az\u00facares a\u00f1adidos<\/strong> and <strong data-start=\"703\" data-end=\"720\">sin aspartamo<\/strong>. Una opci\u00f3n perfecta para <strong data-start=\"747\" data-end=\"807\">favorecer el aumento y mantenimiento de la masa muscular<\/strong>, as\u00ed como para <strong data-start=\"823\" data-end=\"892\">contribuir al mantenimiento de los huesos en condiciones normales<\/strong>.<\/p>\n<ul>\n<li>Aislado de prote\u00edna de suero WPI 90 (CFM).<\/li>\n<li>F\u00f3rmula baja en lactosa y libre de az\u00facares a\u00f1adidos y aspartamo.<\/li>\n<li>Ayuda a crear y conservar la masa muscular.<\/li>\n<li>Ideal para quienes solo necesitan un aislado puro de prote\u00edna.<\/li>\n<li>100 % prote\u00edna pura en su sabor neutro.<\/li>\n<li>Apto para personas cel\u00edacas (<strong>excepto sabor Chocolate blanco y Galleta negra<\/strong>).<\/li>\n<\/ul>\n<p data-start=\"2013\" data-end=\"2225\"><img decoding=\"async\" class=\"emoji\" role=\"img\" draggable=\"false\" src=\"https:\/\/s.w.org\/images\/core\/emoji\/17.0.2\/svg\/1f4e6.svg\" alt=\"\ud83d\udce6\" \/>\u00a0<strong data-start=\"2016\" data-end=\"2032\">How to use:<\/strong><br data-start=\"2032\" data-end=\"2035\" \/>Mix one portion (as directed by the manufacturer) with 200\u2013250 ml of water, milk or plant-based drink.<br data-start=\"2136\" data-end=\"2139\" \/>Consume at any time of day as part of a varied and balanced diet.<\/p>\n<p data-start=\"2227\" data-end=\"2296\"><img decoding=\"async\" class=\"emoji\" role=\"img\" draggable=\"false\" src=\"https:\/\/s.w.org\/images\/core\/emoji\/17.0.2\/svg\/1f69a.svg\" alt=\"\ud83d\ude9a\" \/>\u00a0<strong data-start=\"2230\" data-end=\"2251\">Delivery time:<\/strong><br data-start=\"2251\" data-end=\"2254\" \/><strong data-start=\"2254\" data-end=\"2296\">24 to 72 business hours via MRW.<\/strong><\/p>\n<p data-start=\"2298\" data-end=\"2398\"><strong data-start=\"2298\" data-end=\"2308\">Brand:<\/strong>\u00a0VitOBest<br data-start=\"2317\" data-end=\"2320\" \/><strong data-start=\"2320\" data-end=\"2334\">Net weight:<\/strong> 1 kg \/ 2 kg<br data-start=\"2339\" data-end=\"2342\" \/><strong data-start=\"2342\" data-end=\"2354\">Format:<\/strong>\u00a0Protein powder<br data-start=\"2369\" data-end=\"2372\" \/><strong data-start=\"2372\" data-end=\"2389\">Made in:<\/strong>\u00a0Spain<\/p>\n<p data-start=\"2400\" data-end=\"2460\"><img decoding=\"async\" class=\"emoji\" role=\"img\" draggable=\"false\" src=\"https:\/\/s.w.org\/images\/core\/emoji\/17.0.2\/svg\/1f49c.svg\" alt=\"\ud83d\udc9c\" \/>\u00a0<strong data-start=\"2403\" data-end=\"2460\">One More Up \u2013 Quality and trust in every supplement.<\/strong><\/p>","protected":false},"excerpt":{"rendered":"<p>Apto para personas cel\u00edacas (excepto sabor Chocolate blanco y Galleta negra). &nbsp; Prote\u00edna Isolate CFM Zero &#8211; VitOBest Isolate CFM Zero de Vitobest es uno de los productos estrella de nuestro cat\u00e1logo. Est\u00e1 elaborado exclusivamente con aislado de prote\u00edna de suero WPI 90 de alta calidad, ofreciendo una prote\u00edna pura ideal para quienes buscan el [&hellip;]<\/p>\n","protected":false},"featured_media":4000,"comment_status":"open","ping_status":"closed","template":"","meta":[],"product_brand":[51],"product_cat":[158],"product_tag":[],"class_list":{"0":"post-3999","1":"product","2":"type-product","3":"status-publish","4":"has-post-thumbnail","6":"product_brand-one-more-up","7":"product_cat-proteinas","9":"first","10":"instock","11":"sale","12":"taxable","13":"shipping-taxable","14":"purchasable","15":"product-type-variable"},"aioseo_notices":[],"_links":{"self":[{"href":"https:\/\/onemoreup.es\/en\/wp-json\/wp\/v2\/product\/3999","targetHints":{"allow":["GET"]}}],"collection":[{"href":"https:\/\/onemoreup.es\/en\/wp-json\/wp\/v2\/product"}],"about":[{"href":"https:\/\/onemoreup.es\/en\/wp-json\/wp\/v2\/types\/product"}],"replies":[{"embeddable":true,"href":"https:\/\/onemoreup.es\/en\/wp-json\/wp\/v2\/comments?post=3999"}],"wp:featuredmedia":[{"embeddable":true,"href":"https:\/\/onemoreup.es\/en\/wp-json\/wp\/v2\/media\/4000"}],"wp:attachment":[{"href":"https:\/\/onemoreup.es\/en\/wp-json\/wp\/v2\/media?parent=3999"}],"wp:term":[{"taxonomy":"product_brand","embeddable":true,"href":"https:\/\/onemoreup.es\/en\/wp-json\/wp\/v2\/product_brand?post=3999"},{"taxonomy":"product_cat","embeddable":true,"href":"https:\/\/onemoreup.es\/en\/wp-json\/wp\/v2\/product_cat?post=3999"},{"taxonomy":"product_tag","embeddable":true,"href":"https:\/\/onemoreup.es\/en\/wp-json\/wp\/v2\/product_tag?post=3999"}],"curies":[{"name":"wp","href":"https:\/\/api.w.org\/{rel}","templated":true}]}}