{"id":4035,"date":"2026-03-09T11:18:35","date_gmt":"2026-03-09T11:18:35","guid":{"rendered":"https:\/\/onemoreup.es\/?post_type=product&#038;p=4035"},"modified":"2026-03-09T11:18:45","modified_gmt":"2026-03-09T11:18:45","slug":"suplemento-alimenticio-vitomin-vitobest","status":"publish","type":"product","link":"https:\/\/onemoreup.es\/en\/tienda\/suplemento-alimenticio-vitomin-vitobest\/","title":{"rendered":"Suplemento alimenticio Vitomin &#8211; Vitobest"},"content":{"rendered":"<p>Suplemento alimenticio Vitomin &#8211; Vitobest<\/p>\n<p data-start=\"134\" data-end=\"305\"><strong data-start=\"134\" data-end=\"158\">Vitomin de Vitobest<\/strong> es un completo suplemento multivitam\u00ednico y mineral formulado con vitaminas de alta calidad (DSM) y minerales altamente biodisponibles (Albion).<\/p>\n<p data-start=\"307\" data-end=\"620\">Contiene vitaminas <strong data-start=\"326\" data-end=\"394\">A, C, D3, E y complejo B (B1, B2, B3, B5, B6, B9, B12 y biotina)<\/strong> junto con minerales esenciales como <strong data-start=\"431\" data-end=\"500\">magnesio, calcio, hierro, zinc, manganeso, cobre, selenio y cromo<\/strong>, dise\u00f1ados para cubrir las necesidades diarias de micronutrientes y favorecer el correcto funcionamiento del organismo.<\/p>\n<p data-start=\"622\" data-end=\"736\">La f\u00f3rmula utiliza ingredientes de m\u00e1xima calidad para garantizar una <strong data-start=\"692\" data-end=\"735\">excelente absorci\u00f3n y biodisponibilidad<\/strong>:<\/p>\n<ul data-start=\"738\" data-end=\"1117\">\n<li data-section-id=\"72v62z\" data-start=\"738\" data-end=\"853\">\n<p data-start=\"740\" data-end=\"853\"><strong data-start=\"740\" data-end=\"748\">DSM<\/strong>: referente mundial en la producci\u00f3n de vitaminas con estrictos est\u00e1ndares de calidad y sostenibilidad.<\/p>\n<\/li>\n<li data-section-id=\"48sh1w\" data-start=\"854\" data-end=\"960\">\n<p data-start=\"856\" data-end=\"960\"><strong data-start=\"856\" data-end=\"867\">Albion<\/strong>: l\u00edder en minerales aminoquelados con una de las tasas de absorci\u00f3n m\u00e1s altas del mercado.<\/p>\n<\/li>\n<li data-section-id=\"uono46\" data-start=\"961\" data-end=\"1040\">\n<p data-start=\"963\" data-end=\"1040\"><strong data-start=\"963\" data-end=\"977\">Ferrochel<\/strong>: hierro bisglicinato de alta tolerancia y biodisponibilidad.<\/p>\n<\/li>\n<li data-section-id=\"1rmk1va\" data-start=\"1041\" data-end=\"1117\">\n<p data-start=\"1043\" data-end=\"1117\"><strong data-start=\"1043\" data-end=\"1069\">ChromeMate \/ Chromax<\/strong>: fuente avanzada de cromo con alta estabilidad.<\/p>\n<\/li>\n<\/ul>\n<p data-start=\"1119\" data-end=\"1233\">Vitobest utiliza <strong data-start=\"1137\" data-end=\"1170\">c\u00e1psulas vegetales (VegeCaps)<\/strong>, aptas para dietas veganas y <strong data-start=\"1200\" data-end=\"1232\">libres de di\u00f3xido de titanio<\/strong>.<\/p>\n<h3 data-section-id=\"1bgmaqf\" data-start=\"1235\" data-end=\"1261\">Main benefits<\/h3>\n<ul data-start=\"1262\" data-end=\"1728\">\n<li data-section-id=\"1psrdvd\" data-start=\"1262\" data-end=\"1314\">\n<p data-start=\"1264\" data-end=\"1314\">Contributes to the <strong data-start=\"1278\" data-end=\"1311\">metabolismo energ\u00e9tico normal<\/strong>.<\/p>\n<\/li>\n<li data-section-id=\"7pri5h\" data-start=\"1315\" data-end=\"1364\">\n<p data-start=\"1317\" data-end=\"1364\">Help <strong data-start=\"1325\" data-end=\"1361\">reduce tiredness and fatigue<\/strong>.<\/p>\n<\/li>\n<li data-section-id=\"3ukupq\" data-start=\"1365\" data-end=\"1442\">\n<p data-start=\"1367\" data-end=\"1442\">It favors the <strong data-start=\"1379\" data-end=\"1439\">funcionamiento normal del sistema nervioso y psicol\u00f3gico<\/strong>.<\/p>\n<\/li>\n<li data-section-id=\"118ofx9\" data-start=\"1443\" data-end=\"1511\">\n<p data-start=\"1445\" data-end=\"1511\">Contributes to the <strong data-start=\"1459\" data-end=\"1508\">funcionamiento normal del sistema inmunitario<\/strong>.<\/p>\n<\/li>\n<li data-section-id=\"16rv8rb\" data-start=\"1512\" data-end=\"1574\">\n<p data-start=\"1514\" data-end=\"1574\">Help <strong data-start=\"1522\" data-end=\"1571\">proteger las c\u00e9lulas frente al da\u00f1o oxidativo<\/strong>.<\/p>\n<\/li>\n<li data-section-id=\"mngvwu\" data-start=\"1575\" data-end=\"1672\">\n<p data-start=\"1577\" data-end=\"1672\">Contributes to the <strong data-start=\"1591\" data-end=\"1669\">mantenimiento de la piel, mucosas, huesos y visi\u00f3n en condiciones normales<\/strong>.<\/p>\n<\/li>\n<li data-section-id=\"19np3nk\" data-start=\"1673\" data-end=\"1728\">\n<p data-start=\"1675\" data-end=\"1728\">Support the <strong data-start=\"1684\" data-end=\"1727\">funci\u00f3n cognitiva y la divisi\u00f3n celular<\/strong>.<\/p>\n<\/li>\n<\/ul>\n<p><img decoding=\"async\" class=\"emoji\" role=\"img\" draggable=\"false\" src=\"https:\/\/s.w.org\/images\/core\/emoji\/17.0.2\/svg\/1f4e6.svg\" alt=\"\ud83d\udce6\" \/>\u00a0<strong data-start=\"759\" data-end=\"795\">Fast shipping 1\u20133 business days<\/strong> con TIPSA.<\/p>","protected":false},"excerpt":{"rendered":"<p>Suplemento alimenticio Vitomin &#8211; Vitobest Vitomin de Vitobest es un completo suplemento multivitam\u00ednico y mineral formulado con vitaminas de alta calidad (DSM) y minerales altamente biodisponibles (Albion). Contiene vitaminas A, C, D3, E y complejo B (B1, B2, B3, B5, B6, B9, B12 y biotina) junto con minerales esenciales como magnesio, calcio, hierro, zinc, manganeso, [&hellip;]<\/p>\n","protected":false},"featured_media":4036,"comment_status":"open","ping_status":"closed","template":"","meta":[],"product_brand":[51],"product_cat":[162],"product_tag":[],"class_list":{"0":"post-4035","1":"product","2":"type-product","3":"status-publish","4":"has-post-thumbnail","6":"product_brand-one-more-up","7":"product_cat-suplementacion-y-vitaminas","9":"first","10":"instock","11":"sale","12":"taxable","13":"shipping-taxable","14":"purchasable","15":"product-type-simple"},"aioseo_notices":[],"_links":{"self":[{"href":"https:\/\/onemoreup.es\/en\/wp-json\/wp\/v2\/product\/4035","targetHints":{"allow":["GET"]}}],"collection":[{"href":"https:\/\/onemoreup.es\/en\/wp-json\/wp\/v2\/product"}],"about":[{"href":"https:\/\/onemoreup.es\/en\/wp-json\/wp\/v2\/types\/product"}],"replies":[{"embeddable":true,"href":"https:\/\/onemoreup.es\/en\/wp-json\/wp\/v2\/comments?post=4035"}],"wp:featuredmedia":[{"embeddable":true,"href":"https:\/\/onemoreup.es\/en\/wp-json\/wp\/v2\/media\/4036"}],"wp:attachment":[{"href":"https:\/\/onemoreup.es\/en\/wp-json\/wp\/v2\/media?parent=4035"}],"wp:term":[{"taxonomy":"product_brand","embeddable":true,"href":"https:\/\/onemoreup.es\/en\/wp-json\/wp\/v2\/product_brand?post=4035"},{"taxonomy":"product_cat","embeddable":true,"href":"https:\/\/onemoreup.es\/en\/wp-json\/wp\/v2\/product_cat?post=4035"},{"taxonomy":"product_tag","embeddable":true,"href":"https:\/\/onemoreup.es\/en\/wp-json\/wp\/v2\/product_tag?post=4035"}],"curies":[{"name":"wp","href":"https:\/\/api.w.org\/{rel}","templated":true}]}}