{"id":4037,"date":"2026-03-09T11:22:04","date_gmt":"2026-03-09T11:22:04","guid":{"rendered":"https:\/\/onemoreup.es\/?post_type=product&#038;p=4037"},"modified":"2026-03-09T11:22:05","modified_gmt":"2026-03-09T11:22:05","slug":"vitamin-c-1000-vitobest","status":"publish","type":"product","link":"https:\/\/onemoreup.es\/en\/tienda\/vitamin-c-1000-vitobest\/","title":{"rendered":"Vitamin C 1000 &#8211; Vitobest"},"content":{"rendered":"<p>Vitamin C 1000 &#8211; Vitobest<\/p>\n<p data-start=\"105\" data-end=\"290\"><strong data-start=\"105\" data-end=\"136\">Vitamin C 1000 de Vitobest<\/strong>\u00a0es un suplemento que combina <strong data-start=\"166\" data-end=\"243\">vitamina C de alta calidad con bioflavonoides c\u00edtricos (50 % hesperidina)<\/strong> para potenciar sus beneficios en el organismo.<\/p>\n<p data-start=\"292\" data-end=\"650\">La vitamina C es uno de los antioxidantes m\u00e1s conocidos y utilizados. Participa en numerosos procesos fisiol\u00f3gicos esenciales, como la <strong data-start=\"427\" data-end=\"463\">s\u00edntesis de col\u00e1geno y carnitina<\/strong>, the <strong data-start=\"468\" data-end=\"492\">absorci\u00f3n del hierro<\/strong> and the <strong data-start=\"498\" data-end=\"539\">mantenimiento del sistema inmunitario<\/strong>. Adem\u00e1s, contribuye al crecimiento y reparaci\u00f3n del tejido conectivo y favorece la recuperaci\u00f3n del organismo.<\/p>\n<p data-start=\"652\" data-end=\"810\">Este producto se elabora bajo <strong data-start=\"682\" data-end=\"716\">estrictos controles de calidad<\/strong>, garantizando una formulaci\u00f3n segura y eficaz, con ingredientes cuidadosamente seleccionados.<\/p>\n<p data-start=\"812\" data-end=\"926\">Vitobest utiliza <strong data-start=\"830\" data-end=\"863\">c\u00e1psulas vegetales (VegeCaps)<\/strong>, aptas para dietas veganas y <strong data-start=\"893\" data-end=\"925\">libres de di\u00f3xido de titanio<\/strong>.<\/p>\n<h3 data-section-id=\"1bgmaqf\" data-start=\"928\" data-end=\"954\">Main benefits<\/h3>\n<ul data-start=\"955\" data-end=\"1453\">\n<li data-section-id=\"118ofx9\" data-start=\"955\" data-end=\"1023\">\n<p data-start=\"957\" data-end=\"1023\">Contributes to the <strong data-start=\"971\" data-end=\"1020\">funcionamiento normal del sistema inmunitario<\/strong>.<\/p>\n<\/li>\n<li data-section-id=\"1ybbh4t\" data-start=\"1024\" data-end=\"1071\">\n<p data-start=\"1026\" data-end=\"1071\">Apoya el <strong data-start=\"1035\" data-end=\"1068\">metabolismo energ\u00e9tico normal<\/strong>.<\/p>\n<\/li>\n<li data-section-id=\"ck11bx\" data-start=\"1072\" data-end=\"1155\">\n<p data-start=\"1074\" data-end=\"1155\">Promotes the <strong data-start=\"1086\" data-end=\"1118\">formaci\u00f3n normal de col\u00e1geno<\/strong>, importante para huesos y tejidos.<\/p>\n<\/li>\n<li data-section-id=\"csughf\" data-start=\"1156\" data-end=\"1235\">\n<p data-start=\"1158\" data-end=\"1235\">Contributes to the <strong data-start=\"1172\" data-end=\"1232\">funcionamiento normal del sistema nervioso y psicol\u00f3gico<\/strong>.<\/p>\n<\/li>\n<li data-section-id=\"16rv8rb\" data-start=\"1236\" data-end=\"1298\">\n<p data-start=\"1238\" data-end=\"1298\">Help <strong data-start=\"1246\" data-end=\"1295\">proteger las c\u00e9lulas frente al da\u00f1o oxidativo<\/strong>.<\/p>\n<\/li>\n<li data-section-id=\"f14vf\" data-start=\"1299\" data-end=\"1353\">\n<p data-start=\"1301\" data-end=\"1353\">Contributes to <strong data-start=\"1314\" data-end=\"1350\">reduce tiredness and fatigue<\/strong>.<\/p>\n<\/li>\n<li data-section-id=\"10vk05l\" data-start=\"1354\" data-end=\"1393\">\n<p data-start=\"1356\" data-end=\"1393\"><strong data-start=\"1356\" data-end=\"1390\">Mejora la absorci\u00f3n del hierro<\/strong>.<\/p>\n<\/li>\n<li data-section-id=\"16jx9e3\" data-start=\"1394\" data-end=\"1453\">\n<p data-start=\"1396\" data-end=\"1453\">Help <strong data-start=\"1404\" data-end=\"1452\">regenerar la forma reducida de la vitamina E.<\/strong><\/p>\n<\/li>\n<\/ul>\n<p><img decoding=\"async\" class=\"emoji\" role=\"img\" draggable=\"false\" src=\"https:\/\/s.w.org\/images\/core\/emoji\/17.0.2\/svg\/1f4e6.svg\" alt=\"\ud83d\udce6\" \/>\u00a0<strong data-start=\"759\" data-end=\"795\">Fast shipping 1\u20133 business days<\/strong>\u00a0con TIPSA.<\/p>","protected":false},"excerpt":{"rendered":"<p>Vitamin C 1000 &#8211; Vitobest Vitamin C 1000 de Vitobest\u00a0es un suplemento que combina vitamina C de alta calidad con bioflavonoides c\u00edtricos (50 % hesperidina) para potenciar sus beneficios en el organismo. La vitamina C es uno de los antioxidantes m\u00e1s conocidos y utilizados. Participa en numerosos procesos fisiol\u00f3gicos esenciales, como la s\u00edntesis de col\u00e1geno [&hellip;]<\/p>\n","protected":false},"featured_media":4038,"comment_status":"open","ping_status":"closed","template":"","meta":[],"product_brand":[51],"product_cat":[162],"product_tag":[],"class_list":{"0":"post-4037","1":"product","2":"type-product","3":"status-publish","4":"has-post-thumbnail","6":"product_brand-one-more-up","7":"product_cat-suplementacion-y-vitaminas","9":"first","10":"instock","11":"sale","12":"taxable","13":"shipping-taxable","14":"purchasable","15":"product-type-simple"},"aioseo_notices":[],"_links":{"self":[{"href":"https:\/\/onemoreup.es\/en\/wp-json\/wp\/v2\/product\/4037","targetHints":{"allow":["GET"]}}],"collection":[{"href":"https:\/\/onemoreup.es\/en\/wp-json\/wp\/v2\/product"}],"about":[{"href":"https:\/\/onemoreup.es\/en\/wp-json\/wp\/v2\/types\/product"}],"replies":[{"embeddable":true,"href":"https:\/\/onemoreup.es\/en\/wp-json\/wp\/v2\/comments?post=4037"}],"wp:featuredmedia":[{"embeddable":true,"href":"https:\/\/onemoreup.es\/en\/wp-json\/wp\/v2\/media\/4038"}],"wp:attachment":[{"href":"https:\/\/onemoreup.es\/en\/wp-json\/wp\/v2\/media?parent=4037"}],"wp:term":[{"taxonomy":"product_brand","embeddable":true,"href":"https:\/\/onemoreup.es\/en\/wp-json\/wp\/v2\/product_brand?post=4037"},{"taxonomy":"product_cat","embeddable":true,"href":"https:\/\/onemoreup.es\/en\/wp-json\/wp\/v2\/product_cat?post=4037"},{"taxonomy":"product_tag","embeddable":true,"href":"https:\/\/onemoreup.es\/en\/wp-json\/wp\/v2\/product_tag?post=4037"}],"curies":[{"name":"wp","href":"https:\/\/api.w.org\/{rel}","templated":true}]}}