{"id":4039,"date":"2026-03-09T11:26:07","date_gmt":"2026-03-09T11:26:07","guid":{"rendered":"https:\/\/onemoreup.es\/?post_type=product&#038;p=4039"},"modified":"2026-03-09T11:26:07","modified_gmt":"2026-03-09T11:26:07","slug":"omega-3-anchomega-vitobest","status":"publish","type":"product","link":"https:\/\/onemoreup.es\/en\/tienda\/omega-3-anchomega-vitobest\/","title":{"rendered":"Omega 3 (AnchOmega) &#8211; Vitobest"},"content":{"rendered":"<p>Omega 3 (AnchOmega) &#8211; Vitobest<\/p>\n<p data-start=\"119\" data-end=\"293\"><strong data-start=\"119\" data-end=\"141\">Omega 3 AnchOmega<\/strong>\u00a0es un suplemento de alta calidad formulado con <strong data-start=\"189\" data-end=\"202\">EPA y DHA<\/strong>, dos \u00e1cidos grasos esenciales que ayudan a mantener el equilibrio saludable del organismo.<\/p>\n<p data-start=\"295\" data-end=\"484\">Estos nutrientes son fundamentales para el <strong data-start=\"338\" data-end=\"388\">bienestar cardiovascular, cerebral y articular<\/strong>, adem\u00e1s de contribuir al equilibrio inflamatorio y al mantenimiento de una buena salud general.<\/p>\n<p data-start=\"486\" data-end=\"769\">En la alimentaci\u00f3n actual suele existir un <strong data-start=\"529\" data-end=\"567\">exceso de omega 6 frente a omega 3<\/strong>, lo que puede favorecer procesos inflamatorios. Complementar la dieta con <strong data-start=\"642\" data-end=\"664\">Omega 3 AnchOmega<\/strong>, procedente de pescado salvaje y con alta biodisponibilidad, ayuda a restaurar este equilibrio lip\u00eddico.<\/p>\n<h3 data-section-id=\"1bgmaqf\" data-start=\"771\" data-end=\"797\">Main benefits<\/h3>\n<ul data-start=\"798\" data-end=\"1319\">\n<li data-section-id=\"1uomzbz\" data-start=\"798\" data-end=\"926\">\n<p data-start=\"800\" data-end=\"926\"><strong data-start=\"800\" data-end=\"833\">Apoya la salud cardiovascular<\/strong>, ayudando a mantener niveles normales de triglic\u00e9ridos y la salud de los vasos sangu\u00edneos.<\/p>\n<\/li>\n<li data-section-id=\"1b40228\" data-start=\"927\" data-end=\"1034\">\n<p data-start=\"929\" data-end=\"1034\"><strong data-start=\"929\" data-end=\"980\">Favorece la funci\u00f3n cerebral y la concentraci\u00f3n<\/strong>, gracias al DHA, esencial para el sistema nervioso.<\/p>\n<\/li>\n<li data-section-id=\"18zm8r5\" data-start=\"1035\" data-end=\"1137\">\n<p data-start=\"1037\" data-end=\"1137\"><strong data-start=\"1037\" data-end=\"1074\">Contribuye al bienestar articular<\/strong>, ayudando a mantener una respuesta inflamatoria equilibrada.<\/p>\n<\/li>\n<li data-section-id=\"kbowjy\" data-start=\"1138\" data-end=\"1230\">\n<p data-start=\"1140\" data-end=\"1230\"><strong data-start=\"1140\" data-end=\"1187\">Ayuda al mantenimiento de una visi\u00f3n normal<\/strong>, ya que el DHA forma parte de la retina.<\/p>\n<\/li>\n<li data-section-id=\"96iz9k\" data-start=\"1231\" data-end=\"1319\">\n<p data-start=\"1233\" data-end=\"1319\"><strong data-start=\"1233\" data-end=\"1270\">Apoya el equilibrio del organismo<\/strong>, ayudando a reducir el desgaste f\u00edsico y mental.<\/p>\n<\/li>\n<\/ul>\n<h3 data-section-id=\"1tstoxp\" data-start=\"1321\" data-end=\"1352\">\u00bfPor qu\u00e9 elegir AnchOmega?<\/h3>\n<p data-start=\"1354\" data-end=\"1609\">El omega 3 utilizado procede exclusivamente de <strong data-start=\"1401\" data-end=\"1442\">anchoveta peruana (Engraulis ringens)<\/strong> capturada en estado salvaje en la <strong data-start=\"1477\" data-end=\"1492\">FAO \u00c1rea 87<\/strong>, una de las zonas marinas m\u00e1s limpias y sostenibles del planeta, situada frente a la costa del Pac\u00edfico sur de Per\u00fa.<\/p>\n<p data-start=\"1611\" data-end=\"1814\">Esta regi\u00f3n est\u00e1 influenciada por la <strong data-start=\"1648\" data-end=\"1673\">corriente de Humboldt<\/strong>, rica en nutrientes y ox\u00edgeno, lo que favorece una gran biodiversidad marina y una elevada concentraci\u00f3n natural de omega 3 en este pescado.<\/p>\n<h3 data-section-id=\"kpt9g7\" data-start=\"1816\" data-end=\"1844\">Ventajas de la anchoveta<\/h3>\n<ul data-start=\"1845\" data-end=\"2201\">\n<li data-section-id=\"14l4ep8\" data-start=\"1845\" data-end=\"1938\">\n<p data-start=\"1847\" data-end=\"1938\"><strong data-start=\"1847\" data-end=\"1890\">Alta concentraci\u00f3n natural de EPA y DHA<\/strong>, permitiendo obtener omega 3 de gran calidad.<\/p>\n<\/li>\n<li data-section-id=\"4uo8yb\" data-start=\"1939\" data-end=\"2034\">\n<p data-start=\"1941\" data-end=\"2034\"><strong data-start=\"1941\" data-end=\"1980\">Baja acumulaci\u00f3n de metales pesados<\/strong>, ya que es un pez peque\u00f1o y de ciclo de vida corto.<\/p>\n<\/li>\n<li data-section-id=\"15vv2ma\" data-start=\"2035\" data-end=\"2138\">\n<p data-start=\"2037\" data-end=\"2138\"><strong data-start=\"2037\" data-end=\"2057\">Pesca sostenible<\/strong>, con controles estrictos que garantizan la conservaci\u00f3n del ecosistema marino.<\/p>\n<\/li>\n<li data-section-id=\"15md22d\" data-start=\"2139\" data-end=\"2201\">\n<p data-start=\"2141\" data-end=\"2201\"><strong data-start=\"2141\" data-end=\"2175\">Excelente tolerancia digestiva<\/strong> y alta biodisponibilidad.<\/p>\n<\/li>\n<\/ul>\n<h3 data-section-id=\"17yn8px\" data-start=\"2203\" data-end=\"2222\">Characteristics<\/h3>\n<ul data-start=\"2223\" data-end=\"2331\">\n<li data-section-id=\"1awr87v\" data-start=\"2223\" data-end=\"2257\">\n<p data-start=\"2225\" data-end=\"2257\">Procedente de pescado salvaje.<\/p>\n<\/li>\n<li data-section-id=\"1rs4m7m\" data-start=\"2258\" data-end=\"2298\">\n<p data-start=\"2260\" data-end=\"2298\">Alta biodisponibilidad de EPA y DHA.<\/p>\n<\/li>\n<li data-section-id=\"1q5xl7c\" data-start=\"2299\" data-end=\"2331\">\n<p data-start=\"2301\" data-end=\"2331\">Suplemento de calidad premium.<\/p>\n<\/li>\n<\/ul>\n<h3 data-section-id=\"3m0wxy\" data-start=\"2333\" data-end=\"2371\">Declaraciones autorizadas (claims)<\/h3>\n<ul data-start=\"2372\" data-end=\"2650\">\n<li data-section-id=\"1qbr6cs\" data-start=\"2372\" data-end=\"2463\">\n<p data-start=\"2374\" data-end=\"2463\"><strong data-start=\"2374\" data-end=\"2461\">Una ingesta de 250 mg de EPA y DHA contribuye al funcionamiento normal del coraz\u00f3n.<\/strong><\/p>\n<\/li>\n<li data-section-id=\"1abomfr\" data-start=\"2464\" data-end=\"2549\">\n<p data-start=\"2466\" data-end=\"2549\"><strong data-start=\"2466\" data-end=\"2547\">Una ingesta de 250 mg de DHA contribuye al funcionamiento normal del cerebro.<\/strong><\/p>\n<\/li>\n<li data-section-id=\"1wg7kzw\" data-start=\"2550\" data-end=\"2650\">\n<p data-start=\"2552\" data-end=\"2650\"><strong data-start=\"2552\" data-end=\"2650\">Una ingesta de 250 mg de DHA contribuye al mantenimiento de la visi\u00f3n en condiciones normales.<\/strong><\/p>\n<\/li>\n<\/ul>\n<p><img decoding=\"async\" class=\"emoji\" role=\"img\" draggable=\"false\" src=\"https:\/\/s.w.org\/images\/core\/emoji\/17.0.2\/svg\/1f4e6.svg\" alt=\"\ud83d\udce6\" \/>\u00a0<strong data-start=\"759\" data-end=\"795\">Fast shipping 1\u20133 business days<\/strong>\u00a0con TIPSA.<\/p>\n<p>&nbsp;<\/p>","protected":false},"excerpt":{"rendered":"<p>Omega 3 (AnchOmega) &#8211; Vitobest Omega 3 AnchOmega\u00a0es un suplemento de alta calidad formulado con EPA y DHA, dos \u00e1cidos grasos esenciales que ayudan a mantener el equilibrio saludable del organismo. Estos nutrientes son fundamentales para el bienestar cardiovascular, cerebral y articular, adem\u00e1s de contribuir al equilibrio inflamatorio y al mantenimiento de una buena salud [&hellip;]<\/p>\n","protected":false},"featured_media":4040,"comment_status":"open","ping_status":"closed","template":"","meta":[],"product_brand":[51],"product_cat":[162],"product_tag":[],"class_list":{"0":"post-4039","1":"product","2":"type-product","3":"status-publish","4":"has-post-thumbnail","6":"product_brand-one-more-up","7":"product_cat-suplementacion-y-vitaminas","9":"first","10":"instock","11":"sale","12":"taxable","13":"shipping-taxable","14":"purchasable","15":"product-type-simple"},"aioseo_notices":[],"_links":{"self":[{"href":"https:\/\/onemoreup.es\/en\/wp-json\/wp\/v2\/product\/4039","targetHints":{"allow":["GET"]}}],"collection":[{"href":"https:\/\/onemoreup.es\/en\/wp-json\/wp\/v2\/product"}],"about":[{"href":"https:\/\/onemoreup.es\/en\/wp-json\/wp\/v2\/types\/product"}],"replies":[{"embeddable":true,"href":"https:\/\/onemoreup.es\/en\/wp-json\/wp\/v2\/comments?post=4039"}],"wp:featuredmedia":[{"embeddable":true,"href":"https:\/\/onemoreup.es\/en\/wp-json\/wp\/v2\/media\/4040"}],"wp:attachment":[{"href":"https:\/\/onemoreup.es\/en\/wp-json\/wp\/v2\/media?parent=4039"}],"wp:term":[{"taxonomy":"product_brand","embeddable":true,"href":"https:\/\/onemoreup.es\/en\/wp-json\/wp\/v2\/product_brand?post=4039"},{"taxonomy":"product_cat","embeddable":true,"href":"https:\/\/onemoreup.es\/en\/wp-json\/wp\/v2\/product_cat?post=4039"},{"taxonomy":"product_tag","embeddable":true,"href":"https:\/\/onemoreup.es\/en\/wp-json\/wp\/v2\/product_tag?post=4039"}],"curies":[{"name":"wp","href":"https:\/\/api.w.org\/{rel}","templated":true}]}}