{"id":4048,"date":"2026-03-17T09:36:50","date_gmt":"2026-03-17T09:36:50","guid":{"rendered":"https:\/\/onemoreup.es\/?post_type=product&#038;p=4048"},"modified":"2026-03-17T09:37:03","modified_gmt":"2026-03-17T09:37:03","slug":"probioticos-super-probiotic-vitobest","status":"publish","type":"product","link":"https:\/\/onemoreup.es\/en\/tienda\/probioticos-super-probiotic-vitobest\/","title":{"rendered":"Probi\u00f3ticos Super Probiotic &#8211; Vitobest"},"content":{"rendered":"<p>Probi\u00f3ticos Super Probiotic &#8211; Vitobest<\/p>\n<p data-start=\"223\" data-end=\"534\">Nuestro probi\u00f3tico de alta calidad est\u00e1 formulado para apoyar el equilibrio de la microbiota intestinal y fortalecer el sistema inmunitario desde el interior. Con una combinaci\u00f3n de cepas cuidadosamente seleccionadas, ayuda a mejorar la digesti\u00f3n, reducir molestias abdominales y favorecer el bienestar general.<\/p>\n<p data-start=\"536\" data-end=\"809\">El intestino es clave para la salud global, ya que alberga gran parte de nuestras defensas. Por eso, mantener una flora intestinal equilibrada es fundamental para prevenir desequilibrios como la disbiosis, que puede manifestarse con hinchaz\u00f3n, fatiga o digestiones pesadas.<\/p>\n<hr data-start=\"811\" data-end=\"814\" \/>\n<h3 data-section-id=\"1uivvpw\" data-start=\"816\" data-end=\"845\">Main benefits<\/h3>\n<p data-start=\"847\" data-end=\"1102\">\u2714 Favorece el equilibrio de la microbiota intestinal<br data-start=\"899\" data-end=\"902\" \/>\u2714 Mejora la digesti\u00f3n y el tr\u00e1nsito intestinal<br data-start=\"948\" data-end=\"951\" \/>\u2714 Contribuye a reducir la inflamaci\u00f3n intestinal<br data-start=\"999\" data-end=\"1002\" \/>\u2714 Refuerza el sistema inmunitario<br data-start=\"1035\" data-end=\"1038\" \/>\u2714 Ayuda a combatir molestias digestivas como gases o hinchaz\u00f3n<\/p>\n<hr data-start=\"1104\" data-end=\"1107\" \/>\n<h3 data-section-id=\"1dksrpf\" data-start=\"1109\" data-end=\"1141\">F\u00f3rmula eficaz y completa<\/h3>\n<p data-start=\"1143\" data-end=\"1440\">Este probi\u00f3tico contiene m\u00faltiples cepas beneficiosas, incluyendo Lactobacillus y Bifidobacterium, reconocidas por su eficacia en la salud digestiva e inmunol\u00f3gica. Su formato facilita la absorci\u00f3n y garantiza una alta biodisponibilidad, permitiendo que las bacterias lleguen activas al intestino.<\/p>\n<hr data-start=\"1442\" data-end=\"1445\" \/>\n<h3 data-section-id=\"15sun28\" data-start=\"1447\" data-end=\"1463\">Ideal for<\/h3>\n<ul data-start=\"1465\" data-end=\"1668\">\n<li data-section-id=\"jfu26q\" data-start=\"1465\" data-end=\"1515\">\n<p data-start=\"1467\" data-end=\"1515\">Personas con digestiones pesadas o irregulares<\/p>\n<\/li>\n<li data-section-id=\"1catx5a\" data-start=\"1516\" data-end=\"1562\">\n<p data-start=\"1518\" data-end=\"1562\">Quienes buscan mejorar su salud intestinal<\/p>\n<\/li>\n<li data-section-id=\"6ygmtq\" data-start=\"1563\" data-end=\"1599\">\n<p data-start=\"1565\" data-end=\"1599\">Refuerzo del sistema inmunitario<\/p>\n<\/li>\n<li data-section-id=\"2f8wyh\" data-start=\"1600\" data-end=\"1668\">\n<p data-start=\"1602\" data-end=\"1668\">Momentos de estr\u00e9s, cambios de dieta o desequilibrios digestivos<\/p>\n<\/li>\n<\/ul>\n<p><img decoding=\"async\" class=\"emoji\" role=\"img\" draggable=\"false\" src=\"https:\/\/s.w.org\/images\/core\/emoji\/17.0.2\/svg\/1f4e6.svg\" alt=\"\ud83d\udce6\" \/>\u00a0<strong data-start=\"759\" data-end=\"795\">Fast shipping 1\u20133 business days<\/strong>\u00a0con TIPSA.<\/p>","protected":false},"excerpt":{"rendered":"<p>Probi\u00f3ticos Super Probiotic &#8211; Vitobest Nuestro probi\u00f3tico de alta calidad est\u00e1 formulado para apoyar el equilibrio de la microbiota intestinal y fortalecer el sistema inmunitario desde el interior. Con una combinaci\u00f3n de cepas cuidadosamente seleccionadas, ayuda a mejorar la digesti\u00f3n, reducir molestias abdominales y favorecer el bienestar general. El intestino es clave para la salud [&hellip;]<\/p>\n","protected":false},"featured_media":4049,"comment_status":"open","ping_status":"closed","template":"","meta":[],"product_brand":[51],"product_cat":[162],"product_tag":[],"class_list":{"0":"post-4048","1":"product","2":"type-product","3":"status-publish","4":"has-post-thumbnail","6":"product_brand-one-more-up","7":"product_cat-suplementacion-y-vitaminas","9":"first","10":"instock","11":"sale","12":"taxable","13":"shipping-taxable","14":"purchasable","15":"product-type-simple"},"aioseo_notices":[],"_links":{"self":[{"href":"https:\/\/onemoreup.es\/en\/wp-json\/wp\/v2\/product\/4048","targetHints":{"allow":["GET"]}}],"collection":[{"href":"https:\/\/onemoreup.es\/en\/wp-json\/wp\/v2\/product"}],"about":[{"href":"https:\/\/onemoreup.es\/en\/wp-json\/wp\/v2\/types\/product"}],"replies":[{"embeddable":true,"href":"https:\/\/onemoreup.es\/en\/wp-json\/wp\/v2\/comments?post=4048"}],"wp:featuredmedia":[{"embeddable":true,"href":"https:\/\/onemoreup.es\/en\/wp-json\/wp\/v2\/media\/4049"}],"wp:attachment":[{"href":"https:\/\/onemoreup.es\/en\/wp-json\/wp\/v2\/media?parent=4048"}],"wp:term":[{"taxonomy":"product_brand","embeddable":true,"href":"https:\/\/onemoreup.es\/en\/wp-json\/wp\/v2\/product_brand?post=4048"},{"taxonomy":"product_cat","embeddable":true,"href":"https:\/\/onemoreup.es\/en\/wp-json\/wp\/v2\/product_cat?post=4048"},{"taxonomy":"product_tag","embeddable":true,"href":"https:\/\/onemoreup.es\/en\/wp-json\/wp\/v2\/product_tag?post=4048"}],"curies":[{"name":"wp","href":"https:\/\/api.w.org\/{rel}","templated":true}]}}