{"id":409,"date":"2025-07-18T08:02:16","date_gmt":"2025-07-18T08:02:16","guid":{"rendered":"https:\/\/onemoreup.es\/?post_type=product&#038;p=409"},"modified":"2025-09-29T06:43:51","modified_gmt":"2025-09-29T06:43:51","slug":"nike-free-metcon-6-se-zapatillas-de-entrenamiento-phantom-black-hydrangeas-metallic-silver","status":"publish","type":"product","link":"https:\/\/onemoreup.es\/en\/tienda\/nike-free-metcon-6-se-zapatillas-de-entrenamiento-phantom-black-hydrangeas-metallic-silver\/","title":{"rendered":"NIKE FREE METCON 6 SE \u2013 Training Shoes \u2013 Phantom Black Hydrangeas Metallic Silver"},"content":{"rendered":"<p>&nbsp;<\/p>\n<p>NIKE FREE METCON 6 SE \u2013 Training Shoes \u2013 Phantom Black Hydrangeas Metallic Silver<\/p>\n<div class=\"qMOFyE\">Outer material: Fabric<\/div>\n<div class=\"qMOFyE\">Inner material: Fabric<\/div>\n<div class=\"qMOFyE\">Template: Fabric<\/div>\n<div class=\"qMOFyE\">Sole: Synthetic fiber<\/div>\n<div class=\"\">Filling thickness: Cold-resistant filling<\/div>\n<div>\n<div class=\"qMOFyE\">Sport: Training and fitness<\/div>\n<div class=\"qMOFyE\">Toe: Round<\/div>\n<div class=\"qMOFyE\">Heel shape: Platform<\/div>\n<div class=\"qMOFyE\">Closure: Laces<\/div>\n<div class=\"qMOFyE\">Extras: Reinforced toe cap, tongue pull tab, heel pull tab<\/div>\n<div class=\"qMOFyE\">Outsole: Flexible, non-slip<\/div>\n<div class=\"qMOFyE\">Template: Removable<\/div>\n<div class=\"qMOFyE\">Article number: N1241A1DD-T11<\/div>\n<\/div>\n<div>Delivery time: This product is in high demand and the delivery time is 2 to 15 working days via MRW<\/div>","protected":false},"excerpt":{"rendered":"<p>&nbsp; NIKE FREE METCON 6 SE &#8211; Zapatillas de entrenamiento &#8211; phantom black hydrangeas metallic silver Material exterior:\u00a0Tela Material interior:\u00a0Tela Plantilla:\u00a0Tela Suela:\u00a0Fibra sint\u00e9tica Grosor del relleno:\u00a0Relleno contra el fr\u00edo Deporte:\u00a0Entrenamiento y fitness Puntera:\u00a0Redonda Forma del tac\u00f3n:\u00a0Plataforma Cierre:\u00a0Cordones Extras:\u00a0Puntera reforzada, tirador de leng\u00fceta, leng\u00fceta en el tal\u00f3n Suela exterior:\u00a0Flexible, antideslizante Plantilla:\u00a0Extra\u00edble N\u00famero de art\u00edculo:\u00a0N1241A1DD-T11 Plazo entrega: [&hellip;]<\/p>\n","protected":false},"featured_media":410,"comment_status":"open","ping_status":"closed","template":"","meta":[],"product_brand":[],"product_cat":[20],"product_tag":[],"class_list":{"0":"post-409","1":"product","2":"type-product","3":"status-publish","4":"has-post-thumbnail","6":"product_cat-calzado-deportivo","8":"first","9":"outofstock","10":"taxable","11":"shipping-taxable","12":"purchasable","13":"product-type-variable"},"aioseo_notices":[],"_links":{"self":[{"href":"https:\/\/onemoreup.es\/en\/wp-json\/wp\/v2\/product\/409","targetHints":{"allow":["GET"]}}],"collection":[{"href":"https:\/\/onemoreup.es\/en\/wp-json\/wp\/v2\/product"}],"about":[{"href":"https:\/\/onemoreup.es\/en\/wp-json\/wp\/v2\/types\/product"}],"replies":[{"embeddable":true,"href":"https:\/\/onemoreup.es\/en\/wp-json\/wp\/v2\/comments?post=409"}],"wp:featuredmedia":[{"embeddable":true,"href":"https:\/\/onemoreup.es\/en\/wp-json\/wp\/v2\/media\/410"}],"wp:attachment":[{"href":"https:\/\/onemoreup.es\/en\/wp-json\/wp\/v2\/media?parent=409"}],"wp:term":[{"taxonomy":"product_brand","embeddable":true,"href":"https:\/\/onemoreup.es\/en\/wp-json\/wp\/v2\/product_brand?post=409"},{"taxonomy":"product_cat","embeddable":true,"href":"https:\/\/onemoreup.es\/en\/wp-json\/wp\/v2\/product_cat?post=409"},{"taxonomy":"product_tag","embeddable":true,"href":"https:\/\/onemoreup.es\/en\/wp-json\/wp\/v2\/product_tag?post=409"}],"curies":[{"name":"wp","href":"https:\/\/api.w.org\/{rel}","templated":true}]}}