{"id":4189,"date":"2026-05-06T06:48:14","date_gmt":"2026-05-06T06:48:14","guid":{"rendered":"https:\/\/onemoreup.es\/?post_type=product&#038;p=4189"},"modified":"2026-05-06T09:16:56","modified_gmt":"2026-05-06T09:16:56","slug":"optimum-nutrition-gold-standard-100-whey-proteina-de-suero-premium","status":"publish","type":"product","link":"https:\/\/onemoreup.es\/en\/tienda\/optimum-nutrition-gold-standard-100-whey-proteina-de-suero-premium\/","title":{"rendered":"Optimum Nutrition Gold Standard 100% Whey \u2013 Prote\u00edna de Suero Premium"},"content":{"rendered":"<section class=\"text-token-text-primary w-full focus:outline-none [--shadow-height:45px] has-data-writing-block:pointer-events-none has-data-writing-block:-mt-(--shadow-height) has-data-writing-block:pt-(--shadow-height) [&amp;:has([data-writing-block])&gt;*]:pointer-events-auto [content-visibility:auto] supports-[content-visibility:auto]:[contain-intrinsic-size:auto_100lvh] R6Vx5W_threadScrollVars scroll-mb-[calc(var(--scroll-root-safe-area-inset-bottom,0px)+var(--thread-response-height))] scroll-mt-[calc(var(--header-height)+min(200px,max(70px,20svh)))]\" dir=\"auto\" data-turn-id=\"request-WEB:0ed55215-8535-45f7-8a20-6185f4648ad6-0\" data-testid=\"conversation-turn-2\" data-scroll-anchor=\"false\" data-turn=\"assistant\">\n<div class=\"text-base my-auto mx-auto pb-10 [--thread-content-margin:var(--thread-content-margin-xs,calc(var(--spacing)*4))] @w-sm\/main:[--thread-content-margin:var(--thread-content-margin-sm,calc(var(--spacing)*6))] @w-lg\/main:[--thread-content-margin:var(--thread-content-margin-lg,calc(var(--spacing)*16))] px-(--thread-content-margin)\">\n<div class=\"[--thread-content-max-width:40rem] @w-lg\/main:[--thread-content-max-width:48rem] mx-auto max-w-(--thread-content-max-width) flex-1 group\/turn-messages focus-visible:outline-hidden relative flex w-full min-w-0 flex-col agent-turn\">\n<div class=\"flex max-w-full flex-col gap-4 grow\">\n<div class=\"min-h-8 text-message relative flex w-full flex-col items-end gap-2 text-start break-words whitespace-normal outline-none keyboard-focused:focus-ring [.text-message+&amp;]:mt-1\" dir=\"auto\" tabindex=\"0\" data-message-author-role=\"assistant\" data-message-id=\"f4d1b055-6c1e-4251-830e-1948e42989ec\" data-message-model-slug=\"gpt-5-5\" data-turn-start-message=\"true\">\n<div class=\"flex w-full flex-col gap-1 empty:hidden\">\n<div class=\"markdown prose dark:prose-invert w-full wrap-break-word light markdown-new-styling\">\n<p data-start=\"75\" data-end=\"394\">Potencia tu rendimiento y recuperaci\u00f3n con <span class=\"hover:entity-accent entity-underline inline cursor-pointer align-baseline\"><span class=\"whitespace-normal\">Optimum Nutrition<\/span><\/span> Gold Standard 100% Whey, una de las prote\u00ednas m\u00e1s reconocidas y vendidas del mundo. Su f\u00f3rmula avanzada combina aislado, concentrado e hidrolizado de prote\u00edna de suero para ofrecer una absorci\u00f3n r\u00e1pida y una excelente calidad nutricional.<\/p>\n<p data-start=\"396\" data-end=\"529\">Ideal para deportistas, personas activas y cualquier persona que quiera aumentar su ingesta de prote\u00ednas de forma c\u00f3moda y deliciosa.<\/p>\n<h3 data-section-id=\"1lofmxe\" data-start=\"531\" data-end=\"559\">\u2705 Beneficios principales<\/h3>\n<ul data-start=\"560\" data-end=\"815\">\n<li data-section-id=\"x04wgj\" data-start=\"560\" data-end=\"603\">24 g de prote\u00edna de alta calidad por toma<\/li>\n<li data-section-id=\"7cmaet\" data-start=\"604\" data-end=\"643\">Con BCAA y glutamina de forma natural<\/li>\n<li data-section-id=\"17w2032\" data-start=\"644\" data-end=\"702\">Ayuda al crecimiento y mantenimiento de la masa muscular<\/li>\n<li data-section-id=\"1a6jugm\" data-start=\"703\" data-end=\"728\">Baja en az\u00facar y grasas<\/li>\n<li data-section-id=\"1koyzao\" data-start=\"729\" data-end=\"765\">F\u00e1cil disoluci\u00f3n y textura cremosa<\/li>\n<li data-section-id=\"vs1ix5\" data-start=\"766\" data-end=\"815\">Perfecta para antes o despu\u00e9s del entrenamiento<\/li>\n<\/ul>\n<h3 data-section-id=\"hvduh6\" data-start=\"817\" data-end=\"838\">\ud83e\udd64 Modo de empleo<\/h3>\n<p data-start=\"839\" data-end=\"944\">A\u00f1adir 31 g (1 cacito colmado) en 180-240 ml de agua fr\u00eda o leche y mezclar hasta disolver completamente.<\/p>\n<h3 data-section-id=\"ob6022\" data-start=\"946\" data-end=\"977\">\ud83d\udce6 Ingredientes principales<\/h3>\n<p data-start=\"978\" data-end=\"1112\">Mezcla de prote\u00ednas de suero de leche (aislado, concentrado e hidrolizado), cacao magro en polvo, aromas, goma xantana y edulcorantes.<\/p>\n<p data-start=\"1114\" data-end=\"1139\">\u26a0\ufe0f Contiene leche y soja.<\/p>\n<h3 data-section-id=\"eo23a6\" data-start=\"1141\" data-end=\"1153\">\ud83d\ude9a Env\u00edo<\/h3>\n<p data-start=\"1154\" data-end=\"1191\">Entrega en <strong data-start=\"1165\" data-end=\"1190\">1 a 3 d\u00edas laborables<\/strong>.<\/p>\n<h3 data-section-id=\"veru99\" data-start=\"1193\" data-end=\"1222\">\u26a0\ufe0f Informaci\u00f3n importante<\/h3>\n<p data-start=\"1223\" data-end=\"1428\" data-is-last-node=\"\" data-is-only-node=\"\">Los complementos alimenticios no deben utilizarse como sustituto de una dieta equilibrada y un estilo de vida saludable.<br data-start=\"1343\" data-end=\"1346\" \/>No superar la dosis diaria recomendada.<br data-start=\"1385\" data-end=\"1388\" \/>Mantener fuera del alcance de los ni\u00f1os.<\/p>\n<\/div>\n<\/div>\n<\/div>\n<\/div>\n<div class=\"z-0 flex min-h-[46px] justify-start\"><\/div>\n<div class=\"mt-3 w-full empty:hidden\">\n<div class=\"text-center\"><\/div>\n<\/div>\n<\/div>\n<\/div>\n<\/section>\n<div class=\"pointer-events-none -mt-px h-px translate-y-[calc(var(--scroll-root-safe-area-inset-bottom)-14*var(--spacing))]\" aria-hidden=\"true\"><\/div>\n","protected":false},"excerpt":{"rendered":"<p>Potencia tu rendimiento y recuperaci\u00f3n con Optimum Nutrition Gold Standard 100% Whey, una de las prote\u00ednas m\u00e1s reconocidas y vendidas del mundo. Su f\u00f3rmula avanzada combina aislado, concentrado e hidrolizado de prote\u00edna de suero para ofrecer una absorci\u00f3n r\u00e1pida y una excelente calidad nutricional. Ideal para deportistas, personas activas y cualquier persona que quiera aumentar [&hellip;]<\/p>\n","protected":false},"featured_media":4195,"comment_status":"open","ping_status":"closed","template":"","meta":[],"product_brand":[],"product_cat":[158],"product_tag":[],"class_list":{"0":"post-4189","1":"product","2":"type-product","3":"status-publish","4":"has-post-thumbnail","6":"product_cat-proteinas","8":"first","9":"instock","10":"taxable","11":"shipping-taxable","12":"purchasable","13":"product-type-variable"},"aioseo_notices":[],"_links":{"self":[{"href":"https:\/\/onemoreup.es\/en\/wp-json\/wp\/v2\/product\/4189","targetHints":{"allow":["GET"]}}],"collection":[{"href":"https:\/\/onemoreup.es\/en\/wp-json\/wp\/v2\/product"}],"about":[{"href":"https:\/\/onemoreup.es\/en\/wp-json\/wp\/v2\/types\/product"}],"replies":[{"embeddable":true,"href":"https:\/\/onemoreup.es\/en\/wp-json\/wp\/v2\/comments?post=4189"}],"wp:featuredmedia":[{"embeddable":true,"href":"https:\/\/onemoreup.es\/en\/wp-json\/wp\/v2\/media\/4195"}],"wp:attachment":[{"href":"https:\/\/onemoreup.es\/en\/wp-json\/wp\/v2\/media?parent=4189"}],"wp:term":[{"taxonomy":"product_brand","embeddable":true,"href":"https:\/\/onemoreup.es\/en\/wp-json\/wp\/v2\/product_brand?post=4189"},{"taxonomy":"product_cat","embeddable":true,"href":"https:\/\/onemoreup.es\/en\/wp-json\/wp\/v2\/product_cat?post=4189"},{"taxonomy":"product_tag","embeddable":true,"href":"https:\/\/onemoreup.es\/en\/wp-json\/wp\/v2\/product_tag?post=4189"}],"curies":[{"name":"wp","href":"https:\/\/api.w.org\/{rel}","templated":true}]}}