{"id":575,"date":"2025-07-23T09:17:59","date_gmt":"2025-07-23T09:17:59","guid":{"rendered":"https:\/\/onemoreup.es\/?post_type=product&#038;p=575"},"modified":"2025-09-25T08:41:07","modified_gmt":"2025-09-25T08:41:07","slug":"alta-calidad-suplemento-proteina-sabores","status":"publish","type":"product","link":"https:\/\/onemoreup.es\/en\/tienda\/alta-calidad-suplemento-proteina-sabores\/","title":{"rendered":"High quality protein supplement flavors"},"content":{"rendered":"<p>AS American Supplement<\/p>\n<p>Premium Whey Protein<\/p>\n<p>Whey Protein<\/p>\n<p>Increase Muscle Mass<\/p>\n<p>High Protein Concentration WPC80<\/p>\n<p>Kyowa Quality<\/p>\n<p>Format: 2 kg, Watermelon<\/p>\n<p><span class=\"a-list-item\">BOOST YOUR MUSCLE MASS: Give your muscles the quality protein they need for muscle mass with our 2kg whey protein, designed to stimulate muscle growth. It contains a high concentration of WPC80 protein (2kg\/1kg), which will efficiently ensure hypertrophy, so you&#039;ll notice an increase in lean muscle mass in a matter of weeks.<\/span><\/p>\n<p><span class=\"a-list-item\">AVOID YOUR PESADLILLE: THE CATABOLISM: The highly recognized and reputable Kyowa Quality L-Glutamine, present in our protein powders for gaining muscle mass, prevents catabolism and ensures that your muscle gains remain intact. Unlike others, our unique formula increases your lean mass and at the same time acts as a muscle recovery aid.<\/span><\/p>\n<p><span class=\"a-list-item\">SUAVE AND AUTHENTIC FLAVORS: We understand how important the flavor of your protein powder shakes is to you, so we&#039;ve created a range of exquisite flavors for this whey protein, with a delicate, realistic taste and most importantly, not cloying! It&#039;s the perfect protein powder for creating delicious recipes!<\/span><\/p>\n<p><span class=\"a-list-item\">EASY DIGESTION, NO UPSET: Experience trouble-free digestion with our premium whey protein, designed to prevent stomach upset and provide a light and easy digestion experience. Enjoy your gym workouts worry-free with our protein powder!<\/span><\/p>\n<p><span class=\"a-list-item\">TRUSTED BY OUR COMMUNITY: Join thousands of satisfied customers who have transformed their physiques with our protein shake. Our commitment to quality and customer satisfaction has made us the most reliable choice for those seeking real results at a great price. Whey protein powder manufactured in Spain<\/span><\/p>\n<p>Delivery time: Due to high demand for this product, delivery times are usually 2 to 8 business days via MRW<\/p>\n<p>&nbsp;<\/p>","protected":false},"excerpt":{"rendered":"<p>AS American Suplement Premium Whey Protein Prote\u00edna de Suero de Leche Aumentar Masa Muscular Alta Concentraci\u00f3n de Prote\u00edna WPC80 Kyowa Quality Formato: 2 kg, Sand\u00eda \ud835\udc00\ud835\udc14\ud835\udc0c\ud835\udc04\ud835\udc0d\ud835\udc13\ud835\udc00 \ud835\udc13\ud835\udc14 \ud835\udc0c\ud835\udc00\ud835\udc12\ud835\udc00 \ud835\udc0c\ud835\udc14\ud835\udc12\ud835\udc02\ud835\udc14\ud835\udc0b\ud835\udc00\ud835\udc11 : Ap\u00f3rtale a tus m\u00fasculos las proteinas para masa muscular de calidad necesarias con nuestra proteina whey 2kg dise\u00f1ada para estimular el crecimiento muscular. Contiene WPC80 [&hellip;]<\/p>\n","protected":false},"featured_media":582,"comment_status":"open","ping_status":"closed","template":"","meta":[],"product_brand":[],"product_cat":[18,158],"product_tag":[],"class_list":{"0":"post-575","1":"product","2":"type-product","3":"status-publish","4":"has-post-thumbnail","6":"product_cat-complementacion-alimentaria","7":"product_cat-proteinas","9":"first","10":"instock","11":"taxable","12":"shipping-taxable","13":"purchasable","14":"product-type-variable"},"aioseo_notices":[],"_links":{"self":[{"href":"https:\/\/onemoreup.es\/en\/wp-json\/wp\/v2\/product\/575","targetHints":{"allow":["GET"]}}],"collection":[{"href":"https:\/\/onemoreup.es\/en\/wp-json\/wp\/v2\/product"}],"about":[{"href":"https:\/\/onemoreup.es\/en\/wp-json\/wp\/v2\/types\/product"}],"replies":[{"embeddable":true,"href":"https:\/\/onemoreup.es\/en\/wp-json\/wp\/v2\/comments?post=575"}],"wp:featuredmedia":[{"embeddable":true,"href":"https:\/\/onemoreup.es\/en\/wp-json\/wp\/v2\/media\/582"}],"wp:attachment":[{"href":"https:\/\/onemoreup.es\/en\/wp-json\/wp\/v2\/media?parent=575"}],"wp:term":[{"taxonomy":"product_brand","embeddable":true,"href":"https:\/\/onemoreup.es\/en\/wp-json\/wp\/v2\/product_brand?post=575"},{"taxonomy":"product_cat","embeddable":true,"href":"https:\/\/onemoreup.es\/en\/wp-json\/wp\/v2\/product_cat?post=575"},{"taxonomy":"product_tag","embeddable":true,"href":"https:\/\/onemoreup.es\/en\/wp-json\/wp\/v2\/product_tag?post=575"}],"curies":[{"name":"wp","href":"https:\/\/api.w.org\/{rel}","templated":true}]}}