{"id":998,"date":"2025-08-05T09:41:21","date_gmt":"2025-08-05T09:41:21","guid":{"rendered":"https:\/\/onemoreup.es\/?post_type=product&#038;p=998"},"modified":"2025-09-25T08:40:19","modified_gmt":"2025-09-25T08:40:19","slug":"magnesio-citrato","status":"publish","type":"product","link":"https:\/\/onemoreup.es\/en\/tienda\/magnesio-citrato\/","title":{"rendered":"Magnesium Citrate"},"content":{"rendered":"<p>Magnesium Citrate 2272 mg per Daily Dose \u2013 180 Capsules | Ultra High Dose of Pure Magnesium for Energy, Fatigue, and Muscles | Inatur Natural Supplement<\/p>\n<p><span class=\"a-list-item\">Inatur Magnesium Citrate is a supplement containing 2,272 mg of magnesium citrate per three capsules (recommended daily dose of 2-3 capsules). It is designed to provide energy to the body and support healthy muscles and bones through the properties of the mineral magnesium citrate. The supply is sufficient for 2-3 months.<\/span><\/p>\n<p><span class=\"a-list-item\">DOSAGE: With two-three capsules a day you will obtain the necessary dose of magnesium citrate to give energy to your body and promote the health of bones and muscles.<\/span><\/p>\n<p><span class=\"a-list-item\">BENEFITS: Magnesium contributes to the normal functioning of the nervous system and muscles, and to the maintenance of normal bones. Magnesium helps reduce tiredness and fatigue.<\/span><\/p>\n<p><span class=\"a-list-item\">Inatur Magnesium Citrate 2,272 mg is a natural, easy-to-swallow, gluten-free, lactose-free, and preservative-free vitamin and mineral complex made with the finest natural, non-GMO ingredients. Developed under a controlled and certified process, adhering to the strictest quality protocols from start to finish.<\/span><\/p>\n<p><span class=\"a-list-item\">INATUR is a brand developed by a laboratory with over 20 years of experience in the sector. A leader in the production of food supplements, cosmetics, and veterinary supplements.<\/span><\/p>\n<p>&nbsp;<\/p>\n<p>Delivery time: 1 to 3 working days via MRW<\/p>","protected":false},"excerpt":{"rendered":"<p>Magnesio Citrato 2272 mg por Dosis Diaria \u2013 180 C\u00e1psulas | Dosis Ultra Alta de Magnesio Puro para Energ\u00eda, Cansancio y M\u00fasculos | Inatur Suplemento Natural Citrato de Magnesio Inatur es un complemento con 2.272 mg de citrato de magnesio cada TRES c\u00e1psulas (DOSIS DIARIA RECOMENDADA DE 2-3 CAPSULAS) indicado para dotar de energ\u00eda al [&hellip;]<\/p>\n","protected":false},"featured_media":1000,"comment_status":"open","ping_status":"closed","template":"","meta":[],"product_brand":[],"product_cat":[18,162],"product_tag":[],"class_list":{"0":"post-998","1":"product","2":"type-product","3":"status-publish","4":"has-post-thumbnail","6":"product_cat-complementacion-alimentaria","7":"product_cat-suplementacion-y-vitaminas","9":"first","10":"instock","11":"taxable","12":"shipping-taxable","13":"purchasable","14":"product-type-simple"},"aioseo_notices":[],"_links":{"self":[{"href":"https:\/\/onemoreup.es\/en\/wp-json\/wp\/v2\/product\/998","targetHints":{"allow":["GET"]}}],"collection":[{"href":"https:\/\/onemoreup.es\/en\/wp-json\/wp\/v2\/product"}],"about":[{"href":"https:\/\/onemoreup.es\/en\/wp-json\/wp\/v2\/types\/product"}],"replies":[{"embeddable":true,"href":"https:\/\/onemoreup.es\/en\/wp-json\/wp\/v2\/comments?post=998"}],"wp:featuredmedia":[{"embeddable":true,"href":"https:\/\/onemoreup.es\/en\/wp-json\/wp\/v2\/media\/1000"}],"wp:attachment":[{"href":"https:\/\/onemoreup.es\/en\/wp-json\/wp\/v2\/media?parent=998"}],"wp:term":[{"taxonomy":"product_brand","embeddable":true,"href":"https:\/\/onemoreup.es\/en\/wp-json\/wp\/v2\/product_brand?post=998"},{"taxonomy":"product_cat","embeddable":true,"href":"https:\/\/onemoreup.es\/en\/wp-json\/wp\/v2\/product_cat?post=998"},{"taxonomy":"product_tag","embeddable":true,"href":"https:\/\/onemoreup.es\/en\/wp-json\/wp\/v2\/product_tag?post=998"}],"curies":[{"name":"wp","href":"https:\/\/api.w.org\/{rel}","templated":true}]}}